{"id":5686,"date":"2024-09-10T19:57:57","date_gmt":"2024-09-10T16:57:57","guid":{"rendered":"https:\/\/fitex.gr\/?post_type=product&#038;p=5686"},"modified":"2026-04-04T23:14:19","modified_gmt":"2026-04-04T20:14:19","slug":"x-2055-sredstvo-za-ciscenje-pistolja-za-farbanje","status":"publish","type":"product","link":"https:\/\/fitex.gr\/sr\/\u043f\u0440\u043e\u0438\u0437\u0432\u043e\u0434\/x-2055-sredstvo-za-ciscenje-pistolja-za-farbanje\/","title":{"rendered":"X-2055 sredstvo za \u010di\u0161\u0107enje pi\u0161tolja za farbanje"},"content":{"rendered":"<p>1. Ispunjava zahteve ameri\u010dke specifikacije MIL-R-83936 A<br \/>\nTip I klasa II i Tip II klasa II.<br \/>\n2. Nagriza sve vrste boja, kao i epoksidne<br \/>\nboje i poliuretane.<br \/>\n3. Bezbedan je za aluminijum, magnezijum, kadmijum, gvo\u017e\u0111e i generalno za<br \/>\nsve metale. Ne napada anodizaciju.<br \/>\n4. Efikasno uklanja ostatke sagorevanja (naslage ugljenika)<br \/>\nsa klipova &#8211; ventila &#8211; mlaznica, glava cilindara itd.<br \/>\n<span style=\"color: #ff0000\"><strong>Na\u010din upotrebe.<\/strong><\/span><br \/>\nProizvod se koristi samo potapanjem i na sobnoj<br \/>\ntemperaturi.<\/p>\n<p>Predmeti se stavljaju u te\u010dnost i vodi se ra\u010duna da<br \/>\nsu potpuno uronjeni u donji sloj, koji je tako\u0111e<br \/>\naktivni sloj.<\/p>\n<p>Gornji sloj, koji sadr\u017ei inhibitore korozije metala, posebne aditive, katalizatore itd., izme\u0111u ostalog, spre\u010dava isparavanje isparljivog rastvara\u010da donjeg sloja, koji je aktivni.<br \/>\nKada se koristi za uklanjanje boje, predmeti se ostavljaju dok boja ne nabubri.<br \/>\n<strong><span style=\"color: #ff0000\">Za pi\u0161tolje za farbanje 3-10 minuta.<\/span><\/strong><br \/>\nZa rastavljene karburatore 10-15 minuta.<br \/>\nZa motore, kape, ventile, klipove, injektore itd., vreme zadr\u017eavanja zavisi od debljine karbonizacije (obi\u010dno 2-6 sati).<br \/>\nZa klipove automobila i motocikala do 24 sata.<br \/>\nU te\u0161kim slu\u010dajevima, mo\u017ee biti potrebno ostaviti predmete u rastvoru 24 sata.<br \/>\nNakon toga sledi ispiranje vodom pod pritiskom. Mere predostro\u017enosti. Sadr\u017ei fenol i hlorisane ugljovodonike i stoga treba izbegavati kontakt sa o\u010dima i ko\u017eom.<br \/>\nU slu\u010daju kontakta, isprati sa dosta vode<\/p>\n<p>&nbsp;<\/p>\n","protected":false},"excerpt":{"rendered":"<p>&nbsp;<\/p>\n<p>X-2055 te\u010dnost za CISCENJE\u00a0 pi\u0161tolja za farbanje.<\/p>\n<p>Te\u010dno sredstvo za uklanjanje ugljenika i boje u rezervoaru, bezbedno za sve metale, koje bezbedno i efikasno uklanja ugljenik i boju sa delova od \u010delika i obojenih metala.<\/p>\n","protected":false},"featured_media":975,"template":"","meta":[],"product_brand":[],"product_cat":[48],"product_tag":[],"class_list":{"0":"post-5686","1":"product","2":"type-product","3":"status-publish","4":"has-post-thumbnail","6":"product_cat-sredstva-za-ciscenje","8":"first","9":"onbackorder","10":"taxable","11":"shipping-taxable","12":"product-type-simple"},"_links":{"self":[{"href":"https:\/\/fitex.gr\/sr\/wp-json\/wp\/v2\/product\/5686","targetHints":{"allow":["GET"]}}],"collection":[{"href":"https:\/\/fitex.gr\/sr\/wp-json\/wp\/v2\/product"}],"about":[{"href":"https:\/\/fitex.gr\/sr\/wp-json\/wp\/v2\/types\/product"}],"wp:featuredmedia":[{"embeddable":true,"href":"https:\/\/fitex.gr\/sr\/wp-json\/wp\/v2\/media\/975"}],"wp:attachment":[{"href":"https:\/\/fitex.gr\/sr\/wp-json\/wp\/v2\/media?parent=5686"}],"wp:term":[{"taxonomy":"product_brand","embeddable":true,"href":"https:\/\/fitex.gr\/sr\/wp-json\/wp\/v2\/product_brand?post=5686"},{"taxonomy":"product_cat","embeddable":true,"href":"https:\/\/fitex.gr\/sr\/wp-json\/wp\/v2\/product_cat?post=5686"},{"taxonomy":"product_tag","embeddable":true,"href":"https:\/\/fitex.gr\/sr\/wp-json\/wp\/v2\/product_tag?post=5686"}],"curies":[{"name":"wp","href":"https:\/\/api.w.org\/{rel}","templated":true}]}}