{"id":5685,"date":"2025-05-07T15:19:41","date_gmt":"2025-05-07T12:19:41","guid":{"rendered":"https:\/\/fitex.gr\/?post_type=product&#038;p=5685"},"modified":"2026-04-04T22:42:24","modified_gmt":"2026-04-04T19:42:24","slug":"x-2055-odstranjivac-boje","status":"publish","type":"product","link":"https:\/\/fitex.gr\/sr\/\u043f\u0440\u043e\u0438\u0437\u0432\u043e\u0434\/x-2055-odstranjivac-boje\/","title":{"rendered":"X-2055 odstranjiva\u010d boje"},"content":{"rendered":"<p><span style=\"color: #ff0000\"><strong>Primena<\/strong><\/span><\/p>\n<p>X-2025 se primenjuje uglavnom za uklanjanje premaza boje sa to\u010dkova stajnog trapa aviona.<\/p>\n<p>Odli\u010dan je za uklanjanje vec\u0301ine vrsta premaza boje kao \u0161to su poliuretan, epoksidi, nitroceluloza itd.<\/p>\n<p>X-2025, osim boje, uklanja i naslage ugljenika, ulja, masti itd.<\/p>\n<p>&nbsp;<\/p>\n<p><span style=\"color: #ff0000\"><strong>Upotreba<\/strong><\/span><\/p>\n<p>X-2025 se koristi samo hladno i potapanjem.<\/p>\n<p>Delovi koji se skidaju moraju biti potpuno potopljeni u donji sloj.<\/p>\n<p>Vec\u0301ina\u00a0 boja c\u0301e se ukloniti prili\u010dno lako, ali veoma otporne vrste mogu zahtevati nekoliko sati namakanja.<\/p>\n<p>Nakon namakanja, delovi se moraju isprati vodom pod pritiskom.<\/p>\n<p><span style=\"color: #ff0000\"><strong>Svojstva proizvoda<\/strong><\/span><\/p>\n<p>Izgled: Te\u010dnost sa dva sloja<\/p>\n<p>pH (donji sloj): &gt; 10<\/p>\n<p><span style=\"color: #ff0000\"><strong>Kompatibilnost:<\/strong><\/span> Ne korodira metale.<\/p>\n<p>Mo\u017ee da osteti gume.<\/p>\n<p><span style=\"color: #ff0000\"><strong>Op\u0161te informacije<\/strong><\/span><\/p>\n<p>Za izradu rezervoara preporu\u010duje se meki \u010delik ili ner\u0111ajuc\u0301i \u010delik.<\/p>\n<p>Gornji sloj je vodeni rastvor koji sadr\u017ei sredstva protiv korozije, posebne aditive itd.<\/p>\n<p>Vodeni rastvor gornjeg sloja spre\u010dava isparavanje donjeg sloja koje je najdrasti\u010dnije.<\/p>\n<p>Dodajte vodu kako biste smanjili gubitak gornjeg sloja usled izvla\u010denja.<\/p>\n","protected":false},"excerpt":{"rendered":"<p>X-2025 SREDSTVO ZA UKLANJANJE BOJE<\/p>\n<p>i svih vrsta premaza s metalnih, drvenih i betonskih povr\u0161ina.<\/p>\n<p>X-2025 je jako sredstvo za skidanje boje sa aviona\u00a0 u te\u010dnom obliku sa dva sloja koje ispunjava zahteve MIL-R-83936 A Tip I, klasa II i Tip II, klasa II i BOEING DOKUMENTA D6-17 487.<\/p>\n<p>&nbsp;<\/p>\n","protected":false},"featured_media":971,"template":"","meta":[],"product_brand":[],"product_cat":[48],"product_tag":[],"class_list":{"0":"post-5685","1":"product","2":"type-product","3":"status-publish","4":"has-post-thumbnail","6":"product_cat-sredstva-za-ciscenje","8":"first","9":"instock","10":"taxable","11":"shipping-taxable","12":"product-type-simple"},"_links":{"self":[{"href":"https:\/\/fitex.gr\/sr\/wp-json\/wp\/v2\/product\/5685","targetHints":{"allow":["GET"]}}],"collection":[{"href":"https:\/\/fitex.gr\/sr\/wp-json\/wp\/v2\/product"}],"about":[{"href":"https:\/\/fitex.gr\/sr\/wp-json\/wp\/v2\/types\/product"}],"wp:featuredmedia":[{"embeddable":true,"href":"https:\/\/fitex.gr\/sr\/wp-json\/wp\/v2\/media\/971"}],"wp:attachment":[{"href":"https:\/\/fitex.gr\/sr\/wp-json\/wp\/v2\/media?parent=5685"}],"wp:term":[{"taxonomy":"product_brand","embeddable":true,"href":"https:\/\/fitex.gr\/sr\/wp-json\/wp\/v2\/product_brand?post=5685"},{"taxonomy":"product_cat","embeddable":true,"href":"https:\/\/fitex.gr\/sr\/wp-json\/wp\/v2\/product_cat?post=5685"},{"taxonomy":"product_tag","embeddable":true,"href":"https:\/\/fitex.gr\/sr\/wp-json\/wp\/v2\/product_tag?post=5685"}],"curies":[{"name":"wp","href":"https:\/\/api.w.org\/{rel}","templated":true}]}}