{"id":5684,"date":"2024-09-10T19:57:51","date_gmt":"2024-09-10T16:57:51","guid":{"rendered":"https:\/\/fitex.gr\/?post_type=product&#038;p=5684"},"modified":"2026-03-30T21:30:29","modified_gmt":"2026-03-30T18:30:29","slug":"pv-x-cleaner","status":"publish","type":"product","link":"https:\/\/fitex.gr\/sr\/\u043f\u0440\u043e\u0438\u0437\u0432\u043e\u0434\/pv-x-cleaner\/","title":{"rendered":"PV X CLEANER"},"content":{"rendered":"<p><span style=\"color: #ff0000\"><strong>Prednosti<\/strong><\/span><\/p>\n<p>a) Prakti\u010dno je nezapaljiv.<\/p>\n<p>b) Ne sadr\u017ei naftu i hlorisane rastvara\u010de.<\/p>\n<p>c) Nema neprijatan miris i bezbedan je za osoblje tokom upotrebe.<\/p>\n<p>d) Bezbedan je za sve metale, uklju\u010dujuc\u0301i osetljive<\/p>\n<p>metale kao \u0161to su aluminijum, kalaj, magnezijum itd.<\/p>\n<p>e) Bezbedan je za plasti\u010dne delove i farbane povr\u0161ine.<\/p>\n<p><span style=\"color: #ff0000\"><strong>Upotreba<\/strong><\/span><\/p>\n<p>PV-X CLEANER efikasno uklanja ulja, blat, pra\u0161inu, atmosferske<\/p>\n<p>zaga\u0111iva\u010de itd. i generalno sve zaga\u0111iva\u010de koji se nalaze na fotonaponskim sistemima.<\/p>\n<p>Nanosi se sprejom ili \u010detkom.<\/p>\n<p>Koristi se kakav jeste ili razbla\u017een vodom u odnosu 2-5% u zavisnosti od zaga\u0111enja.<\/p>\n<p>Ostavljamo da rastvor deluje nekoliko minuta, a zatim isperemo vodom pod pritiskom.<\/p>\n<p><span style=\"color: #ff0000\"><strong>Mere predostro\u017enosti:<\/strong><\/span><br \/>\nIzbegavajte kontakt sa o\u010dima i ko\u017eom. Za vi\u0161e informacija pogledajte Bezbednosni list materijala (MSDS).<\/p>\n","protected":false},"excerpt":{"rendered":"<p><strong>PV-X-CLEANER<\/strong> SREDSTVO ZA \u010cI\u0160C\u0301ENJE FOTONAPONSKIH SOLARNIH PANELA.<\/p>\n<p>PV X je visoko koncentrovani te\u010dni proizvod i pripada novoj generaciji sredstava za \u010di\u0161c\u0301enje-odma\u0161c\u0301ivanje bez hlorisanih i naftnih rastvara\u010da,<\/p>\n<p>i idealno je za \u010di\u0161c\u0301enje fotonaponskih sistema.<\/p>\n<p>&nbsp;<\/p>\n","protected":false},"featured_media":931,"template":"","meta":[],"product_brand":[],"product_cat":[48],"product_tag":[],"class_list":{"0":"post-5684","1":"product","2":"type-product","3":"status-publish","4":"has-post-thumbnail","6":"product_cat-sredstva-za-ciscenje","8":"first","9":"onbackorder","10":"taxable","11":"shipping-taxable","12":"product-type-simple"},"_links":{"self":[{"href":"https:\/\/fitex.gr\/sr\/wp-json\/wp\/v2\/product\/5684","targetHints":{"allow":["GET"]}}],"collection":[{"href":"https:\/\/fitex.gr\/sr\/wp-json\/wp\/v2\/product"}],"about":[{"href":"https:\/\/fitex.gr\/sr\/wp-json\/wp\/v2\/types\/product"}],"wp:featuredmedia":[{"embeddable":true,"href":"https:\/\/fitex.gr\/sr\/wp-json\/wp\/v2\/media\/931"}],"wp:attachment":[{"href":"https:\/\/fitex.gr\/sr\/wp-json\/wp\/v2\/media?parent=5684"}],"wp:term":[{"taxonomy":"product_brand","embeddable":true,"href":"https:\/\/fitex.gr\/sr\/wp-json\/wp\/v2\/product_brand?post=5684"},{"taxonomy":"product_cat","embeddable":true,"href":"https:\/\/fitex.gr\/sr\/wp-json\/wp\/v2\/product_cat?post=5684"},{"taxonomy":"product_tag","embeddable":true,"href":"https:\/\/fitex.gr\/sr\/wp-json\/wp\/v2\/product_tag?post=5684"}],"curies":[{"name":"wp","href":"https:\/\/api.w.org\/{rel}","templated":true}]}}