{"id":5683,"date":"2024-09-10T19:58:01","date_gmt":"2024-09-10T16:58:01","guid":{"rendered":"https:\/\/fitex.gr\/?post_type=product&#038;p=5683"},"modified":"2026-03-30T21:21:01","modified_gmt":"2026-03-30T18:21:01","slug":"salt-x-cleaner","status":"publish","type":"product","link":"https:\/\/fitex.gr\/sr\/\u043f\u0440\u043e\u0438\u0437\u0432\u043e\u0434\/salt-x-cleaner\/","title":{"rendered":"Salt X Cleaner"},"content":{"rendered":"<p><strong>Salt X Cleaner<\/strong> je te\u010dno sredstvo za \u010di\u0161c\u0301enje, uklanjanje kamenca i blistavih naslaga koje se koristi za \u010di\u0161c\u0301enje plo\u010dica, kuhinjskih i kupatilskih slavina itd.<\/p>\n<p><span style=\"color: #ff0000\"><strong>Upotreba<\/strong><\/span><\/p>\n<p><strong>Salt X Cleaner<\/strong> je vi\u0161enamensko sredstvo za \u010di\u0161c\u0301enje koje se koristi za uklanjanje kamenca i mrlja sa slavina, sudopere, kada, plo\u010dica, ner\u0111ajuc\u0301eg \u010delika, porcelana, stakla itd.<\/p>\n<p>Ne uti\u010de na hromirane povr\u0161ine.<\/p>\n<p><strong>Salt X Cleaner<\/strong> se koristi nerazbla\u017een ili razbla\u017een 50% u vodi.<\/p>\n<p><strong><span style=\"color: #ff0000\">Primene<\/span><\/strong><\/p>\n<p>U slu\u010dajevima kada postoje velike koli\u010dine kamenca, koristite<strong> Salt X Cleaner<\/strong> nerazbla\u017een prskanjem.<\/p>\n<p>Ostavite da sredstvo deluje 2 minuta, a zatim isperite sa dosta vode. NE TREBA TRLJATI.<\/p>\n<p><strong>Salt X Cleaner<\/strong> ostavlja povr\u0161ine \u010distim i sjajnim i ne dozvoljava im da postanu mat.<\/p>\n","protected":false},"excerpt":{"rendered":"<p>&nbsp;<\/p>\n<p>Specijalno te\u010dno sredstvo za uklanjanje kamenca za uklanjanje naslaga soli sa slavina za vodu,<\/p>\n<p>umivaonika, emajliranih povr\u0161ina i ner\u0111ajuc\u0301eg \u010delika.<\/p>\n<p>Trljanje nije potrebno.<\/p>\n<p>&nbsp;<\/p>\n","protected":false},"featured_media":999,"template":"","meta":[],"product_brand":[],"product_cat":[48],"product_tag":[],"class_list":{"0":"post-5683","1":"product","2":"type-product","3":"status-publish","4":"has-post-thumbnail","6":"product_cat-sredstva-za-ciscenje","8":"first","9":"instock","10":"taxable","11":"shipping-taxable","12":"product-type-simple"},"_links":{"self":[{"href":"https:\/\/fitex.gr\/sr\/wp-json\/wp\/v2\/product\/5683","targetHints":{"allow":["GET"]}}],"collection":[{"href":"https:\/\/fitex.gr\/sr\/wp-json\/wp\/v2\/product"}],"about":[{"href":"https:\/\/fitex.gr\/sr\/wp-json\/wp\/v2\/types\/product"}],"wp:featuredmedia":[{"embeddable":true,"href":"https:\/\/fitex.gr\/sr\/wp-json\/wp\/v2\/media\/999"}],"wp:attachment":[{"href":"https:\/\/fitex.gr\/sr\/wp-json\/wp\/v2\/media?parent=5683"}],"wp:term":[{"taxonomy":"product_brand","embeddable":true,"href":"https:\/\/fitex.gr\/sr\/wp-json\/wp\/v2\/product_brand?post=5683"},{"taxonomy":"product_cat","embeddable":true,"href":"https:\/\/fitex.gr\/sr\/wp-json\/wp\/v2\/product_cat?post=5683"},{"taxonomy":"product_tag","embeddable":true,"href":"https:\/\/fitex.gr\/sr\/wp-json\/wp\/v2\/product_tag?post=5683"}],"curies":[{"name":"wp","href":"https:\/\/api.w.org\/{rel}","templated":true}]}}