{"id":5682,"date":"2024-09-10T19:57:49","date_gmt":"2024-09-10T16:57:49","guid":{"rendered":"https:\/\/fitex.gr\/?post_type=product&#038;p=5682"},"modified":"2026-03-30T21:15:03","modified_gmt":"2026-03-30T18:15:03","slug":"pipe-x-cleaner","status":"publish","type":"product","link":"https:\/\/fitex.gr\/sr\/\u043f\u0440\u043e\u0438\u0437\u0432\u043e\u0434\/pipe-x-cleaner\/","title":{"rendered":"PIPE X CLEANER"},"content":{"rendered":"<p>&nbsp;<\/p>\n<p><span style=\"color: #ff0000\"><strong>PREDNOSTI<\/strong><\/span><\/p>\n<p>Ne izaziva isparenja.<\/p>\n<p>Ne crni re\u0161etku odvoda.<\/p>\n<p>Ne stvara mrlje u kontaktu sa niklovanim ventilima, sudoperom ili kadom.<\/p>\n<p>Ne o\u0161tec\u0301uje cevi.<br \/>\nElimini\u0161e mehani\u010dka sredstva (\u010depove, vodovodne zmije itd.).<\/p>\n<p><strong><span style=\"color: #ff0000\">PRIMENA<\/span><\/strong><\/p>\n<p>PIPE X CLEANER je neophodan za odvodne<\/p>\n<p>sisteme kuc\u0301a, restorana, hotela, bolnica,<\/p>\n<p>fabrika itd. Koristi se u sudoperama, kadama, tu\u0161evima, lavaboima, podnim odvodima.<\/p>\n<p><strong><span style=\"color: #ff0000\">UPOTREBA<\/span><\/strong><\/p>\n<p>Priprema za nano\u0161enje: Nakon no\u0161enja plasti\u010dnih rukavica i za\u0161titnih nao\u010dara, dr\u017eite i osigurajte posudu u vertikalnom polo\u017eaju. Zatim pritisnite poseban sigurnosni poklopac, okrec\u0301uc\u0301i ga da biste ga otvorili. <span style=\"color: #ff0000\"><strong>Nano\u0161enje:<\/strong> <\/span>Uklonite \u0161to je vi\u0161e moguc\u0301e stajac\u0301e vode (ako je ima) iz sudopera ili umivaonika. Ispraznite pribli\u017eno 500-1.000 ml za trenutno od\u010depljivanje za\u010depljenih odvoda i cevi, a polovinu koli\u010dine za odr\u017eavanje (periodi\u010dna upotreba). Ostavite da deluje pribli\u017eno 20 minuta i pustite da te\u010de dosta vruc\u0301e vode. Preporu\u010duje se da se prostorija provetri, zbog mirisa koji se javljaju tokom upotrebe.<\/p>\n<p>&nbsp;<\/p>\n<p><span style=\"color: #ff0000\"><strong>KORISNI SAVETI \u2013 NAPOMENE \u2022<\/strong><\/span><\/p>\n<p>Uputstva za upotrebu i mere predostro\u017enosti navedene na pakovanju moraju se pa\u017eljivo pratiti. \u2022 Ne koristiti u kombinaciji sa drugim proizvodima<strong>. POTRO\u0160NJA<\/strong> 500-1.000 ml, u zavisnosti od pre\u010dnika cevi i koli\u010dine akumuliranog otpada.<\/p>\n<p><strong><span style=\"color: #ff0000\">BEZBEDNOSNA UPUTSTVA<\/span><\/strong><\/p>\n<p>Proizvod je klasifikovan kao korozivan. Preporu\u010duje se da se dr\u017ei zaklju\u010dano, van doma\u0161aja dece i da se primenjuje u dobro provetrenim prostorijama. Pre upotrebe, pogledajte mere predostro\u017enosti na pakovanju proizvoda ili Bezbednosni list.<\/p>\n","protected":false},"excerpt":{"rendered":"<p>PIPE X CLEAN je te\u010dnost sa efikasnim dejstvom, u koncentrovanom obliku.<\/p>\n<p>Rastvara u roku od nekoliko minuta ostatke sapuna, \u010dekinje<\/p>\n<p>i organske masti iz kanalizacionih cevi, odr\u017eavajuc\u0301i ih \u010distim.<\/p>\n<p>Ne o\u0161tec\u0301uje sudopere od ner\u0111ajuc\u0301eg \u010delika i metalne<\/p>\n<p>sifone od bakra, olova, polietilena i PVC-a.<\/p>\n<p>Njegova periodi\u010dna upotreba smanjuje neprijatne mirise koji<\/p>\n<p>nastaju od ostataka na zidovima cevi.<\/p>\n","protected":false},"featured_media":923,"template":"","meta":[],"product_brand":[],"product_cat":[50],"product_tag":[],"class_list":{"0":"post-5682","1":"product","2":"type-product","3":"status-publish","4":"has-post-thumbnail","6":"product_cat-vodoinstalater","8":"first","9":"instock","10":"taxable","11":"shipping-taxable","12":"product-type-simple"},"_links":{"self":[{"href":"https:\/\/fitex.gr\/sr\/wp-json\/wp\/v2\/product\/5682","targetHints":{"allow":["GET"]}}],"collection":[{"href":"https:\/\/fitex.gr\/sr\/wp-json\/wp\/v2\/product"}],"about":[{"href":"https:\/\/fitex.gr\/sr\/wp-json\/wp\/v2\/types\/product"}],"wp:featuredmedia":[{"embeddable":true,"href":"https:\/\/fitex.gr\/sr\/wp-json\/wp\/v2\/media\/923"}],"wp:attachment":[{"href":"https:\/\/fitex.gr\/sr\/wp-json\/wp\/v2\/media?parent=5682"}],"wp:term":[{"taxonomy":"product_brand","embeddable":true,"href":"https:\/\/fitex.gr\/sr\/wp-json\/wp\/v2\/product_brand?post=5682"},{"taxonomy":"product_cat","embeddable":true,"href":"https:\/\/fitex.gr\/sr\/wp-json\/wp\/v2\/product_cat?post=5682"},{"taxonomy":"product_tag","embeddable":true,"href":"https:\/\/fitex.gr\/sr\/wp-json\/wp\/v2\/product_tag?post=5682"}],"curies":[{"name":"wp","href":"https:\/\/api.w.org\/{rel}","templated":true}]}}