{"id":3491,"date":"2024-09-10T19:56:59","date_gmt":"2024-09-10T16:56:59","guid":{"rendered":"https:\/\/fitex.gr\/?post_type=product&#038;p=3491"},"modified":"2025-04-07T21:50:30","modified_gmt":"2025-04-07T18:50:30","slug":"park-shine","status":"publish","type":"product","link":"https:\/\/fitex.gr\/sr\/\u043f\u0440\u043e\u0438\u0437\u0432\u043e\u0434\/park-shine\/","title":{"rendered":"Park Shine"},"content":{"rendered":"<p>&nbsp;<\/p>\n<p><strong>Preporu\u010duje se naro\u010dito kod starog mramora, jer mu vrac\u0301a izgubljeni sjaj. <\/strong><\/p>\n<p><strong>Pogodan je za unutra\u0161nju i spolja\u0161nju upotrebu, kao i za fasade zgrada, spomenike, statue itd<\/strong><\/p>\n<ol>\n<li><span style=\"color: #ff0000\"><strong> Priprema povr\u0161ine<\/strong><\/span><\/li>\n<\/ol>\n<p><strong>Stari mermer jednom o\u010di\u0161c\u0301en deterd\u017eentom X-MAR u potpunosti za\u0161tic\u0301en primjenom parketinisa.<\/strong><\/p>\n<ol start=\"2\">\n<li><span style=\"color: #ff0000\"><strong> Primjena<\/strong><\/span><\/li>\n<\/ol>\n<p><strong>Prostire se kakav jeste za \u010di\u0161\u0107enje povr\u0161ine mekom krpom bez dla\u010dica ili mekom spu\u017evom. Nakon \u0161to se osu\u0161i, povr\u0161inu lagano utrljajte suhom, mekom krpom za dodatni sjaj.<\/strong><\/p>\n<p><strong>1 \/ lt 8m\u00b2, u zavisnosti od povr\u0161ine.<\/strong><\/p>\n","protected":false},"excerpt":{"rendered":"<p><strong>Te\u010dnost za sjaj i za\u0161titu<\/strong><\/p>\n<p><strong>Te\u010dnost koja pru\u017ea izvanredan sjaj i za\u0161titu kod starih ili novih povr\u0161ina mermera, granita i Mat cotto rada, isti\u010duc\u0301i njihovu estetiku. <\/strong><\/p>\n<p><strong>Formira povr\u0161inski film koji nije klizav, antistati\u010dan je, prijatne arome i postaje apsolutno proziran kada se osu\u0161i.<\/strong><\/p>\n","protected":false},"featured_media":3489,"template":"","meta":[],"product_brand":[],"product_cat":[48],"product_tag":[],"class_list":{"0":"post-3491","1":"product","2":"type-product","3":"status-publish","4":"has-post-thumbnail","6":"product_cat-sredstva-za-ciscenje","8":"first","9":"instock","10":"taxable","11":"shipping-taxable","12":"product-type-simple"},"_links":{"self":[{"href":"https:\/\/fitex.gr\/sr\/wp-json\/wp\/v2\/product\/3491","targetHints":{"allow":["GET"]}}],"collection":[{"href":"https:\/\/fitex.gr\/sr\/wp-json\/wp\/v2\/product"}],"about":[{"href":"https:\/\/fitex.gr\/sr\/wp-json\/wp\/v2\/types\/product"}],"wp:featuredmedia":[{"embeddable":true,"href":"https:\/\/fitex.gr\/sr\/wp-json\/wp\/v2\/media\/3489"}],"wp:attachment":[{"href":"https:\/\/fitex.gr\/sr\/wp-json\/wp\/v2\/media?parent=3491"}],"wp:term":[{"taxonomy":"product_brand","embeddable":true,"href":"https:\/\/fitex.gr\/sr\/wp-json\/wp\/v2\/product_brand?post=3491"},{"taxonomy":"product_cat","embeddable":true,"href":"https:\/\/fitex.gr\/sr\/wp-json\/wp\/v2\/product_cat?post=3491"},{"taxonomy":"product_tag","embeddable":true,"href":"https:\/\/fitex.gr\/sr\/wp-json\/wp\/v2\/product_tag?post=3491"}],"curies":[{"name":"wp","href":"https:\/\/api.w.org\/{rel}","templated":true}]}}