{"id":3460,"date":"2024-09-10T19:57:43","date_gmt":"2024-09-10T16:57:43","guid":{"rendered":"https:\/\/fitex.gr\/?post_type=product&#038;p=3460"},"modified":"2025-02-15T22:54:05","modified_gmt":"2025-02-15T20:54:05","slug":"belcan-c-100-dezinfekciono-sredstvo-sredstvo-za-ciscenje","status":"publish","type":"product","link":"https:\/\/fitex.gr\/sr\/\u043f\u0440\u043e\u0438\u0437\u0432\u043e\u0434\/belcan-c-100-dezinfekciono-sredstvo-sredstvo-za-ciscenje\/","title":{"rendered":"BELCAN C-100 Dezinfekciono sredstvo \u2013 sredstvo za \u010di\u0161c\u0301enje"},"content":{"rendered":"<p>&nbsp;<\/p>\n<p><span style=\"color: #ff0000\"><strong>Upotreba:<\/strong><\/span><\/p>\n<p>Pogodan za dezinfekciju i \u010di\u0161c\u0301enje KLIMA URE\u0110AJA, KLIMA URE\u0110AJA automobila, \u0161kola, toaleta, sportskih objekata, kanti za smec\u0301e, privatnih i javnih prostora, prostora za kuc\u0301ne ljubimce, hotela, bolnica itd.<\/p>\n<p><span style=\"color: #ff0000\"><strong>ZA PROFESIONALNU UPOTREBU<\/strong><\/span><\/p>\n<p><span style=\"color: #ff0000\"><strong>Uputstva:<\/strong><\/span><\/p>\n<p>Nanesite rastvor na povr\u0161inu sun\u0111erom, \u010detkom, \u010distom krpom ili krpom. Tako\u0111e upotreba rastvora se mo\u017ee obaviti prskanjem. Ostavite proizvod 5 minuta i isperite po potrebi.<\/p>\n<p>&nbsp;<\/p>\n<p><span style=\"color: #ff0000\"><strong>DOZIRANJE:<\/strong><\/span><\/p>\n<p>Za svakodnevnu dezinfekciju i \u010di\u0161c\u0301enje, razbla\u017eite 25 ml proizvoda u 1 litru vode.<\/p>\n<p>&nbsp;<\/p>\n<p><span style=\"color: #ff0000\"><strong>ODOBRENJA:<\/strong><\/span><\/p>\n<p>Registrovan je:<\/p>\n<p>A) Na Dr\u017eavnoj op\u0161toj hemiji sa registarskim brojem 13941\/2009<\/p>\n<p>B) U E.O.F. sa brojem 53588 \/ 25-07-2011<\/p>\n","protected":false},"excerpt":{"rendered":"<p><span style=\"color: #ff0000\"><strong>Unistava:<\/strong><\/span><\/p>\n<p>Bakterije: Staphilococcus aureous, E-coll, Pseudomonas aeruginosa, Listeria monocitogenesCandida albigans, Streptococcus faeccalis.<br \/>\nGljive: Evrotes, gljive, kvasac.<\/p>\n<p>Ima sna\u017eno \u010di\u0161c\u0301enje i antiosmotsko dejstvo, pru\u017eajuc\u0301i visok nivo higijene. Stabilan je \u010dak i u tvrdoj vodi<\/p>\n","protected":false},"featured_media":891,"template":"","meta":[],"product_brand":[],"product_cat":[48],"product_tag":[],"class_list":{"0":"post-3460","1":"product","2":"type-product","3":"status-publish","4":"has-post-thumbnail","6":"product_cat-sredstva-za-ciscenje","8":"first","9":"instock","10":"taxable","11":"shipping-taxable","12":"product-type-simple"},"_links":{"self":[{"href":"https:\/\/fitex.gr\/sr\/wp-json\/wp\/v2\/product\/3460","targetHints":{"allow":["GET"]}}],"collection":[{"href":"https:\/\/fitex.gr\/sr\/wp-json\/wp\/v2\/product"}],"about":[{"href":"https:\/\/fitex.gr\/sr\/wp-json\/wp\/v2\/types\/product"}],"wp:featuredmedia":[{"embeddable":true,"href":"https:\/\/fitex.gr\/sr\/wp-json\/wp\/v2\/media\/891"}],"wp:attachment":[{"href":"https:\/\/fitex.gr\/sr\/wp-json\/wp\/v2\/media?parent=3460"}],"wp:term":[{"taxonomy":"product_brand","embeddable":true,"href":"https:\/\/fitex.gr\/sr\/wp-json\/wp\/v2\/product_brand?post=3460"},{"taxonomy":"product_cat","embeddable":true,"href":"https:\/\/fitex.gr\/sr\/wp-json\/wp\/v2\/product_cat?post=3460"},{"taxonomy":"product_tag","embeddable":true,"href":"https:\/\/fitex.gr\/sr\/wp-json\/wp\/v2\/product_tag?post=3460"}],"curies":[{"name":"wp","href":"https:\/\/api.w.org\/{rel}","templated":true}]}}