{"id":3447,"date":"2024-09-10T19:57:31","date_gmt":"2024-09-10T16:57:31","guid":{"rendered":"https:\/\/fitex.gr\/?post_type=product&#038;p=3447"},"modified":"2025-02-11T20:08:30","modified_gmt":"2025-02-11T18:08:30","slug":"wc-clean-sredstvo-za-ciscenje-i-dezinfekciju","status":"publish","type":"product","link":"https:\/\/fitex.gr\/sr\/\u043f\u0440\u043e\u0438\u0437\u0432\u043e\u0434\/wc-clean-sredstvo-za-ciscenje-i-dezinfekciju\/","title":{"rendered":"WC Clean Sredstvo za \u010di\u0161\u0107enje i dezinfekciju"},"content":{"rendered":"<div>\n<ul class=\"pdd_32c7by6 pdd_32c7by2\">\n<li>Sredstvo za \u010di\u0161\u0107enje i dezinfekciju<\/li>\n<li>Za efikasno \u010di\u0161\u0107enje WC \u0161olje i spre\u010dava pojavu kamenca<\/li>\n<li>Uni\u0161tava sve vrste bakterija i virusa<\/li>\n<\/ul>\n<\/div>\n<div>\n<div class=\"pdd_32c7by5\">\n<div>WC Clean gel\u00a0 je sredstvo za \u010di\u0161\u0107enje i dezinfekciju sa mirisom sve\u017eine. Koristi se za efikasno \u010di\u0161\u0107enje WC \u0161olje i spre\u010dava pojavu kamenca.\u00a0 WC Clean gel\u00a0 uni\u0161tava\u00a0 bakterije i virus i efikasno razgra\u0111uje tvrdokornu prljav\u0161tinu. Zahvaljuju\u0107i svojoj formuli odr\u017eava va\u0161u WC \u0161olju higijenski \u010distom i sigurnom.<\/div>\n<\/div>\n<\/div>\n<div><\/div>\n<div><span style=\"color: #ff0000\"><strong>Upotreba<\/strong><\/span><\/p>\n<div class=\"ac ev ig ih ii ij ik\" data-dmid=\"Napomena za upotrebu-content\">\n<div class=\"pdd_32c7by0\">\n<div>\n<div class=\"pdd_32c7by5\">\n<div>Naneti nerazre\u0111enu te\u010dnost ravnomerno ispod ivice WC \u0161olje (otprilike 70 ml). Ostavite da deluje oko 30 minuta kako bi uni\u0161tila kamenac i mikroorganizme. Ukoliko je potrebno, koristite \u010detku. Za tvrdokornu prljav\u0161tinu, ponovite proces ukoliko je potrebno. Koristiti kao dezinficijens samo unutar WC \u0161olje apliciranjem nerazre\u0111enog proizvoda.<\/div>\n<div><\/div>\n<div>OPERITE RUKE I IZLO\u017dENU KO\u017dU pre jela i posle upotrebe.<\/div>\n<div>Izbegavajte kontakt sa ko\u017eom i o\u010dima.<\/div>\n<div>SPRE\u010cITI KONTAKT SA HRANOM I POVR\u0160INAMA KOJE DOLAZE U KONTAKT SA HRANOM.<\/div>\n<div>Ne jesti i ne piti u toku kori\u0161\u0107enja proizvoda.<\/div>\n<div>Ne me\u0161ati sa izbeljiva\u010dima ili drugim sredstvima za \u010di\u0161\u0107enje, jer mo\u017ee dovesti do formiranja opasnog gasa hlora ili pregrevanja.<\/div>\n<div>Ukoliko vam je potreban medicinski savet, poka\u017eite lekaru ovu etiketu.<\/div>\n<div>Ne dovodite u kontakt sa bilo kojom drugom povr\u0161inom osim sa WC \u0161oljom<\/div>\n<\/div>\n<\/div>\n<div><span style=\"color: #ff0000\"><strong>\u010cuvati van doma\u0161aja dece<\/strong><\/span><\/div>\n<\/div>\n<\/div>\n<\/div>\n","protected":false},"excerpt":{"rendered":"<p><strong>WC CLEAN<\/strong> je poseban plavi te\u010dni proizvod sa veoma<br \/>\njakom sposobnosti \u010di\u0161c\u0301enja i dezodoriranja koja se<br \/>\n\u0161iroko\u00a0 koristi za kuc\u0301nu \/ industrijsku upotrebu kao WC \u0161olja<br \/>\n\u010dista\u010d. Sadr\u017ei specijalna dezinfekciona i aromati\u010dna sredstva<br \/>\naditive, surfaktanti, razni drugi specijalni aditivi,<br \/>\nkombinovanog efekta koji rezultira visokim stepenom \u010di\u0161c\u0301enja i<br \/>\ndezodorirajuc\u0301i kapacitet proizvoda.<\/p>\n","protected":false},"featured_media":3446,"template":"","meta":[],"product_brand":[],"product_cat":[48],"product_tag":[],"class_list":{"0":"post-3447","1":"product","2":"type-product","3":"status-publish","4":"has-post-thumbnail","6":"product_cat-sredstva-za-ciscenje","8":"first","9":"instock","10":"taxable","11":"shipping-taxable","12":"product-type-simple"},"_links":{"self":[{"href":"https:\/\/fitex.gr\/sr\/wp-json\/wp\/v2\/product\/3447","targetHints":{"allow":["GET"]}}],"collection":[{"href":"https:\/\/fitex.gr\/sr\/wp-json\/wp\/v2\/product"}],"about":[{"href":"https:\/\/fitex.gr\/sr\/wp-json\/wp\/v2\/types\/product"}],"wp:featuredmedia":[{"embeddable":true,"href":"https:\/\/fitex.gr\/sr\/wp-json\/wp\/v2\/media\/3446"}],"wp:attachment":[{"href":"https:\/\/fitex.gr\/sr\/wp-json\/wp\/v2\/media?parent=3447"}],"wp:term":[{"taxonomy":"product_brand","embeddable":true,"href":"https:\/\/fitex.gr\/sr\/wp-json\/wp\/v2\/product_brand?post=3447"},{"taxonomy":"product_cat","embeddable":true,"href":"https:\/\/fitex.gr\/sr\/wp-json\/wp\/v2\/product_cat?post=3447"},{"taxonomy":"product_tag","embeddable":true,"href":"https:\/\/fitex.gr\/sr\/wp-json\/wp\/v2\/product_tag?post=3447"}],"curies":[{"name":"wp","href":"https:\/\/api.w.org\/{rel}","templated":true}]}}