{"id":3386,"date":"2024-09-10T19:57:16","date_gmt":"2024-09-10T16:57:16","guid":{"rendered":"https:\/\/fitex.gr\/?post_type=product&#038;p=3386"},"modified":"2024-12-17T17:25:44","modified_gmt":"2024-12-17T15:25:44","slug":"2020-sprej-za-impregnaciju","status":"publish","type":"product","link":"https:\/\/fitex.gr\/sr\/\u043f\u0440\u043e\u0438\u0437\u0432\u043e\u0434\/2020-sprej-za-impregnaciju\/","title":{"rendered":"2020 sprej za impregnaciju"},"content":{"rendered":"<p>&nbsp;<\/p>\n<p>Svi tekstili i prirodne ko\u017ee su vodo-otporne posle nano\u0161enja <strong>2020 Waterproofing<\/strong> -a, a sprej je izuzetno koristan u ekstremnim vremenskim uslovima (jakim ki\u0161ama).<\/p>\n<p>&nbsp;<\/p>\n<p>\u0160atori, jedra od \u010damaca i ki\u0161obrani su za\u0161ti\u0107eni, kao i ki\u0161ne jakne, kabanice, zimska sportska ode\u0107a, ran\u010devi i cipele. Prosipanje kafe, \u010daja i drugih te\u010dnosti na za\u0161ti\u0107enu tkaninu se samo od sebe ukloni.<\/p>\n<p>&nbsp;<\/p>\n<p><strong>2020 Waterproofing \u00a0<\/strong>okru\u017euje svako vlakno sa nevidljivom, UV i tempetaturno stabilnom za\u0161titnom presvlakom. Suva pra\u0161ina ne mo\u017ee da se lepi za tkaninu, blato ne mo\u017ee da se upija. Sprej <strong>2020 Waterproofing<\/strong> \u00a0je idealan za lovce i kampere.<\/p>\n","protected":false},"excerpt":{"rendered":"<p>&nbsp;<\/p>\n<p><strong>2020 Waterproofing sprej<\/strong> nudi odli\u010dne rezultate za za\u0161titu od vlage i pra\u0161ine, nudi odbijaju\u0107i premaz za sve prirodne i sinteti\u010dke tkanine, kao i za ko\u017eu, po principu najnovije tehnologije.<\/p>\n","protected":false},"featured_media":807,"template":"","meta":[],"product_brand":[],"product_cat":[47],"product_tag":[],"class_list":{"0":"post-3386","1":"product","2":"type-product","3":"status-publish","4":"has-post-thumbnail","6":"product_cat-sprej","8":"first","9":"instock","10":"taxable","11":"shipping-taxable","12":"product-type-simple"},"_links":{"self":[{"href":"https:\/\/fitex.gr\/sr\/wp-json\/wp\/v2\/product\/3386","targetHints":{"allow":["GET"]}}],"collection":[{"href":"https:\/\/fitex.gr\/sr\/wp-json\/wp\/v2\/product"}],"about":[{"href":"https:\/\/fitex.gr\/sr\/wp-json\/wp\/v2\/types\/product"}],"wp:featuredmedia":[{"embeddable":true,"href":"https:\/\/fitex.gr\/sr\/wp-json\/wp\/v2\/media\/807"}],"wp:attachment":[{"href":"https:\/\/fitex.gr\/sr\/wp-json\/wp\/v2\/media?parent=3386"}],"wp:term":[{"taxonomy":"product_brand","embeddable":true,"href":"https:\/\/fitex.gr\/sr\/wp-json\/wp\/v2\/product_brand?post=3386"},{"taxonomy":"product_cat","embeddable":true,"href":"https:\/\/fitex.gr\/sr\/wp-json\/wp\/v2\/product_cat?post=3386"},{"taxonomy":"product_tag","embeddable":true,"href":"https:\/\/fitex.gr\/sr\/wp-json\/wp\/v2\/product_tag?post=3386"}],"curies":[{"name":"wp","href":"https:\/\/api.w.org\/{rel}","templated":true}]}}