{"id":3385,"date":"2024-09-10T19:57:08","date_gmt":"2024-09-10T16:57:08","guid":{"rendered":"https:\/\/fitex.gr\/?post_type=product&#038;p=3385"},"modified":"2024-12-17T17:13:33","modified_gmt":"2024-12-17T15:13:33","slug":"3385","status":"publish","type":"product","link":"https:\/\/fitex.gr\/sr\/\u043f\u0440\u043e\u0438\u0437\u0432\u043e\u0434\/3385\/","title":{"rendered":"WATER DISPLACER"},"content":{"rendered":"<p>&nbsp;<\/p>\n<p>&nbsp;<\/p>\n<p>&nbsp;<\/p>\n<p><strong>Sadr\u017eaj pod pritiskom.<\/strong><\/p>\n<p>Ne prskajte na otvoreni plamen ili vruc\u0301e povr\u0161ine.<\/p>\n<p>Za\u0161tititi od sun\u010deve svjetlosti &#8211; ne izagati temperaturama preko 50 <sup>o<\/sup>C Ne bu\u0161ite i ne spaljujte pakovanje.<\/p>\n","protected":false},"excerpt":{"rendered":"<p>&nbsp;<\/p>\n<p>SREDSTVO ZA UKLANJANJE VODE<\/p>\n<p>Sredstvo za uklanjanje vode, vlage koje ostavlja izuzetno tanak za\u0161titni film.<\/p>\n<p>Odr\u017eava i \u0161titi svu elektri\u010dnu opremu.<\/p>\n<p>Spre\u010dava oksidaciju i koroziju.<\/p>\n<p>Zaustavlja curenje i spre\u010dava stvaranje elektri\u010dnog luka.<\/p>\n<p>Podmazuje, prodire i osloba\u0111a zahr\u0111ale dijelove.<\/p>\n<p>Omoguc\u0301ava brzo pokretanje sistema mokrog paljenja<\/p>\n","protected":false},"featured_media":759,"template":"","meta":[],"product_brand":[],"product_cat":[47],"product_tag":[],"class_list":{"0":"post-3385","1":"product","2":"type-product","3":"status-publish","4":"has-post-thumbnail","6":"product_cat-sprej","8":"first","9":"instock","10":"taxable","11":"shipping-taxable","12":"product-type-simple"},"_links":{"self":[{"href":"https:\/\/fitex.gr\/sr\/wp-json\/wp\/v2\/product\/3385","targetHints":{"allow":["GET"]}}],"collection":[{"href":"https:\/\/fitex.gr\/sr\/wp-json\/wp\/v2\/product"}],"about":[{"href":"https:\/\/fitex.gr\/sr\/wp-json\/wp\/v2\/types\/product"}],"wp:featuredmedia":[{"embeddable":true,"href":"https:\/\/fitex.gr\/sr\/wp-json\/wp\/v2\/media\/759"}],"wp:attachment":[{"href":"https:\/\/fitex.gr\/sr\/wp-json\/wp\/v2\/media?parent=3385"}],"wp:term":[{"taxonomy":"product_brand","embeddable":true,"href":"https:\/\/fitex.gr\/sr\/wp-json\/wp\/v2\/product_brand?post=3385"},{"taxonomy":"product_cat","embeddable":true,"href":"https:\/\/fitex.gr\/sr\/wp-json\/wp\/v2\/product_cat?post=3385"},{"taxonomy":"product_tag","embeddable":true,"href":"https:\/\/fitex.gr\/sr\/wp-json\/wp\/v2\/product_tag?post=3385"}],"curies":[{"name":"wp","href":"https:\/\/api.w.org\/{rel}","templated":true}]}}