{"id":3384,"date":"2024-09-10T19:57:12","date_gmt":"2024-09-10T16:57:12","guid":{"rendered":"https:\/\/fitex.gr\/?post_type=product&#038;p=3384"},"modified":"2024-12-17T17:03:02","modified_gmt":"2024-12-17T15:03:02","slug":"cink-u-spreju","status":"publish","type":"product","link":"https:\/\/fitex.gr\/sr\/\u043f\u0440\u043e\u0438\u0437\u0432\u043e\u0434\/cink-u-spreju\/","title":{"rendered":"Cink u spreju"},"content":{"rendered":"<p>Ovo mazivo pod pritiskom omogu\u0107ava dugotrajnu hladnu galvanizaciju \u010delika. Slu\u017ei kao izvanredna za\u0161tita za zavarivanje karoserije (nanosi se pre zavarivanja) i osnovni premaz za lakiranje, \u0161to ga \u010dini neophodnim alatom za va\u0161u radionicu.<\/p>\n<h4><span style=\"color: #ed1c24\">Uputstvo za upotrebu<\/span><\/h4>\n<p>Pre upotrebe, pa\u017eljivo pro\u010ditajte uputstva na pakovanju.<\/p>\n<p>Cink u spreju treba \u010duvati na sobnoj temperaturi. Temperatura delovanja treba da bude izme\u0111u 15 i 25 \u00b0C. Promu\u0107kajte bo\u010dicu dva minuta pre upotrebe i poprskajte uzorak.<\/p>\n<h4><span style=\"color: #ed1c24\">Pre postupka nano\u0161enja<\/span><\/h4>\n<p>Povr\u0161ina na koju \u017eelimo da nanesemo proizvod treba da bude \u010dista, suva i bez masnoc\u0301e. Uklonite stari lak i r\u0111u, a zatim i\u0161mirglajte povr\u0161inu.<\/p>\n<h4><span style=\"color: #ed1c24\">Postupak<\/span><\/h4>\n<p>Prilikom prskanja, rastojanje izme\u0111u spreja i povr\u0161ine mora biti pribli\u017eno od 25 do 30 centimetara. Nanesite cink u spreju u nekoliko tankih slojeva kako biste izbegli prekomerno nano\u0161enje. Pre svakog sloja dobro promuc\u0301kajte sprej. Nakon \u0161to se sprej osu\u0161i, mo\u017ee se naneti osnovni premaz i lak.<\/p>\n<p>Posle upotrebe o\u010distite mlaznicu spreja (okrenite aerosol naopako i dr\u017eite mlaznicu pritisnutom oko 5 sekundi). Vreme su\u0161enja zavisi od temperature u prostoru, vla\u017enosti vazduha i debljine nanesenog laka.<\/p>\n<p>Cink u spreju bic\u0301e suv kao prah posle 10 do 15 minuta. Oko 20 do 30 minuta kasnije, povr\u0161ina vi\u0161e ne\u0107e biti lepljiva.<\/p>\n<p>Cink u spreju \u0107e se stvrdnuti i mo\u017ee se ponovo koristiti nakon 24 sata.<\/p>\n<p>&nbsp;<\/p>\n","protected":false},"excerpt":{"rendered":"<p>&nbsp;<\/p>\n<p>Visokokvalitetni alu-cink sprej za tretiranje pocinkovanog i neobra\u0111enog \u010delika.<br \/>\nKarakteristike proizvoda<br \/>\nBrzo su\u0161enje<br \/>\nDobra svojstva punjenja<br \/>\nIzvanredna katodna prevencija korozije<br \/>\nOtporan na benzin, hemikalije i vremenske uticaje<br \/>\nTa\u010dkasto zavariva<br \/>\nOdli\u010dna adhezija<\/p>\n","protected":false},"featured_media":799,"template":"","meta":[],"product_brand":[],"product_cat":[47],"product_tag":[],"class_list":{"0":"post-3384","1":"product","2":"type-product","3":"status-publish","4":"has-post-thumbnail","6":"product_cat-sprej","8":"first","9":"instock","10":"taxable","11":"shipping-taxable","12":"product-type-simple"},"_links":{"self":[{"href":"https:\/\/fitex.gr\/sr\/wp-json\/wp\/v2\/product\/3384","targetHints":{"allow":["GET"]}}],"collection":[{"href":"https:\/\/fitex.gr\/sr\/wp-json\/wp\/v2\/product"}],"about":[{"href":"https:\/\/fitex.gr\/sr\/wp-json\/wp\/v2\/types\/product"}],"wp:featuredmedia":[{"embeddable":true,"href":"https:\/\/fitex.gr\/sr\/wp-json\/wp\/v2\/media\/799"}],"wp:attachment":[{"href":"https:\/\/fitex.gr\/sr\/wp-json\/wp\/v2\/media?parent=3384"}],"wp:term":[{"taxonomy":"product_brand","embeddable":true,"href":"https:\/\/fitex.gr\/sr\/wp-json\/wp\/v2\/product_brand?post=3384"},{"taxonomy":"product_cat","embeddable":true,"href":"https:\/\/fitex.gr\/sr\/wp-json\/wp\/v2\/product_cat?post=3384"},{"taxonomy":"product_tag","embeddable":true,"href":"https:\/\/fitex.gr\/sr\/wp-json\/wp\/v2\/product_tag?post=3384"}],"curies":[{"name":"wp","href":"https:\/\/api.w.org\/{rel}","templated":true}]}}