{"id":3365,"date":"2024-09-10T19:57:09","date_gmt":"2024-09-10T16:57:09","guid":{"rendered":"https:\/\/fitex.gr\/?post_type=product&#038;p=3365"},"modified":"2024-12-17T15:25:46","modified_gmt":"2024-12-17T13:25:46","slug":"sredstvo-za-ciscenje-kocnica-i-kvacila","status":"publish","type":"product","link":"https:\/\/fitex.gr\/sr\/\u043f\u0440\u043e\u0438\u0437\u0432\u043e\u0434\/sredstvo-za-ciscenje-kocnica-i-kvacila\/","title":{"rendered":"Sredstvo za \u010di\u0161\u0107enje ko\u010dnica i kva\u010dila"},"content":{"rendered":"<p>&nbsp;<\/p>\n<p>Efiikasno uklanja taloge sa ko\u010dnica,<br \/>\nko\u010dnih plo\u010dica i cilindara.<br \/>\nefikasno \u010disti ulje, masno\u0107u, zemlju, pra\u0161inu, te\u010dnost za ko\u010dnice i bilo<br \/>\nkoje druge vrste taloga.<br \/>\nPoma\u017ee u izbjegavanju \u0161kripanja ko\u010dnica.<br \/>\nNjegova upotreba je sigurna na ko\u010dnicama i dijelovima ko\u010dnica.<br \/>\n<span style=\"color: #ed1c24\">Uputstva:<\/span><br \/>\nNaprskajte direktno na opremu koja \u0107e se<br \/>\n\u010distiti i ostaviti da se povr\u0161ina osu\u0161i.<br \/>\nPo potrebi ponovo naprskati.<\/p>\n","protected":false},"excerpt":{"rendered":"<p><span style=\"color: #ed1c24\"><strong>Primjene:<\/strong><\/span><br \/>\nBrzo isparavaju\u0107e sredstvo za \u010di\u0161\u0107enje ko\u010dnica,<br \/>\nkva\u010dila i sve ostale opreme sistema ko\u010denja.<\/p>\n","protected":false},"featured_media":771,"template":"","meta":[],"product_brand":[],"product_cat":[47],"product_tag":[],"class_list":{"0":"post-3365","1":"product","2":"type-product","3":"status-publish","4":"has-post-thumbnail","6":"product_cat-sprej","8":"first","9":"instock","10":"taxable","11":"shipping-taxable","12":"product-type-simple"},"_links":{"self":[{"href":"https:\/\/fitex.gr\/sr\/wp-json\/wp\/v2\/product\/3365","targetHints":{"allow":["GET"]}}],"collection":[{"href":"https:\/\/fitex.gr\/sr\/wp-json\/wp\/v2\/product"}],"about":[{"href":"https:\/\/fitex.gr\/sr\/wp-json\/wp\/v2\/types\/product"}],"wp:featuredmedia":[{"embeddable":true,"href":"https:\/\/fitex.gr\/sr\/wp-json\/wp\/v2\/media\/771"}],"wp:attachment":[{"href":"https:\/\/fitex.gr\/sr\/wp-json\/wp\/v2\/media?parent=3365"}],"wp:term":[{"taxonomy":"product_brand","embeddable":true,"href":"https:\/\/fitex.gr\/sr\/wp-json\/wp\/v2\/product_brand?post=3365"},{"taxonomy":"product_cat","embeddable":true,"href":"https:\/\/fitex.gr\/sr\/wp-json\/wp\/v2\/product_cat?post=3365"},{"taxonomy":"product_tag","embeddable":true,"href":"https:\/\/fitex.gr\/sr\/wp-json\/wp\/v2\/product_tag?post=3365"}],"curies":[{"name":"wp","href":"https:\/\/api.w.org\/{rel}","templated":true}]}}