{"id":3364,"date":"2024-10-24T19:00:09","date_gmt":"2024-10-24T16:00:09","guid":{"rendered":"https:\/\/fitex.gr\/?post_type=product&#038;p=3364"},"modified":"2024-12-17T15:14:20","modified_gmt":"2024-12-17T13:14:20","slug":"descaler-x","status":"publish","type":"product","link":"https:\/\/fitex.gr\/sr\/\u043f\u0440\u043e\u0438\u0437\u0432\u043e\u0434\/descaler-x\/","title":{"rendered":"DESCALER-X\u00a0"},"content":{"rendered":"<p>&nbsp;<\/p>\n<p>Sadr\u017ei inhibitore i povr\u0161insk<strong>i<\/strong>aktivne agense za za\u0161titu \u010dvrstih metalnih povr\u0161ina dajuc\u0301i efikasniju reakciju sa naslagama kamenca.<\/p>\n<p>Kada se rastvore u vodi, njegovi sastojci postaju hemijski aktivni, uklanjajuc\u0301i brzo svetle ljuske i r\u0111u bez zna\u010dajnog dejstva na zvu\u010dni metal ispod. Kroz hemijsku reakciju, krlju\u0161ti se pretvaraju u visoko rastvorljive soli koje se lako ispiru.<\/p>\n<p>Generalno, jedan tretman sa DESCALER-X -om vrac\u0301a punu efikasnost sistema. Naknadni tretmani povremeno c\u0301e spre\u010diti velike naslage kamenca i naslage r\u0111e koje neizbe\u017eno dovode do ozbiljnog naru\u0161avanja efikasnosti sistema,\u00a0 zastoja i skupih popravki.<\/p>\n<p><strong>DESCALER-X<\/strong> se ne preporu\u010duje za upotrebu na aluminijumu i njegovim legurama.<\/p>\n<p><span style=\"color: #ed1c24\"><strong>Aplikacija<\/strong><\/span><\/p>\n<p><strong>DESCALER-X<\/strong>\u00a0 se koristi u koncentraciji od 10% u vodi. Koncentracija varira u zavisnosti od prirode i koli\u010dine skale.<\/p>\n<p>Hladna re\u0161enja deluju veoma zadovoljavajuc\u0301e. Me\u0111utim, zagrevanje ubrzava svoje delovanje, sa najvec\u0301om efikasno\u0161c\u0301u dobijenom na 160 oF.<\/p>\n<p>Da biste oja\u010dali rastvore oslabljene upotrebom, jednostavno dodajte jo\u0161 DESCALER-X -a da biste vratili rastvor u \u017eeljenu koncentraciju.<\/p>\n<p>Dodajte <strong>DESCALER-X<\/strong>\u00a0 direktno u vodu u sistemu.<\/p>\n<p>Cirkuli\u0161ite rastvor, vruc\u0301 ili hladan, dok inspekcija ne poka\u017ee da na sistemu nema kamenca.<\/p>\n<p>U zavisnosti od stanja sistema dovoljna je cirkulacija od 12-36 sati.<\/p>\n<p>Kada sistem radi \u010disto, isperite vodom i neutrali\u0161ite ostatke kiseline na\u0161im proizvodom KEM-NUTRO-X\u00a0 ili ALKALINITI CONTROL u koncentraciji od 1,5 % &#8211; 3 % rastvora.<\/p>\n","protected":false},"excerpt":{"rendered":"<p>&nbsp;<\/p>\n<p>DESCALER-X\u00a0 je proizvod te\u010dnog kiselog tipa koji efikasno uklanja kamence kalcijum karbonata i magnezijum hidrata iz izmenjiva\u010da toplote, bojlera, ispariva\u010da i drugih vrsta vodenih sistema.<\/p>\n","protected":false},"featured_media":3341,"template":"","meta":[],"product_brand":[],"product_cat":[48],"product_tag":[],"class_list":{"0":"post-3364","1":"product","2":"type-product","3":"status-publish","4":"has-post-thumbnail","6":"product_cat-sredstva-za-ciscenje","8":"first","9":"instock","10":"taxable","11":"shipping-taxable","12":"product-type-simple"},"_links":{"self":[{"href":"https:\/\/fitex.gr\/sr\/wp-json\/wp\/v2\/product\/3364","targetHints":{"allow":["GET"]}}],"collection":[{"href":"https:\/\/fitex.gr\/sr\/wp-json\/wp\/v2\/product"}],"about":[{"href":"https:\/\/fitex.gr\/sr\/wp-json\/wp\/v2\/types\/product"}],"wp:featuredmedia":[{"embeddable":true,"href":"https:\/\/fitex.gr\/sr\/wp-json\/wp\/v2\/media\/3341"}],"wp:attachment":[{"href":"https:\/\/fitex.gr\/sr\/wp-json\/wp\/v2\/media?parent=3364"}],"wp:term":[{"taxonomy":"product_brand","embeddable":true,"href":"https:\/\/fitex.gr\/sr\/wp-json\/wp\/v2\/product_brand?post=3364"},{"taxonomy":"product_cat","embeddable":true,"href":"https:\/\/fitex.gr\/sr\/wp-json\/wp\/v2\/product_cat?post=3364"},{"taxonomy":"product_tag","embeddable":true,"href":"https:\/\/fitex.gr\/sr\/wp-json\/wp\/v2\/product_tag?post=3364"}],"curies":[{"name":"wp","href":"https:\/\/api.w.org\/{rel}","templated":true}]}}