{"id":3353,"date":"2024-09-10T19:56:56","date_gmt":"2024-09-10T16:56:56","guid":{"rendered":"https:\/\/fitex.gr\/?post_type=product&#038;p=3353"},"modified":"2024-10-26T01:03:05","modified_gmt":"2024-10-25T22:03:05","slug":"x-lat-polimer","status":"publish","type":"product","link":"https:\/\/fitex.gr\/sr\/\u043f\u0440\u043e\u0438\u0437\u0432\u043e\u0434\/x-lat-polimer\/","title":{"rendered":"X-LAT Polimer"},"content":{"rendered":"<p>&nbsp;<\/p>\n<p>Dodaje se u vodu za me\u0161anje u proporciji<\/p>\n<p>X- LAT : voda = 1:1 do 1:5.<\/p>\n<p>X-LAT je lateks koji se koristi kao aditiv radi zna\u010dajnog pobolj\u0161anja karakteristika cementnih maltera na vi\u0161e na\u010dina:<\/p>\n<p>\uf0b7Poja\u010dava vezivanje za podlogu.<\/p>\n<p>\uf0b7Pobolj\u0161ava elasti\u010dnost.<\/p>\n<p>\uf0b7Impresivno pove\u0107ava otpornostna abraziju.<\/p>\n<p>\uf0b7\u010cini maltere vodonepropusnim.<\/p>\n<p>\uf0b7Elimini\u0161e skupljanje i samim tim pojavu pukotina.<\/p>\n<p>\uf0b7Pobolj\u0161ava plasti\u010dnost, zadr\u017eavanje vode i obradivost sve\u017ee mase.<\/p>\n<p>\uf0b7Pobolj\u0161ava otpornost na hemikalije i naftne derivate.<\/p>\n<p>&nbsp;<\/p>\n<p><span style=\"color: #ff0000\"><strong>Primena<\/strong><\/span><\/p>\n<p>\uf0b7Vezivni sloj izme\u0111u starog i novog betona ili maltera.<\/p>\n<p>\uf0b7Malter za popravke i tanke slojeve.<\/p>\n<p>\uf0b7Nehabaju\u0107e glatke podne ko\u0161uljice.<\/p>\n<p>\uf0b7Vodonepropusni cementni malter, otporan na hidrostati\u010dki pritisak.<\/p>\n<p>\uf0b7Veoma \u010dvrsti vodootporan malter.<\/p>\n<p>\uf0b7Malter otporan na hemikalije i naftne derivate.<\/p>\n<p>\uf0b7Malter za fugovanje za prirodni kamen.<\/p>\n<p>\uf0b7Malter za formiranje holkera na spojevima zid-pod<\/p>\n<p>&nbsp;<\/p>\n<ol>\n<li><span style=\"color: #ff0000\"><strong>Priprema podloge<\/strong><\/span><\/li>\n<\/ol>\n<p>Podloga mora da bude \u010dista i bez pra\u0161ine, tro\u0161nih materijala, ulja, masno\u0107e, bez starog maltera, boje, ostataka cementa, itd.<\/p>\n<p>Treba da bude dobro pokva\u0161ena, ali bez akumulacije vode.<\/p>\n<ol start=\"2\">\n<li><span style=\"color: #ff0000\"><strong>Nano\u0161enje<\/strong><\/span><\/li>\n<\/ol>\n<p>X-LAT se dodaje u vodu za me\u0161anje maltera i me\u0161a se sa vodom u proporciji od 1:1 do 1:5 zavisno od \u017eeljenog efekta i konkretnog tehni\u010dkog zahteva.<\/p>\n<p>Prvo se u mikser ubacuje rastvor X-LAT-a, pre cementa i agregata, kako bi se izbeglo formiranje grudvi.<\/p>\n","protected":false},"excerpt":{"rendered":"<p>&nbsp;<\/p>\n<p><strong>Pri dodavanju u gra\u0111evinske maltere i premaze, pobolj\u0161ava vezivanje za podlogu, obezbe\u0111uje vodonepropusnost i elasti\u010dnost. <\/strong><\/p>\n<p><strong>Pogodan je za formiranje vezivnog sloja, reparaturnih maltera, podne ko\u0161uljice otporne na abraziju, vodonepropusnih cementnih maltera, maltera otpornih na hemikalije, maltera visoke \u010dvrsto\u0107e i vodonepropusnih maltera itd.<\/strong><\/p>\n","protected":false},"featured_media":663,"template":"","meta":[],"product_brand":[],"product_cat":[48],"product_tag":[],"class_list":{"0":"post-3353","1":"product","2":"type-product","3":"status-publish","4":"has-post-thumbnail","6":"product_cat-sredstva-za-ciscenje","8":"first","9":"instock","10":"taxable","11":"shipping-taxable","12":"product-type-simple"},"_links":{"self":[{"href":"https:\/\/fitex.gr\/sr\/wp-json\/wp\/v2\/product\/3353","targetHints":{"allow":["GET"]}}],"collection":[{"href":"https:\/\/fitex.gr\/sr\/wp-json\/wp\/v2\/product"}],"about":[{"href":"https:\/\/fitex.gr\/sr\/wp-json\/wp\/v2\/types\/product"}],"wp:featuredmedia":[{"embeddable":true,"href":"https:\/\/fitex.gr\/sr\/wp-json\/wp\/v2\/media\/663"}],"wp:attachment":[{"href":"https:\/\/fitex.gr\/sr\/wp-json\/wp\/v2\/media?parent=3353"}],"wp:term":[{"taxonomy":"product_brand","embeddable":true,"href":"https:\/\/fitex.gr\/sr\/wp-json\/wp\/v2\/product_brand?post=3353"},{"taxonomy":"product_cat","embeddable":true,"href":"https:\/\/fitex.gr\/sr\/wp-json\/wp\/v2\/product_cat?post=3353"},{"taxonomy":"product_tag","embeddable":true,"href":"https:\/\/fitex.gr\/sr\/wp-json\/wp\/v2\/product_tag?post=3353"}],"curies":[{"name":"wp","href":"https:\/\/api.w.org\/{rel}","templated":true}]}}