{"id":3349,"date":"2024-09-10T19:57:49","date_gmt":"2024-09-10T16:57:49","guid":{"rendered":"https:\/\/fitex.gr\/?post_type=product&#038;p=3349"},"modified":"2024-10-26T00:43:08","modified_gmt":"2024-10-25T21:43:08","slug":"pet-x-apothol","status":"publish","type":"product","link":"https:\/\/fitex.gr\/sr\/\u043f\u0440\u043e\u0438\u0437\u0432\u043e\u0434\/pet-x-apothol\/","title":{"rendered":"PET-X Apothol"},"content":{"rendered":"<p>&nbsp;<\/p>\n<p>Izuzetno delotvorno dejstvo.<\/p>\n<p>Pogodno za markiranje dvori\u0161ta ukoliko ne \u017eelite da druge \u017eivotinje ulaze u njega.<\/p>\n<p><span style=\"color: #ff0000\"><strong>Za primenu u otvorenom prostoru<\/strong>.<\/span><\/p>\n<p>Efikasno \u010disti povr\u0161inu i \u010duva od novog prljanja.<\/p>\n<p><span style=\"color: #ff0000\"><strong>Uputstvo za upotrebu<\/strong><strong>: <\/strong><\/span><\/p>\n<p>Rastvor se polije po povr\u0161ini. Taj postupak se ponovi svake nedelje i tako \u010detiri puta. Rastvor je otporan na hladnu vodu i ne ispira se na ki\u0161i.<\/p>\n<p>Za odbijanje ma\u010daka potrebno je duplirati dozu po\u0161to je njihov njuh slabiji nego kod pasa.<\/p>\n","protected":false},"excerpt":{"rendered":"<p>&nbsp;<\/p>\n<p>Odbija pse i ma\u010dke od tretiranog podru\u010dja i efikasno \u010disti ve\u0107 zaprljane oblasti,<\/p>\n<p>spre\u010dava zadr\u017eavanje \u017eivotinja na mestu po kome se polije.<\/p>\n<p>Ukoliko imate ba\u0161tu sa zasadima i problem da Va\u0161 pas ili ma\u010dka konstantno kopaju po njoj primena ovog preparata \u0107e re\u0161iti problem.<\/p>\n","protected":false},"featured_media":919,"template":"","meta":[],"product_brand":[],"product_cat":[48],"product_tag":[],"class_list":{"0":"post-3349","1":"product","2":"type-product","3":"status-publish","4":"has-post-thumbnail","6":"product_cat-sredstva-za-ciscenje","8":"first","9":"instock","10":"taxable","11":"shipping-taxable","12":"product-type-simple"},"_links":{"self":[{"href":"https:\/\/fitex.gr\/sr\/wp-json\/wp\/v2\/product\/3349","targetHints":{"allow":["GET"]}}],"collection":[{"href":"https:\/\/fitex.gr\/sr\/wp-json\/wp\/v2\/product"}],"about":[{"href":"https:\/\/fitex.gr\/sr\/wp-json\/wp\/v2\/types\/product"}],"wp:featuredmedia":[{"embeddable":true,"href":"https:\/\/fitex.gr\/sr\/wp-json\/wp\/v2\/media\/919"}],"wp:attachment":[{"href":"https:\/\/fitex.gr\/sr\/wp-json\/wp\/v2\/media?parent=3349"}],"wp:term":[{"taxonomy":"product_brand","embeddable":true,"href":"https:\/\/fitex.gr\/sr\/wp-json\/wp\/v2\/product_brand?post=3349"},{"taxonomy":"product_cat","embeddable":true,"href":"https:\/\/fitex.gr\/sr\/wp-json\/wp\/v2\/product_cat?post=3349"},{"taxonomy":"product_tag","embeddable":true,"href":"https:\/\/fitex.gr\/sr\/wp-json\/wp\/v2\/product_tag?post=3349"}],"curies":[{"name":"wp","href":"https:\/\/api.w.org\/{rel}","templated":true}]}}