{"id":3333,"date":"2024-09-10T19:56:55","date_gmt":"2024-09-10T16:56:55","guid":{"rendered":"https:\/\/fitex.gr\/?post_type=product&#038;p=3333"},"modified":"2024-10-24T18:02:52","modified_gmt":"2024-10-24T15:02:52","slug":"3333","status":"publish","type":"product","link":"https:\/\/fitex.gr\/sr\/\u043f\u0440\u043e\u0438\u0437\u0432\u043e\u0434\/3333\/","title":{"rendered":"RUST CONVERTER te\u010dno jedinjenje za obradu metala"},"content":{"rendered":"<p>RUST-CONVERTER <em>je premaz za metal, a ne boja.<\/em><em> Jedan galon proizvoda pokriva pribli\u017eno 600 kvadratnih stopa.<\/em><\/p>\n<p>Nije potrebno mije\u0161anje jer je RUST-CONVERTER opremljen odgovarajuc\u0301om snagom za upotrebu.<\/p>\n<p><strong>\u00a0<\/strong><\/p>\n<p><strong>RUST-CONVERTER <\/strong>mo\u017ee se koristiti i za nove obojeni metal, aluminijum i pocin\u010dano \u017eeljezo.<\/p>\n<p>Proizvodi nazubljenu, blago poroznu povr\u0161inu za koju c\u0301e se boja prianjati i vezati, formirajuc\u0301i \u010dvrstu, trajnu vezu.<\/p>\n<p>&nbsp;<\/p>\n<p><span style=\"color: #ff0000\"><strong>UPOTREBA:<\/strong><\/span><\/p>\n<ol>\n<li>Na zar\u0111alim povr\u0161inama: Uklonite rastresitu r\u0111u ili kamenac. Nanesite \u010detkom, umo\u010dite, raspr\u0161ite ili obri\u0161ite i pustite da se osu\u0161i preko no\u0107i, a zatim obojite. Obi\u010dno se razvija pra\u0161kasta sivkasta povr\u0161ina, \u0161to ukazuje na to da je sredstvo reagovalo sa metalom.<\/li>\n<\/ol>\n<p>Sada vlaga ne mo\u017ee prodrijeti do metala. O\u010detkajte sav preostali prah, nanesite prajmer i zavr\u0161ni sloj.<\/p>\n<ol start=\"2\">\n<li>Na novim metalima: Prethodno o\u010distite uklanjanjem vi\u0161ka ulja ili masti mineralnim rastvara\u010dem ili na\u0161im proizvodom LECTROCLEEN X<\/li>\n<\/ol>\n<p><strong>Nanesite RUST CONVERTER <\/strong>\u010detkom, umakanjem, raspr\u0161iva\u010dem ili \u010detkicom. Ostavite da se osu\u0161i preko no\u0107i, o\u010detkajte sav prah i povr\u0161ina je spremna za bojanje.<\/p>\n","protected":false},"excerpt":{"rendered":"<p>&nbsp;<\/p>\n<p><strong>RUST-CONVERTER <\/strong>je lagano, te\u010dno jedinjenje za obradu metala koje, kada se nanese na zar\u0111ali metal, hemijski mijenja r\u0111u (gvozdeni oksid) u \u017eeljezni-fosfat.<\/p>\n<p>Stoga vlaga i kiseonik ne napadaju metal. Proizvedena povr\u0161ina je inertna, tvrda i sivkasta povr\u0161ina koja c\u0301e slu\u017eiti kao \u010dvrsta podloga za boju.<\/p>\n","protected":false},"featured_media":659,"template":"","meta":[],"product_brand":[],"product_cat":[48],"product_tag":[],"class_list":{"0":"post-3333","1":"product","2":"type-product","3":"status-publish","4":"has-post-thumbnail","6":"product_cat-sredstva-za-ciscenje","8":"first","9":"instock","10":"taxable","11":"shipping-taxable","12":"product-type-simple"},"_links":{"self":[{"href":"https:\/\/fitex.gr\/sr\/wp-json\/wp\/v2\/product\/3333","targetHints":{"allow":["GET"]}}],"collection":[{"href":"https:\/\/fitex.gr\/sr\/wp-json\/wp\/v2\/product"}],"about":[{"href":"https:\/\/fitex.gr\/sr\/wp-json\/wp\/v2\/types\/product"}],"wp:featuredmedia":[{"embeddable":true,"href":"https:\/\/fitex.gr\/sr\/wp-json\/wp\/v2\/media\/659"}],"wp:attachment":[{"href":"https:\/\/fitex.gr\/sr\/wp-json\/wp\/v2\/media?parent=3333"}],"wp:term":[{"taxonomy":"product_brand","embeddable":true,"href":"https:\/\/fitex.gr\/sr\/wp-json\/wp\/v2\/product_brand?post=3333"},{"taxonomy":"product_cat","embeddable":true,"href":"https:\/\/fitex.gr\/sr\/wp-json\/wp\/v2\/product_cat?post=3333"},{"taxonomy":"product_tag","embeddable":true,"href":"https:\/\/fitex.gr\/sr\/wp-json\/wp\/v2\/product_tag?post=3333"}],"curies":[{"name":"wp","href":"https:\/\/api.w.org\/{rel}","templated":true}]}}