{"id":3331,"date":"2024-09-10T19:56:53","date_gmt":"2024-09-10T16:56:53","guid":{"rendered":"https:\/\/fitex.gr\/?post_type=product&#038;p=3331"},"modified":"2024-10-24T17:46:47","modified_gmt":"2024-10-24T14:46:47","slug":"sredstvo-za-ciscenje-podova-general-x","status":"publish","type":"product","link":"https:\/\/fitex.gr\/sr\/\u043f\u0440\u043e\u0438\u0437\u0432\u043e\u0434\/sredstvo-za-ciscenje-podova-general-x\/","title":{"rendered":"Sredstvo za \u010di\u0161\u0107enje podova General-X"},"content":{"rendered":"<p>&nbsp;<\/p>\n<p><span style=\"color: #ff0000\"><strong>Upotreba:<\/strong><\/span><\/p>\n<p>Za postojane mrlje nanesite sun\u0111erom i ostavite da proizvod deluje 4-5 minuta. Zatim povr\u0161inu isperite sa puno vode. Za svakodnevnu upotrebu razbla\u017eite 50 ml materijala po kilogramu vode.<\/p>\n<p>Idealno za polirani bijeli i obojeni mermer, plocice,mozaike i granite.<\/p>\n<ul>\n<li>Ne ostavlja ostatke.<\/li>\n<li>Ostavlja intenzivan osje\u0107aj \u010di\u0161\u0107enja.<\/li>\n<\/ul>\n<p><span style=\"color: #ff0000\"><strong>Upozorenje:<\/strong><\/span><\/p>\n<p>U slu\u010daju sumnje u pogledu povr\u0161inske otpornosti na proizvod, testiramo prije nano\u0161enja na neko skriveno mesto kako bismo izbjegli stvaranje korozije.<\/p>\n<p><strong>Oprez:<\/strong><\/p>\n<p>Izbjegavati kontakt sa o\u010dima. Dr\u017eati dalje od djece.<\/p>\n<p><span style=\"color: #ff0000\"><strong>Izjave o opasnosti:<\/strong><\/span><\/p>\n<p>Izaziva ozbiljnu iritaciju o\u010diju. Izaziva iritaciju ko\u017ee.<\/p>\n<p><span style=\"color: #ff0000\"><strong>Izjave predostro\u017enosti:<\/strong><\/span><\/p>\n<p>\u010cuvati izvan dohvata djece. Nosite za\u0161titne rukavice \/ za\u0161titnu odje\u0107u \/ za\u0161titu za o\u010di \/ za\u0161titu za lice.<\/p>\n<p>U SLU\u010cAJU KONTAKTA SA O\u010cIMA: Isperite oprezno vodom nekoliko minuta. Uklonite kontaktne lec\u0301e, ako su prisutne i ako je to lako u\u010diniti. Nastavite sa ispiranjem.<\/p>\n<p>U SLU\u010cAJU KONTAKTA SA KO\u017dOM: Operite sa puno sapuna i vode. Ako iritacija o\u010diju traje: Potra\u017eite medicinski savjet \/ pomo\u0107.<\/p>\n<p>&nbsp;<\/p>\n","protected":false},"excerpt":{"rendered":"<p>&nbsp;<\/p>\n<p><strong>General-X<\/strong> je te\u010dno sredstvo za \u010di\u0161c\u0301enje idealno za polirani bijeli i obojeni mermer, mozaike i granite. Za razliku od uobi\u010dajenih sredstava za \u010di\u0161\u0107enje, uklanja te\u0161ke i postojane mrlje (ulja, masno\u0107e, kafu, zemlju, mulj, sol, zaga\u0111iva\u010de od ku\u0107nih ljubimaca i izduvnih gasova, dim, itd.), ne ostavljaju\u0107i mrlje i ostatke.<\/p>\n<p>Mo\u017ee se koristiti na unutra\u0161njim i spolja\u0161njim povr\u0161inama.<\/p>\n","protected":false},"featured_media":647,"template":"","meta":[],"product_brand":[],"product_cat":[48],"product_tag":[],"class_list":{"0":"post-3331","1":"product","2":"type-product","3":"status-publish","4":"has-post-thumbnail","6":"product_cat-sredstva-za-ciscenje","8":"first","9":"instock","10":"taxable","11":"shipping-taxable","12":"product-type-simple"},"_links":{"self":[{"href":"https:\/\/fitex.gr\/sr\/wp-json\/wp\/v2\/product\/3331","targetHints":{"allow":["GET"]}}],"collection":[{"href":"https:\/\/fitex.gr\/sr\/wp-json\/wp\/v2\/product"}],"about":[{"href":"https:\/\/fitex.gr\/sr\/wp-json\/wp\/v2\/types\/product"}],"wp:featuredmedia":[{"embeddable":true,"href":"https:\/\/fitex.gr\/sr\/wp-json\/wp\/v2\/media\/647"}],"wp:attachment":[{"href":"https:\/\/fitex.gr\/sr\/wp-json\/wp\/v2\/media?parent=3331"}],"wp:term":[{"taxonomy":"product_brand","embeddable":true,"href":"https:\/\/fitex.gr\/sr\/wp-json\/wp\/v2\/product_brand?post=3331"},{"taxonomy":"product_cat","embeddable":true,"href":"https:\/\/fitex.gr\/sr\/wp-json\/wp\/v2\/product_cat?post=3331"},{"taxonomy":"product_tag","embeddable":true,"href":"https:\/\/fitex.gr\/sr\/wp-json\/wp\/v2\/product_tag?post=3331"}],"curies":[{"name":"wp","href":"https:\/\/api.w.org\/{rel}","templated":true}]}}