{"id":3324,"date":"2024-09-10T19:56:58","date_gmt":"2024-09-10T16:56:58","guid":{"rendered":"https:\/\/fitex.gr\/?post_type=product&#038;p=3324"},"modified":"2024-10-23T00:27:15","modified_gmt":"2024-10-22T21:27:15","slug":"cement-remover-dap-x","status":"publish","type":"product","link":"https:\/\/fitex.gr\/sr\/\u043f\u0440\u043e\u0438\u0437\u0432\u043e\u0434\/cement-remover-dap-x\/","title":{"rendered":"Cement Remover  DAP-X"},"content":{"rendered":"<p><span style=\"color: #ff0000\"><strong>Primjena<\/strong><\/span><\/p>\n<p>Koristi se takav kakav jeste ili razrije\u0111en vodom u koncentraciji od 10 &#8211; 40% u vodi u zavisnosti od zalijepljene koli\u010dine cementa. Efikasan je i hladan i topao.<\/p>\n<p>Za najbolje rezultate preporu\u010duje se upotreba na temperaturi do 60 \u2070C.<\/p>\n<p>Recirkulacija poma\u017ee otapanju cementa. Vrijeme potrebno za djelovanje je izme\u0111u 15 &#8211; 30 minuta, u zavisnosti od koli\u010dine cementa.<\/p>\n<p>Da biste izra\u010dunali potrebnu koli\u010dinu proizvoda, morate imati na umu da oko 1 kilogram proizvoda rastvara 1 kilogram cementa.<\/p>\n<p>Nanesite bilo kojom konvencionalnom metodom, poput tvrde \u010detke, krpe, spu\u017eve, spreja itd. Ostavite proizvod da djeluje od 15 &#8211; 30 minuta i temeljno operite primjenom vode pod visokim pritiskom.<\/p>\n<p>Tokom reakcije proizvoda stvaraju se cementni mehuric\u0301i, to je pokazatelj da je proizvod jo\u0161 uvijek aktivan. Kada se zaustavi stvaranje mjehuri\u0107a, to je pokazatelj ili da je cement potpuno rastvoren ili da je proizvod neutralisan.<\/p>\n<p>Nakon toga provjerite sistem i ako jo\u0161 ima tragova betona dodajte jo\u0161 malo proizvoda i ponovite gornji postupak.<\/p>\n<p>Kada se sistem o\u010disti, isprati sa puno vode, napuniti sistem vodom i dodati na\u0161 proizvod KEM-NUTRO X u dozi od 1,5 &#8211; 3%.<\/p>\n<p>Zagrijavajte na temperaturi od 50 &#8211; 60 <sup>0<\/sup>C oko dva sata, ispraznite sistem i isperite vodom.<\/p>\n<p><span style=\"color: #ff0000\"><strong>Oprez<\/strong><\/span><\/p>\n<p>Izbjegavajte kontakt s ko\u017eom, odje\u0107om, a posebno s o\u010dima. Potrebna je upotreba za\u0161titnih mjera kao \u0161to su rukavice, maske, nao\u010dale itd. U slu\u010daju kontakta, odmah isprati sa puno vode.<\/p>\n<p>Tako\u0111e, prilikom \u010di\u0161c\u0301enja bilo kog sistema, prostor treba dobro provjetriti.<\/p>\n","protected":false},"excerpt":{"rendered":"<p>&nbsp;<\/p>\n<p>te\u010dni proizvod na bazi kiseline koji efikasno uklanja cement iz rezervoara vozila za prevoz cementa,<\/p>\n<p>za prenos cementa u posude, ma\u0161ine, pumpe, drvene podove itd.<\/p>\n","protected":false},"featured_media":687,"template":"","meta":[],"product_brand":[],"product_cat":[48],"product_tag":[],"class_list":{"0":"post-3324","1":"product","2":"type-product","3":"status-publish","4":"has-post-thumbnail","6":"product_cat-sredstva-za-ciscenje","8":"first","9":"instock","10":"taxable","11":"shipping-taxable","12":"product-type-simple"},"_links":{"self":[{"href":"https:\/\/fitex.gr\/sr\/wp-json\/wp\/v2\/product\/3324","targetHints":{"allow":["GET"]}}],"collection":[{"href":"https:\/\/fitex.gr\/sr\/wp-json\/wp\/v2\/product"}],"about":[{"href":"https:\/\/fitex.gr\/sr\/wp-json\/wp\/v2\/types\/product"}],"wp:featuredmedia":[{"embeddable":true,"href":"https:\/\/fitex.gr\/sr\/wp-json\/wp\/v2\/media\/687"}],"wp:attachment":[{"href":"https:\/\/fitex.gr\/sr\/wp-json\/wp\/v2\/media?parent=3324"}],"wp:term":[{"taxonomy":"product_brand","embeddable":true,"href":"https:\/\/fitex.gr\/sr\/wp-json\/wp\/v2\/product_brand?post=3324"},{"taxonomy":"product_cat","embeddable":true,"href":"https:\/\/fitex.gr\/sr\/wp-json\/wp\/v2\/product_cat?post=3324"},{"taxonomy":"product_tag","embeddable":true,"href":"https:\/\/fitex.gr\/sr\/wp-json\/wp\/v2\/product_tag?post=3324"}],"curies":[{"name":"wp","href":"https:\/\/api.w.org\/{rel}","templated":true}]}}