{"id":3321,"date":"2024-09-10T19:56:54","date_gmt":"2024-09-10T16:56:54","guid":{"rendered":"https:\/\/fitex.gr\/?post_type=product&#038;p=3321"},"modified":"2024-10-23T00:10:16","modified_gmt":"2024-10-22T21:10:16","slug":"sredstvo-za-ciscenje-rostilja-lip-x","status":"publish","type":"product","link":"https:\/\/fitex.gr\/sr\/\u043f\u0440\u043e\u0438\u0437\u0432\u043e\u0434\/sredstvo-za-ciscenje-rostilja-lip-x\/","title":{"rendered":"Sredstvo za \u010di\u0161\u0107enje ro\u0161tilja LIP-X"},"content":{"rendered":"<p>&nbsp;<\/p>\n<p><span style=\"color: #ff0000\"><strong>Upotreba:<\/strong><\/span><\/p>\n<p>LIP-X se koristi za uklanjanje ulja, sagorjelih masno\u0107a i ostataka uglja. Koristi se za \u010di\u0161c\u0301enje ro\u0161tilja i friteza, kao i kuhinjskih nape u restoranima.<\/p>\n<p><span style=\"color: #ff0000\"><strong>Primjena:<\/strong><\/span><\/p>\n<p>LIP-X se nanosi \u010detkom ili sun\u0111erom<\/p>\n<p>kakav jeste. Ostavite da proizvod deluje 10 -20 minuta. Obri\u0161ite materijal \u010detkom ili sun\u0111erom.<\/p>\n<p><span style=\"color: #ff0000\"><strong>Upozorenje:<\/strong><\/span><\/p>\n<p>Ne koristiti na aluminijumskim ili obojenim povr\u0161inama. Ne uti\u010de na aluminijum i boju kada se razbla\u017ei vodom.\u00a0 1:10 (1 dio materijala, 10 dijelova vode).<\/p>\n<p><span style=\"color: #ff0000\"><strong>Oprez:<\/strong><\/span><\/p>\n<p>Izbjegavajte kontakt sa ko\u017eom i o\u010dima. Dr\u017eati dalje od djece.<\/p>\n<p><span style=\"color: #ff0000\"><strong>Izjave o opasnosti<\/strong><strong>:<\/strong><\/span><\/p>\n<p>Izaziva te\u0161ke opekotine ko\u017ee i o\u0161tec\u0301enja o\u010diju. Mo\u017ee biti korozivno za metale.<\/p>\n<p>Mo\u017ee izazvati iritaciju disajnih puteva.<\/p>\n<p><span style=\"color: #ff0000\"><strong>Izjave iz predostro\u017enosti:<\/strong><\/span><\/p>\n<p>Ne udisati pra\u0161inu \/ dim \/ gas \/ izmaglicu\/ isparenja \/ sprej. Nosite za\u0161titne rukavice \/ za\u0161titnu odje\u0107u \/ za\u0161titu za o\u010di \/ za\u0161titu za lice.<\/p>\n<p>U SLU\u010cAJU KONTAKTA SA O\u010cIMA: Isperite oprezno vodom<\/p>\n<p>nekoliko minuta. Uklonite kontaktne lec\u0301e, ako su prisutne i ako je to lako u\u010diniti. Nastavite sa ispiranjem. U SLU\u010cAJU KONTAKTA SA KO\u017dOM (ili kosom): Skinite \/ odmah skinite svu kontaminiranu odec\u0301u. Isperite ko\u017eu vodom \/ tu\u0161em.<\/p>\n<p>Odmah pozovite CENTAR ZA TROVANJE ili ljekara.<\/p>\n<p>\u010cuvati na dobro provjetrenom mjestu. Dr\u017eati posudu dobro zatvorenu.<\/p>\n","protected":false},"excerpt":{"rendered":"<p>&nbsp;<\/p>\n<p>Uklanja masnoc\u0301u i jaku prljav\u0161tinu\u00a0 u kuhinji.<\/p>\n<p><strong><span style=\"color: #ff0000\">Opis:<\/span><\/strong><\/p>\n<p>LIP-X je gusta te\u010dnost vrlo jakog kapaciteta \u010di\u0161c\u0301enja koja se koristi za \u010di\u0161c\u0301enje masnih ostataka uglavnom u tavernama, restoranima itd.<\/p>\n","protected":false},"featured_media":655,"template":"","meta":[],"product_brand":[],"product_cat":[48],"product_tag":[],"class_list":{"0":"post-3321","1":"product","2":"type-product","3":"status-publish","4":"has-post-thumbnail","6":"product_cat-sredstva-za-ciscenje","8":"first","9":"instock","10":"taxable","11":"shipping-taxable","12":"product-type-simple"},"_links":{"self":[{"href":"https:\/\/fitex.gr\/sr\/wp-json\/wp\/v2\/product\/3321","targetHints":{"allow":["GET"]}}],"collection":[{"href":"https:\/\/fitex.gr\/sr\/wp-json\/wp\/v2\/product"}],"about":[{"href":"https:\/\/fitex.gr\/sr\/wp-json\/wp\/v2\/types\/product"}],"wp:featuredmedia":[{"embeddable":true,"href":"https:\/\/fitex.gr\/sr\/wp-json\/wp\/v2\/media\/655"}],"wp:attachment":[{"href":"https:\/\/fitex.gr\/sr\/wp-json\/wp\/v2\/media?parent=3321"}],"wp:term":[{"taxonomy":"product_brand","embeddable":true,"href":"https:\/\/fitex.gr\/sr\/wp-json\/wp\/v2\/product_brand?post=3321"},{"taxonomy":"product_cat","embeddable":true,"href":"https:\/\/fitex.gr\/sr\/wp-json\/wp\/v2\/product_cat?post=3321"},{"taxonomy":"product_tag","embeddable":true,"href":"https:\/\/fitex.gr\/sr\/wp-json\/wp\/v2\/product_tag?post=3321"}],"curies":[{"name":"wp","href":"https:\/\/api.w.org\/{rel}","templated":true}]}}