{"id":3319,"date":"2024-09-10T19:56:53","date_gmt":"2024-09-10T16:56:53","guid":{"rendered":"https:\/\/fitex.gr\/?post_type=product&#038;p=3319"},"modified":"2024-10-23T00:02:26","modified_gmt":"2024-10-22T21:02:26","slug":"cistac-klima-uredaja-x-air","status":"publish","type":"product","link":"https:\/\/fitex.gr\/sr\/\u043f\u0440\u043e\u0438\u0437\u0432\u043e\u0434\/cistac-klima-uredaja-x-air\/","title":{"rendered":"\u010cISTA\u010c KLIMA URE\u0110AJA  X-AIR"},"content":{"rendered":"<p>&nbsp;<\/p>\n<p><span style=\"color: #ff0000\"><strong>Upotreba:<\/strong><\/span><\/p>\n<p>Uklonite filtere i poprskajte proizvod.<\/p>\n<p>Ostavite da deluje 5 minuta. Isperite vodom.<\/p>\n<p>Poprskajte elemente klima ure\u0111aja<\/p>\n<p>iza filtera i uklju\u010dite klima ure\u0111aj za hla\u0111enje vazduha. Proizvod c\u0301e<\/p>\n<p>se ukloniti bez ispiranjakroz kanalizacioni sistem. Ponovite ako je\u00a0 potrebno.<\/p>\n<p>&nbsp;<\/p>\n<p><strong><span style=\"color: #ff0000\">Odobrenja:<\/span><\/strong><\/p>\n<p>X-AIR je odobrila Gr\u010dka Chemical State<\/p>\n<p>&nbsp;<\/p>\n<p><span style=\"color: #ff0000\"><strong>Oprez:<\/strong><\/span><\/p>\n<p>Izbjegavajte kontakt sa o\u010dima i ko\u017eom. Za dalje<\/p>\n<p>informacije pogledajte List sa podacima o sigurnosti materijala<\/p>\n<p>(MSDS).<\/p>\n<p><span style=\"color: #ff0000\"><strong>Prednosti:<\/strong><\/span><\/p>\n<p>q\u00a0\u00a0\u00a0\u00a0\u00a0\u00a0\u00a0\u00a0\u00a0 Nije zapaljivo<\/p>\n<p>q\u00a0\u00a0\u00a0\u00a0\u00a0\u00a0\u00a0\u00a0\u00a0 Ne sadr\u017ei naftu i hlorisane rastvara\u010de.<\/p>\n<p>q\u00a0\u00a0\u00a0\u00a0\u00a0\u00a0\u00a0\u00a0\u00a0 Ugodan miris limuna<\/p>\n<p>q\u00a0\u00a0\u00a0\u00a0\u00a0\u00a0\u00a0\u00a0\u00a0 Sigurno na svim metalima, uklju\u010duju\u0107i osjetljive metale<\/p>\n<p>poput aluminijuma, kalaja, magnezijuma itd.<\/p>\n<p>q\u00a0\u00a0\u00a0\u00a0\u00a0\u00a0\u00a0\u00a0\u00a0 Blago pjeni.<\/p>\n<p>q\u00a0\u00a0\u00a0\u00a0\u00a0\u00a0\u00a0\u00a0\u00a0 Spremno za upotrebu u doma\u0107instvu<\/p>\n","protected":false},"excerpt":{"rendered":"<p>&nbsp;<\/p>\n<p>ZA UNUTRA\u0160NJE JEDINICE<\/p>\n<p><span style=\"color: #ff0000\"><strong>Opis:<\/strong><\/span><\/p>\n<p>X-AIR je te\u010dni proizvod za koji se koristi za\u00a0 \u010di\u0161\u0107enje unutra\u0161njih klima ure\u0111aja (ispariva\u010di, cijevi, zavojnice, filtri itd).<\/p>\n<p>Efikasno uklanja prljav\u0161tinu, pra\u0161inu, vlakna, ulje, masnoc\u0301u, blato, atmosferske mrlje, sa rebara klima ure\u0111aja i namotaja grija\u010da.<\/p>\n<p>\u010ci\u0161c\u0301enje klima ure\u0111aja pomoc\u0301u X-AIR-a<\/p>\n<p>povec\u0301ava protok vazduha i efikasnost jedinice dok<\/p>\n<p>uni\u0161tava bakterije i uklanja mirise.<\/p>\n","protected":false},"featured_media":643,"template":"","meta":[],"product_brand":[],"product_cat":[48],"product_tag":[],"class_list":{"0":"post-3319","1":"product","2":"type-product","3":"status-publish","4":"has-post-thumbnail","6":"product_cat-sredstva-za-ciscenje","8":"first","9":"instock","10":"taxable","11":"shipping-taxable","12":"product-type-simple"},"_links":{"self":[{"href":"https:\/\/fitex.gr\/sr\/wp-json\/wp\/v2\/product\/3319","targetHints":{"allow":["GET"]}}],"collection":[{"href":"https:\/\/fitex.gr\/sr\/wp-json\/wp\/v2\/product"}],"about":[{"href":"https:\/\/fitex.gr\/sr\/wp-json\/wp\/v2\/types\/product"}],"wp:featuredmedia":[{"embeddable":true,"href":"https:\/\/fitex.gr\/sr\/wp-json\/wp\/v2\/media\/643"}],"wp:attachment":[{"href":"https:\/\/fitex.gr\/sr\/wp-json\/wp\/v2\/media?parent=3319"}],"wp:term":[{"taxonomy":"product_brand","embeddable":true,"href":"https:\/\/fitex.gr\/sr\/wp-json\/wp\/v2\/product_brand?post=3319"},{"taxonomy":"product_cat","embeddable":true,"href":"https:\/\/fitex.gr\/sr\/wp-json\/wp\/v2\/product_cat?post=3319"},{"taxonomy":"product_tag","embeddable":true,"href":"https:\/\/fitex.gr\/sr\/wp-json\/wp\/v2\/product_tag?post=3319"}],"curies":[{"name":"wp","href":"https:\/\/api.w.org\/{rel}","templated":true}]}}