{"id":3318,"date":"2024-09-10T19:56:52","date_gmt":"2024-09-10T16:56:52","guid":{"rendered":"https:\/\/fitex.gr\/?post_type=product&#038;p=3318"},"modified":"2024-10-22T23:58:52","modified_gmt":"2024-10-22T20:58:52","slug":"sredstvo-za-ciscenje-budi-x-clean-2","status":"publish","type":"product","link":"https:\/\/fitex.gr\/sr\/\u043f\u0440\u043e\u0438\u0437\u0432\u043e\u0434\/sredstvo-za-ciscenje-budi-x-clean-2\/","title":{"rendered":"Sredstvo za \u010di\u0161c\u0301enje bu\u0111i X-CLEAN"},"content":{"rendered":"<p>&nbsp;<\/p>\n<p><strong>Uklanja bu\u0111, crne mrlje, alge, mahovinu, li\u0161ajeve i druge mikroorganizme sa mjesta i podru\u010dja sa koncentracijom vlage.<\/strong><\/p>\n<p><strong>Nudi jako djelovanje \u010di\u0161\u0107enja u zatvorenim prostorima s velikom vlagom. Prostori poput kupaonica i kuhinja, skladi\u0161ta, podruma, kao i vikendice i ku\u0107e za odmor koji ostaju dugo nekori\u0161tene.<\/strong><\/p>\n<p><strong>Tako\u0111e je idealan za mjesta i podru\u010dja sa visokom koncentracijom vodene pare, npr. spojevi plo\u010dica u kadama i umivaonicima, kao i tu\u0161eva.<\/strong><\/p>\n<p><strong>Koristite ga na otvorenom, ispod balkona, u kutijama za cvije\u0107e, na stepenicama od prirodnog kamena, na krovovima od crijepa, ravnim krovovima prije njihove hidroizolacije i mnogim drugim prostorima.<\/strong><\/p>\n<p><strong>Dobro isperite, ostavite da se povr\u0161ina potpuno osu\u0161i.<\/strong><\/p>\n<p><strong>Ovo je zuzetno drasti\u010dna te\u010dnost za \u010di\u0161\u0107enje.<\/strong><\/p>\n<p><strong>Tokom nano\u0161enja i ispiranja, preporu\u010duje se upotreba za\u0161titnih rukavica<\/strong><strong>.<\/strong><\/p>\n<p><strong>Za\u0161titite i \/ ili pokrijte, prema potrebi, osjetljiva podru\u010dja ili biljke oko povr\u0161ine nano\u0161enja.<\/strong><\/p>\n<p><strong>Poprskajte sa udaljenosti od 20-25 cm i pustite da materijal djeluje pribli\u017eno 10 minuta.<\/strong><\/p>\n<p><strong>Nakon toga isperite sa puno vode<\/strong><\/p>\n","protected":false},"excerpt":{"rendered":"<p>&nbsp;<\/p>\n<p><strong>\u00a0<\/strong><\/p>\n<p><strong>Moc\u0301no sredstvo za \u010di\u0161c\u0301enje koje je izuzetno efikasno za direktno uklanjanje bu\u0111i sa unutra\u0161njih i spolja\u0161njih povr\u0161ina.<\/strong><\/p>\n","protected":false},"featured_media":639,"template":"","meta":[],"product_brand":[],"product_cat":[48],"product_tag":[],"class_list":{"0":"post-3318","1":"product","2":"type-product","3":"status-publish","4":"has-post-thumbnail","6":"product_cat-sredstva-za-ciscenje","8":"first","9":"instock","10":"taxable","11":"shipping-taxable","12":"product-type-simple"},"_links":{"self":[{"href":"https:\/\/fitex.gr\/sr\/wp-json\/wp\/v2\/product\/3318","targetHints":{"allow":["GET"]}}],"collection":[{"href":"https:\/\/fitex.gr\/sr\/wp-json\/wp\/v2\/product"}],"about":[{"href":"https:\/\/fitex.gr\/sr\/wp-json\/wp\/v2\/types\/product"}],"wp:featuredmedia":[{"embeddable":true,"href":"https:\/\/fitex.gr\/sr\/wp-json\/wp\/v2\/media\/639"}],"wp:attachment":[{"href":"https:\/\/fitex.gr\/sr\/wp-json\/wp\/v2\/media?parent=3318"}],"wp:term":[{"taxonomy":"product_brand","embeddable":true,"href":"https:\/\/fitex.gr\/sr\/wp-json\/wp\/v2\/product_brand?post=3318"},{"taxonomy":"product_cat","embeddable":true,"href":"https:\/\/fitex.gr\/sr\/wp-json\/wp\/v2\/product_cat?post=3318"},{"taxonomy":"product_tag","embeddable":true,"href":"https:\/\/fitex.gr\/sr\/wp-json\/wp\/v2\/product_tag?post=3318"}],"curies":[{"name":"wp","href":"https:\/\/api.w.org\/{rel}","templated":true}]}}