{"id":3317,"date":"2024-09-10T19:56:52","date_gmt":"2024-09-10T16:56:52","guid":{"rendered":"https:\/\/fitex.gr\/?post_type=product&#038;p=3317"},"modified":"2024-10-22T23:55:38","modified_gmt":"2024-10-22T20:55:38","slug":"sredstvo-za-ciscenje-kamina-x-fire","status":"publish","type":"product","link":"https:\/\/fitex.gr\/sr\/\u043f\u0440\u043e\u0438\u0437\u0432\u043e\u0434\/sredstvo-za-ciscenje-kamina-x-fire\/","title":{"rendered":"Sredstvo za \u010di\u0161\u0107enje kamina X-FIRE"},"content":{"rendered":"<p>&nbsp;<\/p>\n<p><span style=\"color: #ff0000\"><strong>PRIMJENE<\/strong><\/span><\/p>\n<p>X-FIRE je idealan i za komercijalnu i za ku\u0107nu<\/p>\n<p>upotrebu na re\u0161etkama i ro\u0161tilju, oblo\u017eene pec\u0301i i kamini vatrenom opekom ili livenim gvo\u017e\u0111em. Izbjegavajte kontakt proizvoda ili njegovih para<\/p>\n<p>sa obojenim povr\u0161inama kao i sa onim<\/p>\n<p>od aluminijuma, bakra ili mesinga jer njegova moc\u0301na formula mo\u017ee o\u0161tetiti te povr\u0161ine. Izbjegavajte \u010di\u0161\u0107enje umjetnog ukrasnog kamenja.<\/p>\n<p>Proizvod je pogodan za \u010di\u0161\u0107enje prirodnog kamenja i vatrostalne cigle.<\/p>\n<p><span style=\"color: #ff0000\"><strong>UPOTREBA<\/strong><\/span><\/p>\n<p>X-FIRE je vrlo mo\u0107no sredstvo za \u010di\u0161\u0107enje.<\/p>\n<p>Tokom nano\u0161enja, pa \u010dak i ispiranja, neophodna je upotreba za\u0161titnih rukavica. Naprskajte sa udaljenosti od 20-25 cm i pustite da proizvod djeluje 5 minuta. Nakon toga isperite koriste\u0107i mokru spu\u017evu i puno vode.<\/p>\n<p>Na povr\u0161inama sa postojanim mrljama ponovite postupak.<\/p>\n<p>Za\u0161titite ukrasno prirodno kamenje oko kamina ili ro\u0161tilja od upijanja ulja i masti.<\/p>\n<p>&nbsp;<\/p>\n<p><span style=\"color: #ff0000\"><strong>SKLADI\u0160TENJE<\/strong><\/span><\/p>\n<p>\u010cuvati na zamra\u010denim mjestima najmanje 36 meseci od datuma proizvodnje.<\/p>\n<p><span style=\"color: #ff0000\"><strong>SIGURNOSNA UPUTSTVA<\/strong><\/span><\/p>\n<p>Proizvod je klasifikovan kao korozivan.<\/p>\n<p>Preporu\u010duje se dr\u017eati zaklju\u010dano, dalje od dohvata dece i primjenjivati u dobro provjetrenim mjestima. Prije upotrebe, pogledajte upozorenja na pakovanju proizvoda ili Bezbjednosnom listu<\/p>\n<p><span style=\"color: #ff0000\"><strong>PAKOVANJE<\/strong><\/span><\/p>\n<p>Kartonska kutija sa 15 kom<\/p>\n<p>po 500 ml, kontejner od 4 litre<\/p>\n","protected":false},"excerpt":{"rendered":"<p>&nbsp;<\/p>\n<p>Mo\u0107no aktivno sredstvo za \u010di\u0161\u0107enje kamina.<\/p>\n<p><span style=\"color: #ff0000\"><strong>OSOBINE<\/strong><\/span><\/p>\n<p>Uklanja tvrdoglave mrlje od \u010da\u0111i, uglja, suve<\/p>\n<p>ili sagorjele masti i rastopljenog voska, samo<\/p>\n<p>prskanjem, bez potrebe za ribanjem povr\u0161ina.<\/p>\n<p>Vrac\u0301a izgubljeni sjaj povr\u0161ina na koje se nanosi.<\/p>\n","protected":false},"featured_media":635,"template":"","meta":[],"product_brand":[],"product_cat":[48],"product_tag":[],"class_list":{"0":"post-3317","1":"product","2":"type-product","3":"status-publish","4":"has-post-thumbnail","6":"product_cat-sredstva-za-ciscenje","8":"first","9":"instock","10":"taxable","11":"shipping-taxable","12":"product-type-simple"},"_links":{"self":[{"href":"https:\/\/fitex.gr\/sr\/wp-json\/wp\/v2\/product\/3317","targetHints":{"allow":["GET"]}}],"collection":[{"href":"https:\/\/fitex.gr\/sr\/wp-json\/wp\/v2\/product"}],"about":[{"href":"https:\/\/fitex.gr\/sr\/wp-json\/wp\/v2\/types\/product"}],"wp:featuredmedia":[{"embeddable":true,"href":"https:\/\/fitex.gr\/sr\/wp-json\/wp\/v2\/media\/635"}],"wp:attachment":[{"href":"https:\/\/fitex.gr\/sr\/wp-json\/wp\/v2\/media?parent=3317"}],"wp:term":[{"taxonomy":"product_brand","embeddable":true,"href":"https:\/\/fitex.gr\/sr\/wp-json\/wp\/v2\/product_brand?post=3317"},{"taxonomy":"product_cat","embeddable":true,"href":"https:\/\/fitex.gr\/sr\/wp-json\/wp\/v2\/product_cat?post=3317"},{"taxonomy":"product_tag","embeddable":true,"href":"https:\/\/fitex.gr\/sr\/wp-json\/wp\/v2\/product_tag?post=3317"}],"curies":[{"name":"wp","href":"https:\/\/api.w.org\/{rel}","templated":true}]}}