{"id":3316,"date":"2024-09-10T19:56:51","date_gmt":"2024-09-10T16:56:51","guid":{"rendered":"https:\/\/fitex.gr\/?post_type=product&#038;p=3316"},"modified":"2024-10-22T23:50:56","modified_gmt":"2024-10-22T20:50:56","slug":"sredstvo-za-ciscenje-kamena-x-kam-2","status":"publish","type":"product","link":"https:\/\/fitex.gr\/sr\/\u043f\u0440\u043e\u0438\u0437\u0432\u043e\u0434\/sredstvo-za-ciscenje-kamena-x-kam-2\/","title":{"rendered":"Sredstvo za \u010di\u0161\u0107enje kamena X-KAM"},"content":{"rendered":"<p><span style=\"color: #ff0000\"><strong>Uputstva za upotrebu<\/strong><\/span><\/p>\n<p>Povr\u0161ina za nano\u0161enje mora biti \u010dista i suva. Da biste uklonili dodatke cementnog cementa, rasporedite materijal nerazrije\u0111en o\u010dvrslim da djeluje 3-4 minute.<\/p>\n<p>Na kraju isperite s puno vode. Da biste uklonili tvrdoglave mrlje, upotrijebite materijal s razrije\u0111enjem u vodi od 30% -50%. Pospite i trljajte sun\u0111erom ili o\u010distite jakim usisava\u010dem 2-3 minute. Na kraju isperite s puno vode. Jedan litar je dovoljan za \u010di\u0161c\u0301enje povr\u0161ine 6-8m2<\/p>\n<p>&nbsp;<\/p>\n<p><span style=\"color: #ff0000\"><strong>Oprez:<\/strong><\/span><\/p>\n<p>U slu\u010daju sumnje u pogledu povr\u0161inske \u010dvrsto\u0107e proizvoda, poku\u0161ajte prije da isprobate tecnost u nekom skrivenom delu poda.<\/p>\n","protected":false},"excerpt":{"rendered":"<p>&nbsp;<\/p>\n<p><span style=\"color: #ff0000\"><strong>OSOBINE<\/strong><\/span><\/p>\n<p>X-KAM je teku\u0107e sredstvo za \u010di\u0161\u0107enje koje, za razliku od uobi\u010dajenih sredstava za \u010di\u0161\u0107enje, uspijeva prodrijeti na povr\u0161inu kamena i ukloniti te\u0161ke i postojane mrlje (ostaci cementa, ulja, masti, blato, soli, plijesan itd.).<\/p>\n<p>Ponovo otvara izvorni izgled u vi\u0161elan\u010danom kamenju.<\/p>\n<p>Pogodno za \u010disto prirodno kamenje (Karistos, Karpatos, Pelion, itd)<\/p>\n","protected":false},"featured_media":631,"template":"","meta":[],"product_brand":[],"product_cat":[48],"product_tag":[],"class_list":{"0":"post-3316","1":"product","2":"type-product","3":"status-publish","4":"has-post-thumbnail","6":"product_cat-sredstva-za-ciscenje","8":"first","9":"instock","10":"taxable","11":"shipping-taxable","12":"product-type-simple"},"_links":{"self":[{"href":"https:\/\/fitex.gr\/sr\/wp-json\/wp\/v2\/product\/3316","targetHints":{"allow":["GET"]}}],"collection":[{"href":"https:\/\/fitex.gr\/sr\/wp-json\/wp\/v2\/product"}],"about":[{"href":"https:\/\/fitex.gr\/sr\/wp-json\/wp\/v2\/types\/product"}],"wp:featuredmedia":[{"embeddable":true,"href":"https:\/\/fitex.gr\/sr\/wp-json\/wp\/v2\/media\/631"}],"wp:attachment":[{"href":"https:\/\/fitex.gr\/sr\/wp-json\/wp\/v2\/media?parent=3316"}],"wp:term":[{"taxonomy":"product_brand","embeddable":true,"href":"https:\/\/fitex.gr\/sr\/wp-json\/wp\/v2\/product_brand?post=3316"},{"taxonomy":"product_cat","embeddable":true,"href":"https:\/\/fitex.gr\/sr\/wp-json\/wp\/v2\/product_cat?post=3316"},{"taxonomy":"product_tag","embeddable":true,"href":"https:\/\/fitex.gr\/sr\/wp-json\/wp\/v2\/product_tag?post=3316"}],"curies":[{"name":"wp","href":"https:\/\/api.w.org\/{rel}","templated":true}]}}