{"id":3315,"date":"2024-09-10T19:56:50","date_gmt":"2024-09-10T16:56:50","guid":{"rendered":"https:\/\/fitex.gr\/?post_type=product&#038;p=3315"},"modified":"2024-10-22T23:47:30","modified_gmt":"2024-10-22T20:47:30","slug":"sredstvo-za-uklanjanje-hrde-skour-x","status":"publish","type":"product","link":"https:\/\/fitex.gr\/sr\/\u043f\u0440\u043e\u0438\u0437\u0432\u043e\u0434\/sredstvo-za-uklanjanje-hrde-skour-x\/","title":{"rendered":"SREDSTVO ZA UKLANJANJE HR\u0110E SKOUR-X"},"content":{"rendered":"<p>&nbsp;<\/p>\n<p><span style=\"color: #ff0000\"><strong>Primjena<\/strong><\/span><\/p>\n<p>SREDSTVO ZA UKLANJANJE HR\u0110E se koristi za uklanjanje manje hr\u0111e sa gvo\u017e\u0111a i pove\u0107anje sjaja povr\u0161ina, uklanjanje mrlja sa mesinga, bakra<\/p>\n<p>aluminijuma, kao za\u0161titna prethodna obrada prije<\/p>\n<p>farbanja, uklanjanje isprane hr\u0111e sa manje \u010dvrstog \u010delika teretnih linija i cisterni i na kraju kao \u010dista\u010d<\/p>\n<p>mrlja od r\u0111e sa obojenih povr\u0161ina, stakla, porcelana\u00a0 itd.<\/p>\n<p>&nbsp;<\/p>\n<p><strong><span style=\"color: #ff0000\">Prednosti<\/span><\/strong><\/p>\n<p>SREDSTVO ZA UKLANJANJE HR\u0110E uklanja tamnu boju od hr\u0111e sa povr\u0161ine pru\u017ea za\u0161titu na \u017eeljeznim povr\u0161inama, formira za\u0161titni premaz na \u010deli\u010dnim povr\u0161inama, i biorazgradiv je, nezapaljiv i siguran za obojene povr\u0161ine.<\/p>\n<p><span style=\"color: #ff0000\"><strong>Upotreba:<\/strong><\/span><\/p>\n<p>SREDSTVO ZA UKLANJANJE HR\u0110E se mo\u017ee koristiti u punoj koncentraciji ili razbla\u017een vodom u omjeru<\/p>\n<p>1:4 do 1:6, u zavisnosti od zaprljanog stanja povr\u0161ina koju treba o\u010distiti. Mo\u017ee da se koristi potapanjem ili rasprskivanjem, a zatim se ispira vodom.<\/p>\n<p>Ne koristiti SREDSTVO ZA UKLANJANJE HR\u0110E na cinku, kalaju I galvaniziranim povr\u0161inama.<\/p>\n<p>&nbsp;<\/p>\n<p><span style=\"color: #ff0000\"><strong>Specifikacije<\/strong><\/span><\/p>\n<p>Izgled: Bistra te\u010dnost<\/p>\n<p>Specifi\u010dna gravitacija : 1,17 + 0,02<\/p>\n<p>Temperatura paljenja: Nista<\/p>\n","protected":false},"excerpt":{"rendered":"<p>&nbsp;<\/p>\n<p><span style=\"color: #ff0000\"><strong>Opis<\/strong><\/span><\/p>\n<p>SREDSTVO ZA UKLANJANJE HR\u0110E<\/p>\n<p>je deoksidirajuc\u0301i te\u010dni deterd\u017eent koji sadr\u017ee fosfornu kiselinu i nejonske povr\u0161inski aktivne materije koje se koriste za uklanjanje hr\u0111e i za pove\u0107anje sjaja povr\u0161ine.<\/p>\n","protected":false},"featured_media":627,"template":"","meta":[],"product_brand":[],"product_cat":[48],"product_tag":[],"class_list":{"0":"post-3315","1":"product","2":"type-product","3":"status-publish","4":"has-post-thumbnail","6":"product_cat-sredstva-za-ciscenje","8":"first","9":"instock","10":"taxable","11":"shipping-taxable","12":"product-type-simple"},"_links":{"self":[{"href":"https:\/\/fitex.gr\/sr\/wp-json\/wp\/v2\/product\/3315","targetHints":{"allow":["GET"]}}],"collection":[{"href":"https:\/\/fitex.gr\/sr\/wp-json\/wp\/v2\/product"}],"about":[{"href":"https:\/\/fitex.gr\/sr\/wp-json\/wp\/v2\/types\/product"}],"wp:featuredmedia":[{"embeddable":true,"href":"https:\/\/fitex.gr\/sr\/wp-json\/wp\/v2\/media\/627"}],"wp:attachment":[{"href":"https:\/\/fitex.gr\/sr\/wp-json\/wp\/v2\/media?parent=3315"}],"wp:term":[{"taxonomy":"product_brand","embeddable":true,"href":"https:\/\/fitex.gr\/sr\/wp-json\/wp\/v2\/product_brand?post=3315"},{"taxonomy":"product_cat","embeddable":true,"href":"https:\/\/fitex.gr\/sr\/wp-json\/wp\/v2\/product_cat?post=3315"},{"taxonomy":"product_tag","embeddable":true,"href":"https:\/\/fitex.gr\/sr\/wp-json\/wp\/v2\/product_tag?post=3315"}],"curies":[{"name":"wp","href":"https:\/\/api.w.org\/{rel}","templated":true}]}}