{"id":3313,"date":"2024-09-10T19:56:49","date_gmt":"2024-09-10T16:56:49","guid":{"rendered":"https:\/\/fitex.gr\/?post_type=product&#038;p=3313"},"modified":"2024-10-23T18:45:31","modified_gmt":"2024-10-23T15:45:31","slug":"sredstvo-za-ciscenje-plocica-x-til-2","status":"publish","type":"product","link":"https:\/\/fitex.gr\/sr\/\u043f\u0440\u043e\u0438\u0437\u0432\u043e\u0434\/sredstvo-za-ciscenje-plocica-x-til-2\/","title":{"rendered":"SREDSTVO ZA \u010cI\u0160\u0106ENJE PLO\u010cICA X-TIL"},"content":{"rendered":"<p>&nbsp;<\/p>\n<p><strong><span style=\"color: #ff0000\">PRIMJENE<\/span><\/strong><\/p>\n<p>X-TIL SREDSTVO ZA \u010cI\u0160\u0106ENJE PLO\u010cICA djeluje za nekoliko minuta na zidovima i podovima oblo\u017eenim kerami\u010dkim plo\u010dicama ili nepropusnim granitom. Koristite sredstvo za \u010di\u0161c\u0301enje tek nakon \u0161to pro\u0111e najmanje 20 dana od zavr\u0161etka popunjavanja spojnica. Lako uklanja gra\u0111evinske ostatke sa alata.<\/p>\n<p><span style=\"color: #ff0000\"><strong>UPOTREBA<\/strong><\/span><\/p>\n<p><strong>Priprema<\/strong><\/p>\n<p>Otvorite vrata i prozore kako biste spre\u010dili nakupljanje pare. Za\u0161titite o\u010di i ruke za\u0161titnim nao\u010darama, odnosno gumenim rukavicama. Uklonite sav<\/p>\n<p>pribor od ner\u0111ajuc\u0301eg \u010delika iz primjene i susjednih podru\u010dja. Za\u0161titite sve predmete koji se ne mogu ukloniti, poput slavina za kupatilo, sudopere od ner\u0111ajuc\u0301eg \u010delika i bilo \u0161ta drugo od sli\u010dnih materijala, koristec\u0301i plasti\u010dni pokriva\u010d da sve pokrijete.<\/p>\n<p>Ova mjera predostro\u017enosti spre\u010dic\u0301e oksidaciju materijala iz para. Veoma je po\u017eeljno testirati proizvod na plo\u010dici, prije nego \u0161to ga nanesete na povr\u0161inu (preventivno). Na ovaj na\u010din se izbjegava moguc\u0301a korozija ili promjena boje koja se vrlo rijetko javlja na izuzetno ograni\u010denim vrstama plo\u010dica.<\/p>\n<p><span style=\"color: #ff0000\"><strong>Primjena<\/strong><\/span><\/p>\n<p>Sredstvo za \u010di\u0161\u0107enje plo\u010dica nanosi se nerazrije\u0111eno na povr\u0161inu. Koristite \u010dvrstu metlu ili spu\u0161vu za ribanje, trljajte 2-3 minute i temeljno isperite vodom. Slijedite isti postupak kako biste revitalizirali boju stabilnie i zdrave mase za spojnice.<\/p>\n<p><span style=\"color: #ff0000\"><strong>OGRANI\u010cENJE UPOTREBE<\/strong><\/span><\/p>\n<p>Proizvod se ne preporu\u010duje za \u010di\u0161\u0107enje ukrasnih plo\u010dica, mramora i kre\u010dnjaka i sanitarnih ure\u0111aja.<\/p>\n<p>Za gra\u0111evinske ostatke<\/p>\n<p>POTRO\u0160NJA 1lt\/5-7m2 povr\u0161ine.<\/p>\n<p><span style=\"color: #ff0000\"><strong>SKLADI\u0160TENJE<\/strong><\/span><\/p>\n<p>\u010cuvati na zamra\u010denim mjestima, za\u0161tic\u0301enim od mraza, najmanje 36 meseci od datuma proizvodnje.<\/p>\n<p><span style=\"color: #ff0000\"><strong>SIGURNOSNA UPUTSTVA<\/strong><\/span><\/p>\n<p>Proizvod je nagrizaju\u0107i i nadra\u017euju\u0107i za respiratorni sistem. Preporu\u010duje se dr\u017eati zaklju\u010dano, dalje od dohvata dece i primjenjivati u dobro provetrenim mestima. Prije upotrebe, pogledajte upozorenja na pakovanju<\/p>\n","protected":false},"excerpt":{"rendered":"<p>&nbsp;<\/p>\n<p><span style=\"color: #ff0000\"><strong>OSOBINE<\/strong><\/span><\/p>\n<p>Moc\u0301no sredstvo za \u010di\u0161c\u0301enje sa kiselinom za uklanjanje gra\u0111evinskih ostataka. Otapa i uklanja ostatke vi\u0161ka mase za popunjavanje spojnica, ljepila za plo\u010dice i cementa stvorenih u fazama nano\u0161enja. Temeljno \u010disti i uklanja mrlje od ulja,<\/p>\n<p>kafe, pic\u0301a, kre\u010da, emulzijskih boja, r\u0111e itd. Uz minimalno ribanje uklanja zaga\u0111iva\u010de nakupljene tokom vremena u masi za popunjavanje spojnica, \u010dinec\u0301i njihove boje \u017eivahnijim.<\/p>\n","protected":false},"featured_media":619,"template":"","meta":[],"product_brand":[],"product_cat":[48],"product_tag":[],"class_list":{"0":"post-3313","1":"product","2":"type-product","3":"status-publish","4":"has-post-thumbnail","6":"product_cat-sredstva-za-ciscenje","8":"first","9":"instock","10":"taxable","11":"shipping-taxable","12":"product-type-simple"},"_links":{"self":[{"href":"https:\/\/fitex.gr\/sr\/wp-json\/wp\/v2\/product\/3313","targetHints":{"allow":["GET"]}}],"collection":[{"href":"https:\/\/fitex.gr\/sr\/wp-json\/wp\/v2\/product"}],"about":[{"href":"https:\/\/fitex.gr\/sr\/wp-json\/wp\/v2\/types\/product"}],"wp:featuredmedia":[{"embeddable":true,"href":"https:\/\/fitex.gr\/sr\/wp-json\/wp\/v2\/media\/619"}],"wp:attachment":[{"href":"https:\/\/fitex.gr\/sr\/wp-json\/wp\/v2\/media?parent=3313"}],"wp:term":[{"taxonomy":"product_brand","embeddable":true,"href":"https:\/\/fitex.gr\/sr\/wp-json\/wp\/v2\/product_brand?post=3313"},{"taxonomy":"product_cat","embeddable":true,"href":"https:\/\/fitex.gr\/sr\/wp-json\/wp\/v2\/product_cat?post=3313"},{"taxonomy":"product_tag","embeddable":true,"href":"https:\/\/fitex.gr\/sr\/wp-json\/wp\/v2\/product_tag?post=3313"}],"curies":[{"name":"wp","href":"https:\/\/api.w.org\/{rel}","templated":true}]}}