{"id":3312,"date":"2024-09-10T19:57:39","date_gmt":"2024-09-10T16:57:39","guid":{"rendered":"https:\/\/fitex.gr\/?post_type=product&#038;p=3312"},"modified":"2024-10-22T23:31:56","modified_gmt":"2024-10-22T20:31:56","slug":"fosforna-kiselina-85-h3po4","status":"publish","type":"product","link":"https:\/\/fitex.gr\/sr\/\u043f\u0440\u043e\u0438\u0437\u0432\u043e\u0434\/fosforna-kiselina-85-h3po4\/","title":{"rendered":"Fosforna Kiselina 85%  H3PO4"},"content":{"rendered":"<p>&nbsp;<\/p>\n<table width=\"418\">\n<tbody>\n<tr>\n<td rowspan=\"5\" width=\"208\"><strong>\u00a0\u00a0 Hemijski naziv<\/strong><\/td>\n<td colspan=\"2\" width=\"473\">Fosforna\u00a0Kiselina 85%, aditiv u prehrani E338, Phosphoric Acid, Ortofosforna Kiselina<\/p>\n<p>&nbsp;<\/td>\n<\/tr>\n<tr>\n<td width=\"161\">Molekularna formula:<\/td>\n<td width=\"312\">H<sub>3<\/sub>PO<sub>4<\/sub><\/td>\n<\/tr>\n<tr>\n<td width=\"161\">Molarna masa:<\/td>\n<td width=\"312\">97.99 g\/mol<\/td>\n<\/tr>\n<tr>\n<td width=\"161\">CAS br.<\/td>\n<td width=\"312\">7664-38-2<\/td>\n<\/tr>\n<tr>\n<td width=\"161\">EC br.<\/td>\n<td width=\"312\">231-633-2<\/td>\n<\/tr>\n<\/tbody>\n<\/table>\n<p>Fosforna Kiselina 85%, se koristi kao aditiv u raznim sferama industrijske proizvodnje, naj\u010de\u0161\u0107e se koristi kod:<\/p>\n<p>&nbsp;<\/p>\n<p><span style=\"color: #ff0000\"><strong>Upotreba:<\/strong><\/span><\/p>\n<ol>\n<li>Farmaceutske proizvodnje:<\/li>\n<\/ol>\n<p>&#8211; stomatologija i protetika ;<\/p>\n<p>&nbsp;<\/p>\n<ol start=\"2\">\n<li>Proizvodnje kozmetike kao:<\/li>\n<\/ol>\n<p>&#8211; proizvodnje sredstava oralne hig.;<\/p>\n<p>&#8211; komponenta krema i losiona;<\/p>\n<p>&#8211; sastojak te\u010dnih sapuna;<\/p>\n<p>&nbsp;<\/p>\n<ol start=\"3\">\n<li>Prehrambene proizvodnje kod, kroz razna jedinjenja fosforne kiseline:<\/li>\n<\/ol>\n<p>&#8211; proizvodnje za\u010dina;<\/p>\n<p>&#8211; pekarstva;<\/p>\n<p>&#8211; prerade mesa i morskih plodova<\/p>\n<p>&#8211; proizvodnje instant obroka<\/p>\n<p>&#8211; proizvodnje sladoleda;<\/p>\n<p>&#8211; prerade mle\u010dnih proizvoda.<\/p>\n<p>&nbsp;<\/p>\n<ol start=\"4\">\n<li>Proizvodnje alkoholnih i bezalkoholnih pi\u0107a:<\/li>\n<\/ol>\n<p>&#8211; proizvodnja gaziranih sokova;<\/p>\n<p>&nbsp;<\/p>\n<p>Zbog svojih odli\u010dnih svojstava za skidanje r\u0111e i kamenca svoju primenu ima u vi\u0161e grana industrije za tehni\u010dke namene.<\/p>\n<p>&nbsp;<\/p>\n<p><span style=\"color: #ff0000\"><strong>Pakovanje<\/strong><\/span><\/p>\n<p>31kg HDPE kanister i 1700kg IBC kontejner<\/p>\n","protected":false},"excerpt":{"rendered":"<p>&nbsp;<\/p>\n<p>Bistra uljasta te\u010dnost, sa niskim sadr\u017eajem ne\u010disto\u0107a. Poseduje izuzetnu me\u0161ljivost sa vodom vodi.<\/p>\n<p>Primenjuje se u prehrambenoj industriji u okviru vi\u0161e tehnolo\u0161kih procesa.<\/p>\n","protected":false},"featured_media":1154,"template":"","meta":[],"product_brand":[],"product_cat":[50],"product_tag":[],"class_list":{"0":"post-3312","1":"product","2":"type-product","3":"status-publish","4":"has-post-thumbnail","6":"product_cat-vodoinstalater","8":"first","9":"instock","10":"taxable","11":"shipping-taxable","12":"product-type-simple"},"_links":{"self":[{"href":"https:\/\/fitex.gr\/sr\/wp-json\/wp\/v2\/product\/3312","targetHints":{"allow":["GET"]}}],"collection":[{"href":"https:\/\/fitex.gr\/sr\/wp-json\/wp\/v2\/product"}],"about":[{"href":"https:\/\/fitex.gr\/sr\/wp-json\/wp\/v2\/types\/product"}],"wp:featuredmedia":[{"embeddable":true,"href":"https:\/\/fitex.gr\/sr\/wp-json\/wp\/v2\/media\/1154"}],"wp:attachment":[{"href":"https:\/\/fitex.gr\/sr\/wp-json\/wp\/v2\/media?parent=3312"}],"wp:term":[{"taxonomy":"product_brand","embeddable":true,"href":"https:\/\/fitex.gr\/sr\/wp-json\/wp\/v2\/product_brand?post=3312"},{"taxonomy":"product_cat","embeddable":true,"href":"https:\/\/fitex.gr\/sr\/wp-json\/wp\/v2\/product_cat?post=3312"},{"taxonomy":"product_tag","embeddable":true,"href":"https:\/\/fitex.gr\/sr\/wp-json\/wp\/v2\/product_tag?post=3312"}],"curies":[{"name":"wp","href":"https:\/\/api.w.org\/{rel}","templated":true}]}}