{"id":3311,"date":"2024-09-10T19:58:03","date_gmt":"2024-09-10T16:58:03","guid":{"rendered":"https:\/\/fitex.gr\/?post_type=product&#038;p=3311"},"modified":"2024-10-22T23:29:33","modified_gmt":"2024-10-22T20:29:33","slug":"hlorovodonicna-kiselina-31-33","status":"publish","type":"product","link":"https:\/\/fitex.gr\/sr\/\u043f\u0440\u043e\u0438\u0437\u0432\u043e\u0434\/hlorovodonicna-kiselina-31-33\/","title":{"rendered":"Hlorovodoni\u010dna kiselina 31-33 %"},"content":{"rendered":"<p>&nbsp;<\/p>\n<p><strong>\u00a0<\/strong><\/p>\n<p>Fizi\u010dko \u2013 hemijske karakteristike:<\/p>\n<table style=\"width: 46.7492%\" width=\"311\">\n<tbody>\n<tr>\n<td style=\"width: 43.6128%\">Izgled<\/td>\n<td style=\"width: 131.716%\">Bezbojna prozirna te\u010dnost karkeristi\u010dnog o\u0161trog mirisa<\/td>\n<\/tr>\n<tr>\n<td style=\"width: 43.6128%\">Agregatno stanje<\/td>\n<td style=\"width: 131.716%\">Tecno<\/td>\n<\/tr>\n<tr>\n<td style=\"width: 43.6128%\">Relativna gustina (20\u00b0C)\u00a05,\u00a020, 31-33 %<\/td>\n<td style=\"width: 131.716%\">1.0230; 1.098 ; 1.1593 g\/cm3<\/td>\n<\/tr>\n<tr>\n<td style=\"width: 43.6128%\">Viskoznost<\/td>\n<td style=\"width: 131.716%\">1.7\u00a0mm2\/s (20\u00b0C)<\/td>\n<\/tr>\n<tr>\n<td style=\"width: 43.6128%\">Rastvorljivost<\/td>\n<td style=\"width: 131.716%\">rastvorljiva u vodi, polarnim rastvara\u010dima<\/td>\n<\/tr>\n<\/tbody>\n<\/table>\n<p>*\u00a0podaci za pojedina\u010dne koncentracije rastvora hlorovodoni\u010dne kiseline<\/p>\n<p>kao I ostali parametri dati su u bezbednosnim listovima.<\/p>\n<p><span style=\"color: #ff0000\"><strong>Primena<\/strong><\/span><\/p>\n<p>Upotreba hlorovodoni\u010dne kiseline je veoma rasprostranjena u\u00a0 hemijskoj industriji, u farmacetskoj industriji, prehrambenoj, tekstilnoj industriji i industriji boja. Generalno se koristi za procese skidanje r\u0111e, \u010di\u0161\u0107enje metalnih povr\u0161ina, za ekstrakciju ruda, za regeneraciju jono izmenjiva\u010dkih smola i pode\u0161avanje\/korekciju pH vrednosti u procesima tretmana voda. Sa azotnom kiselinom gradi carsku vodu \u2013 rastvor koji rastvara zlato i platinu. U doma\u0107instvu, razbla\u017eena hlorovodoni\u010dna kiselina koristi se kao reagens za uklanjanje kamenca.<\/p>\n<p><span style=\"color: #ff0000\"><strong>Transport<\/strong><\/span><\/p>\n<p>Transport hlorvodoni\u010dne kiseline vr\u0161i se u skladu sa transportnim pravilima u\u00a0 kamion cisternama od odgovarajuceg materijala ili\u00a0 upakovana u IBC kontejnerima zapremine od 1000 L,-1150 kg I manje, kao i u kanisterima od 31, 50 ili buradima\u00a0 200 L po zahtevu kupca.<\/p>\n<p>&nbsp;<\/p>\n","protected":false},"excerpt":{"rendered":"<p>&nbsp;<\/p>\n<p><strong>Hemijska formula\u00a0\u00a0 HCl\u00a0\u00a0\u00a0\u00a0\u00a0\u00a0\u00a0\u00a0\u00a0\u00a0\u00a0\u00a0\u00a0 <\/strong><\/p>\n<p><span style=\"color: #ff0000\"><strong>Op\u0161te karakteristike<\/strong><strong>:<\/strong><\/span><\/p>\n<p>Hlorovodoni\u010dna ili sona kiselina, molekulske formule HCL je bezbojna neorganska kiselina, koja nastaje rastvaranjem hlorovodonika u vodi. Spada u red jakih kiselina, ima korozivno dejstvo, izaziva te\u0161ke opekotine ko\u017ee i o\u0161te\u0107enje oka, tako\u0111e mo\u017ee izazvati iritaciju respiratornih organa.<\/p>\n","protected":false},"featured_media":1007,"template":"","meta":[],"product_brand":[],"product_cat":[50],"product_tag":[],"class_list":{"0":"post-3311","1":"product","2":"type-product","3":"status-publish","4":"has-post-thumbnail","6":"product_cat-vodoinstalater","8":"first","9":"onbackorder","10":"taxable","11":"shipping-taxable","12":"product-type-simple"},"_links":{"self":[{"href":"https:\/\/fitex.gr\/sr\/wp-json\/wp\/v2\/product\/3311","targetHints":{"allow":["GET"]}}],"collection":[{"href":"https:\/\/fitex.gr\/sr\/wp-json\/wp\/v2\/product"}],"about":[{"href":"https:\/\/fitex.gr\/sr\/wp-json\/wp\/v2\/types\/product"}],"wp:featuredmedia":[{"embeddable":true,"href":"https:\/\/fitex.gr\/sr\/wp-json\/wp\/v2\/media\/1007"}],"wp:attachment":[{"href":"https:\/\/fitex.gr\/sr\/wp-json\/wp\/v2\/media?parent=3311"}],"wp:term":[{"taxonomy":"product_brand","embeddable":true,"href":"https:\/\/fitex.gr\/sr\/wp-json\/wp\/v2\/product_brand?post=3311"},{"taxonomy":"product_cat","embeddable":true,"href":"https:\/\/fitex.gr\/sr\/wp-json\/wp\/v2\/product_cat?post=3311"},{"taxonomy":"product_tag","embeddable":true,"href":"https:\/\/fitex.gr\/sr\/wp-json\/wp\/v2\/product_tag?post=3311"}],"curies":[{"name":"wp","href":"https:\/\/api.w.org\/{rel}","templated":true}]}}