{"id":3310,"date":"2024-09-10T19:57:34","date_gmt":"2024-09-10T16:57:34","guid":{"rendered":"https:\/\/fitex.gr\/?post_type=product&#038;p=3310"},"modified":"2024-10-22T23:25:34","modified_gmt":"2024-10-22T20:25:34","slug":"kausticna-soda","status":"publish","type":"product","link":"https:\/\/fitex.gr\/sr\/\u043f\u0440\u043e\u0438\u0437\u0432\u043e\u0434\/kausticna-soda\/","title":{"rendered":"Kausti\u010dna soda"},"content":{"rendered":"<p>Jako je va\u017eno da pratite uputstva o tome kako bezbedno koristiti proizvod &#8211; sve o tome imate u delu na\u0161eg stranice koji se bavi upravo bezbedno\u0161\u0107u i skladi\u0161tenjem proizvoda. Mo\u017ee se koristiti \u010dak i za uklanjanje boje sa drveta.<\/p>\n<p><span style=\"color: #ff0000\"><strong>Natrijum hidroksid u industriji hrane: <\/strong><\/span><\/p>\n<p>U industriji hrane natrijum hidroksid se koristi za pranje, hemijsko \u010di\u0161\u0107enje vo\u0107a i povr\u0107a, u proizvodnji bezalkoholnih pi\u0107a, sladoleda, \u010dokolade i kakaa, za \u0161urenje \u017eivine i za omek\u0161avanje maslina. Poznat je kao aditiv E 524.<\/p>\n<p>U doma\u0107instvu natrijum hidroksid se koristi za pranje razli\u010ditog posu\u0111a od ner\u0111aju\u0107eg \u010delika i staklenih posuda koje se koriste ze pe\u010denje u rerni. Sredstva za \u010di\u0161\u0107enje rerni su na bazi natrijum hidroksida.<\/p>\n<p><span style=\"color: #ff0000\"><strong>Natrijum hidroksid kao sredstvo za otpu\u0161avanje odvoda<\/strong><\/span><\/p>\n<p>Koristi se za ot\u010depljivanje odvoda, rastvara masti, ali i razgra\u0111uje vlasi kose koje se zadr\u017eavaju u cevima.<\/p>\n<p>Fantasti\u010dna snaga primene NATRIJUM HIDROKSIDA o\u010disti\u0107e sve zaostale dlake, otpatke od hrane, deterd\u017eenata i drugih otpadnih materija ako napravite rastvor sa ovom supstancom i pa\u017eljivo ga sipate u odvod koji je problemati\u010dan.<\/p>\n<p>RASTVOR matrijum hidroksida i vode: Treba da se pome\u0161a od 3:1 do 5:1 kilograma u korist vode &#8211; treba meriti u kilogramima i lu\u017einu i vodu.<\/p>\n<p><span style=\"color: #ff0000\"><strong>Mere opreza prilikom upotrebe natrijum hidroksida<\/strong><\/span><\/p>\n<p>MSDS, Natrijum hidroksid<\/p>\n<p>Koncentrovani natrijum hidroksid je veoma kausti\u010dna hemikalija, jak iritant i koroziv, razgra\u0111uje proteine i lipide u tkivu. Mo\u017ee da izazove opekotine i trajna o\u0161te\u0107enja tkiva sa kojima do\u0111e u kontakt, kao i opekotine o\u010diju koje mogu da dovedu do trajnog o\u0161te\u0107enja oka, kao i do slepila. U tom slu\u010daju je neophodan kontakt sa lekarom.<\/p>\n<p><span style=\"color: #ff0000\"><strong>Za\u0161titna oprema pri rukovanju natrijum hidroksidom<\/strong><\/span><\/p>\n<p>Prilikom rukovanja natrijum hidroksidom potrebna je odgovaraju\u0107a za\u0161titna oprema: gumene rukavice, za\u0161titini mantil i za\u0161titne nao\u010dare.<\/p>\n<p>Standardna prva pomo\u0107 u slu\u010daju da natrijum hidroksid do\u0111e u dodir sa ko\u017eom jeste da se ispira velikom koli\u010dinom vode. Ispiranje vodom je potrebno ponavljati barem deset do petnaest minuta.<\/p>\n<p>Rastvaranje natrijum hidroksida je jako egzoterman proces, pa toplota koja se tom prilikom odaje mo\u017ee da izazove opekotine.<\/p>\n<p>Natrijum hidroksid je korozivan i za staklo, mo\u017ee da o\u0161teti glazuru ili razdvoji spojeve od bru\u0161enog stakla. Korozivan je i za nekoliko metala, kao \u0161to je aluminijum.<\/p>\n<p><span style=\"color: #ff0000\"><strong>Skladi\u0161tenje natrijum hidroksida<\/strong><\/span><\/p>\n<p>Potrebno je pa\u017eljivo \u010duvati natrijum hidroksid i obezbediti odgovaraju\u0107e smernice za \u010duvanje i obu\u010diti zaposlene.<\/p>\n<p>Materijali koji su kompatibilni sa natrijum hidroksidom su polietilen, polivinil hlorid, ner\u0111aju\u0107i \u010delik i plastika oja\u010dana staklenim vlaknima, tako da je najbolje skladi\u0161titi natrijum hidroskid u kontejnerima napravljenim od navedenih materijala. \u0160tok rastvor natrijum hidroksida bi trebalo da se \u010duva u plasti\u010dnim kontejnerima. Staklene kontejnere ne upotrebljavati za \u010duvanje natrijm hidroksida. Volumetrijski rastvor natrijum hidroksida za\u0161tititi od vazduha da bi se spre\u010dilo stvaranje karbonata u rastvoru.<\/p>\n<p>Temperatura na kojoj se \u010duva natrijum hidroksid bi trebalo da bude ispod 15 \u00b0C<\/p>\n","protected":false},"excerpt":{"rendered":"<p>&nbsp;<\/p>\n<p><span style=\"color: #ff0000\"><strong>Natrijum hidroksid u ljuspicama<\/strong>.<\/span><\/p>\n<p>U industriji je natrijum hidroksid poznat i kao sredstvo za pranje razli\u010dite opreme, poput cisterni, posuda, razli\u010ditih industrijskih ma\u0161ina, povr\u0161ina koje se koriste u proizvodnji i sl. Ono \u0161to ga \u010dini vrlo u\u010dinkovitim u ovoj obasti je to \u0161to se u natrijum hidroksidu se rastvaraju masti, ulja i naslage na bazi proteina.<\/p>\n","protected":false},"featured_media":875,"template":"","meta":[],"product_brand":[],"product_cat":[50],"product_tag":[],"class_list":{"0":"post-3310","1":"product","2":"type-product","3":"status-publish","4":"has-post-thumbnail","6":"product_cat-vodoinstalater","8":"first","9":"instock","10":"taxable","11":"shipping-taxable","12":"product-type-simple"},"_links":{"self":[{"href":"https:\/\/fitex.gr\/sr\/wp-json\/wp\/v2\/product\/3310","targetHints":{"allow":["GET"]}}],"collection":[{"href":"https:\/\/fitex.gr\/sr\/wp-json\/wp\/v2\/product"}],"about":[{"href":"https:\/\/fitex.gr\/sr\/wp-json\/wp\/v2\/types\/product"}],"wp:featuredmedia":[{"embeddable":true,"href":"https:\/\/fitex.gr\/sr\/wp-json\/wp\/v2\/media\/875"}],"wp:attachment":[{"href":"https:\/\/fitex.gr\/sr\/wp-json\/wp\/v2\/media?parent=3310"}],"wp:term":[{"taxonomy":"product_brand","embeddable":true,"href":"https:\/\/fitex.gr\/sr\/wp-json\/wp\/v2\/product_brand?post=3310"},{"taxonomy":"product_cat","embeddable":true,"href":"https:\/\/fitex.gr\/sr\/wp-json\/wp\/v2\/product_cat?post=3310"},{"taxonomy":"product_tag","embeddable":true,"href":"https:\/\/fitex.gr\/sr\/wp-json\/wp\/v2\/product_tag?post=3310"}],"curies":[{"name":"wp","href":"https:\/\/api.w.org\/{rel}","templated":true}]}}