{"id":3309,"date":"2024-09-10T19:57:05","date_gmt":"2024-09-10T16:57:05","guid":{"rendered":"https:\/\/fitex.gr\/?post_type=product&#038;p=3309"},"modified":"2024-10-22T23:21:02","modified_gmt":"2024-10-22T20:21:02","slug":"x-air-professional-out","status":"publish","type":"product","link":"https:\/\/fitex.gr\/sr\/\u043f\u0440\u043e\u0438\u0437\u0432\u043e\u0434\/x-air-professional-out\/","title":{"rendered":"X-AIR Professional OUT"},"content":{"rendered":"<p>&nbsp;<\/p>\n<p><span style=\"color: #ff0000\"><strong>Prednosti<\/strong><\/span><\/p>\n<ol>\n<li>a) Nije zapaljiv.<\/li>\n<li>b) Ne sadr\u017ei naftu i hlorisane rastvara\u010de.<\/li>\n<li>c) Sigurno za plasti\u010dne dIJelove, obojene povr\u0161ine i<\/li>\n<li>d) izolacione materijale.<\/li>\n<li>e) Blago pjeni<\/li>\n<li>f) Kiselo je.<\/li>\n<\/ol>\n<p>Upotreba X-AIR Professional OUT doprinosi<\/p>\n<p>povec\u0301anju efikasnosti jedinice, boljem radu izbjegavaju\u0107i pregrijavanje.<\/p>\n<p><strong><span style=\"color: #ff0000\">Upotreba<\/span><\/strong><\/p>\n<p>X-AIR Professional OUT se koristi sam ili razbla\u017een<\/p>\n<p>vodom u omjeru od 1 dijela<\/p>\n<p>X-AIR Professional OUT do 5 dijelova vode i nanosi se<\/p>\n<p>sprejem ili \u010detkom.<\/p>\n<p><span style=\"color: #ff0000\"><strong>Oprez<\/strong><\/span><\/p>\n<p>Izbjegavajte kontakt sa o\u010dima i ko\u017eom. Za daljnje<\/p>\n<p>informacije pogledajte List sa podacima<\/p>\n<p>o sigurnosti materijala (MSDS).<\/p>\n<p><span style=\"color: #ff0000\"><strong>Pakovanje:<\/strong><\/span><\/p>\n<p>X-AIR Professional OUT dostupan je u plasti\u010dnim<\/p>\n<p>kantama od 4 i 20 litara i buradima od 210<\/p>\n<p>litara.<\/p>\n","protected":false},"excerpt":{"rendered":"<p>&nbsp;<\/p>\n<p>SREDSTVO ZA \u010cI\u0160\u0106ENJE KLIMA URE\u0110AJA ZA\u00a0 Vanjske\u00a0 JEDINICE<\/p>\n<p><span style=\"color: #ff0000\"><strong>Opis<\/strong><\/span><\/p>\n<p>X-AIR Professional OUT je kisela te\u010dnost za \u010di\u0161c\u0301enje<\/p>\n<p>spoljnih jedinica klima ure\u0111aja<\/p>\n<p>i hla\u0111enje kondenzatora u fri\u017eideru. Efikasno uklanja<\/p>\n<p>ulje, masnoc\u0301u, blato,<\/p>\n<p>atmosferske mrlje itd.<\/p>\n","protected":false},"featured_media":739,"template":"","meta":[],"product_brand":[],"product_cat":[50],"product_tag":[],"class_list":{"0":"post-3309","1":"product","2":"type-product","3":"status-publish","4":"has-post-thumbnail","6":"product_cat-vodoinstalater","8":"first","9":"instock","10":"taxable","11":"shipping-taxable","12":"product-type-simple"},"_links":{"self":[{"href":"https:\/\/fitex.gr\/sr\/wp-json\/wp\/v2\/product\/3309","targetHints":{"allow":["GET"]}}],"collection":[{"href":"https:\/\/fitex.gr\/sr\/wp-json\/wp\/v2\/product"}],"about":[{"href":"https:\/\/fitex.gr\/sr\/wp-json\/wp\/v2\/types\/product"}],"wp:featuredmedia":[{"embeddable":true,"href":"https:\/\/fitex.gr\/sr\/wp-json\/wp\/v2\/media\/739"}],"wp:attachment":[{"href":"https:\/\/fitex.gr\/sr\/wp-json\/wp\/v2\/media?parent=3309"}],"wp:term":[{"taxonomy":"product_brand","embeddable":true,"href":"https:\/\/fitex.gr\/sr\/wp-json\/wp\/v2\/product_brand?post=3309"},{"taxonomy":"product_cat","embeddable":true,"href":"https:\/\/fitex.gr\/sr\/wp-json\/wp\/v2\/product_cat?post=3309"},{"taxonomy":"product_tag","embeddable":true,"href":"https:\/\/fitex.gr\/sr\/wp-json\/wp\/v2\/product_tag?post=3309"}],"curies":[{"name":"wp","href":"https:\/\/api.w.org\/{rel}","templated":true}]}}