{"id":3308,"date":"2024-09-10T19:57:00","date_gmt":"2024-09-10T16:57:00","guid":{"rendered":"https:\/\/fitex.gr\/?post_type=product&#038;p=3308"},"modified":"2024-10-22T23:18:10","modified_gmt":"2024-10-22T20:18:10","slug":"x-air-professional-in","status":"publish","type":"product","link":"https:\/\/fitex.gr\/sr\/\u043f\u0440\u043e\u0438\u0437\u0432\u043e\u0434\/x-air-professional-in\/","title":{"rendered":"X-AIR Professional IN"},"content":{"rendered":"<p>&nbsp;<\/p>\n<p>Efikasno uklanja naslage<\/p>\n<p>tvrde vode, prljav\u0161tinu, pra\u0161inu, vlakna, ulje, mast,<\/p>\n<p>blato, atmosferske mrlje, sa rebara klima<\/p>\n<p>ure\u0111aja i namotaja grija\u010da<\/p>\n<p>&nbsp;<\/p>\n<p><span style=\"color: #ff0000\"><strong>Prednosti<\/strong><\/span><\/p>\n<ol>\n<li>a) Nije zapaljiv.<\/li>\n<li>b) Ne sadr\u017ei naftu i hlorisane rastvara\u010de.<\/li>\n<li>c) Ima prijatan miris.<\/li>\n<li>d) Sigurno na svim metalima, uklju\u010dujuc\u0301i osjetljive metale poput aluminijuma, kalaja, magnezijuma itd.<\/li>\n<li>e) Blago pjeni<\/li>\n<\/ol>\n<p>\u010ci\u0161c\u0301enje klima ure\u0111aja pomoc\u0301u X-AIR Professional<\/p>\n<p>IN\u00a0 povec\u0301ava protok vazduha<\/p>\n<p>i efikasnost ure\u0111aja dok uni\u0161tava bakterije i uklanja mirise.<\/p>\n<p>&nbsp;<\/p>\n<p><span style=\"color: #ff0000\"><strong>Upotreba:<\/strong><\/span><\/p>\n<p>X-AIR Professional in se koristi sam ili razbla\u017een vodom u omjeru<\/p>\n<p>od 1 dijela do 5 dijelova vode<\/p>\n<p>i nanosi se sprejem ili \u010detkom.<\/p>\n<p><span style=\"color: #ff0000\"><strong>Oprez<\/strong><\/span><\/p>\n<p>Izbjegavajte kontakt sa o\u010dima i ko\u017eom. Za daljnje<\/p>\n<p>informacije pogledajte List sa podacima<\/p>\n<p>o sigurnosti materijala (MSDS).<\/p>\n<p><strong><span style=\"color: #ff0000\">Pakovanje:<\/span><\/strong><\/p>\n<p>X-AIR Professional IN dostupan je u plasti\u010dnim<\/p>\n<p>kantama od 4 i 20 litara i buradima od 210 litara.<\/p>\n<p>&nbsp;<\/p>\n","protected":false},"excerpt":{"rendered":"<p>&nbsp;<\/p>\n<p>SREDSTVO ZA \u010cI\u0160\u0106ENJE KLIMA URE\u0110AJA ZA UNUTRASNJE\u00a0 JEDINICE<\/p>\n<p><span style=\"color: #ff0000\"><strong>Opis<\/strong><\/span><\/p>\n<p>X-AIR je te\u010dni proizvod za koji se koristi za<\/p>\n<p>unutra\u0161nje \u010di\u0161c\u0301enje klima ure\u0111aja,<\/p>\n<p>(ispariva\u010di, cijevi, zavojnice, filteri itd.<\/p>\n","protected":false},"featured_media":703,"template":"","meta":[],"product_brand":[],"product_cat":[50],"product_tag":[],"class_list":{"0":"post-3308","1":"product","2":"type-product","3":"status-publish","4":"has-post-thumbnail","6":"product_cat-vodoinstalater","8":"first","9":"instock","10":"taxable","11":"shipping-taxable","12":"product-type-simple"},"_links":{"self":[{"href":"https:\/\/fitex.gr\/sr\/wp-json\/wp\/v2\/product\/3308","targetHints":{"allow":["GET"]}}],"collection":[{"href":"https:\/\/fitex.gr\/sr\/wp-json\/wp\/v2\/product"}],"about":[{"href":"https:\/\/fitex.gr\/sr\/wp-json\/wp\/v2\/types\/product"}],"wp:featuredmedia":[{"embeddable":true,"href":"https:\/\/fitex.gr\/sr\/wp-json\/wp\/v2\/media\/703"}],"wp:attachment":[{"href":"https:\/\/fitex.gr\/sr\/wp-json\/wp\/v2\/media?parent=3308"}],"wp:term":[{"taxonomy":"product_brand","embeddable":true,"href":"https:\/\/fitex.gr\/sr\/wp-json\/wp\/v2\/product_brand?post=3308"},{"taxonomy":"product_cat","embeddable":true,"href":"https:\/\/fitex.gr\/sr\/wp-json\/wp\/v2\/product_cat?post=3308"},{"taxonomy":"product_tag","embeddable":true,"href":"https:\/\/fitex.gr\/sr\/wp-json\/wp\/v2\/product_tag?post=3308"}],"curies":[{"name":"wp","href":"https:\/\/api.w.org\/{rel}","templated":true}]}}