{"id":3305,"date":"2024-09-10T19:56:57","date_gmt":"2024-09-10T16:56:57","guid":{"rendered":"https:\/\/fitex.gr\/?post_type=product&#038;p=3305"},"modified":"2024-10-22T23:12:23","modified_gmt":"2024-10-22T20:12:23","slug":"antifriz-x-frost","status":"publish","type":"product","link":"https:\/\/fitex.gr\/sr\/\u043f\u0440\u043e\u0438\u0437\u0432\u043e\u0434\/antifriz-x-frost\/","title":{"rendered":"ANTIFRIZ   X-FROST"},"content":{"rendered":"<p>&nbsp;<\/p>\n<p>&nbsp;<\/p>\n<p><strong>X-FROST <\/strong>je okarakterisan kao bezbjedan aditiv za hranu u skladu sa ameri\u010dkim propisima FDA (CFR kod 184.1666).<\/p>\n<p><span style=\"color: #ff0000\"><strong>\u00a0\u00a0\u00a0\u00a0\u00a0\u00a0\u00a0\u00a0\u00a0 <u>Primjena<\/u>:<\/strong><\/span><\/p>\n<p><strong>X-FROST <\/strong>se koristi u prehrambenoj industriji, solarnim kotlovima, sistemima za rashladnu vodu i bilo kojoj drugoj upotrebi kada se tra\u017ei netoksi\u010dan proizvod sa niskom ta\u010dkom ledi\u0161ta.<\/p>\n<p>Propilen glikol ima ozbiljne probleme s korozijom.<\/p>\n<p><strong>X-FROST <\/strong>sadr\u017ei posebne inhibitore korozije koji uklanjaju probleme korozije i produ\u017eavaju vijek trajanja rashladnih sistema.<\/p>\n<p>Pored toga, vezivima za tvrdoc\u0301u vode, sekvestrantima i inhibitorima kamenca spre\u010dava se stvaranje kamenca i kao rezultat odr\u017eavaju se optimalne performanse sistema.<\/p>\n<p><span style=\"color: #ff0000\"><strong><u>Upotreba<\/u>:<\/strong><\/span><\/p>\n<p><strong>X-FROST <\/strong>se uvijek koristi razrije\u0111en s vodom. Slijedite donju tabelu kako biste postigli \u017eeljenu ta\u010dku sipanja:<\/p>\n<table>\n<tbody>\n<tr>\n<td colspan=\"3\" width=\"332\">\u00a0\u00a0\u00a0\u00a0\u00a0\u00a0\u00a0\u00a0\u00a0\u00a0\u00a0\u00a0\u00a0\u00a0\u00a0\u00a0\u00a0 Kako jeste<\/p>\n<p>&nbsp;<\/td>\n<td width=\"145\">\u00a0-55<sup>\u03bf<\/sup>C<\/td>\n<\/tr>\n<tr>\n<td width=\"63\">50%<\/td>\n<td width=\"124\">1 dio<\/p>\n<p><strong>X-FROST<\/strong><\/td>\n<td width=\"145\">1 dio vode<\/td>\n<td width=\"145\">\u00a0-30<sup>\u03bf<\/sup>C <u>+<\/u> 2<\/td>\n<\/tr>\n<tr>\n<td width=\"63\">40%<\/td>\n<td width=\"124\">1 dio<\/p>\n<p><strong>X-FROST<\/strong><\/td>\n<td width=\"145\">\u00a0\u00a0 1,5 dio vode<\/td>\n<td width=\"145\">\u00a0-20<sup>\u03bf<\/sup>C <u>+<\/u> 2<\/td>\n<\/tr>\n<tr>\n<td width=\"63\">33%<\/td>\n<td width=\"124\">1 dio<\/p>\n<p><strong>X-FROST<\/strong><\/td>\n<td width=\"145\">2 dijela vode<\/td>\n<td width=\"145\">\u00a0-15<sup>\u03bf<\/sup>C <u>+<\/u> 2<\/td>\n<\/tr>\n<tr>\n<td width=\"63\">25%<\/td>\n<td width=\"124\">1 dio<\/p>\n<p><strong>X-FROST<\/strong><\/td>\n<td width=\"145\">3 dijela vode<\/td>\n<td width=\"145\">\u00a0-10<sup>\u03bf<\/sup>C <u>+<\/u> 2<\/td>\n<\/tr>\n<tr>\n<td width=\"63\">17%<\/td>\n<td width=\"124\">1 dio<\/p>\n<p><strong>X-FROST<\/strong><\/td>\n<td width=\"145\">5 dijelova vode<\/td>\n<td width=\"145\">\u00a0-5<sup>\u03bf<\/sup>C <u>+<\/u> 2<\/td>\n<\/tr>\n<\/tbody>\n<\/table>\n<p>&nbsp;<\/p>\n<p><strong>Sigurnost: <\/strong>Izbjegavajte kontakt sa ko\u017eom i o\u010dima.\u00a0 Za vi\u0161e detalja pogledajte \u00a0\u00a0\u00a0\u00a0\u00a0\u00a0\u00a0\u00a0\u00a0\u00a0\u00a0\u00a0\u00a0\u00a0\u00a0Bezbjednosni list (M.S.D.S.).<\/p>\n","protected":false},"excerpt":{"rendered":"<p><strong>ANTI KOROZIV &#8211; NETOKSI\u010cAN <\/strong><\/p>\n<p><strong>&amp; POGODAN ZA PREHRAMBENU INDUSTRIJU<\/strong><\/p>\n<p>&nbsp;<\/p>\n<p><strong>X-FROST<\/strong> je specijalni proizvod protiv smrzavanja na bazi propilen glikola. Tako\u0111e sadr\u017ei veziva za tvrdoc\u0301u vode, sekvestranse, inhibitore kamenca i antikorozivne aditive.<\/p>\n","protected":false},"featured_media":675,"template":"","meta":[],"product_brand":[],"product_cat":[50],"product_tag":[],"class_list":{"0":"post-3305","1":"product","2":"type-product","3":"status-publish","4":"has-post-thumbnail","6":"product_cat-vodoinstalater","8":"first","9":"instock","10":"taxable","11":"shipping-taxable","12":"product-type-simple"},"_links":{"self":[{"href":"https:\/\/fitex.gr\/sr\/wp-json\/wp\/v2\/product\/3305","targetHints":{"allow":["GET"]}}],"collection":[{"href":"https:\/\/fitex.gr\/sr\/wp-json\/wp\/v2\/product"}],"about":[{"href":"https:\/\/fitex.gr\/sr\/wp-json\/wp\/v2\/types\/product"}],"wp:featuredmedia":[{"embeddable":true,"href":"https:\/\/fitex.gr\/sr\/wp-json\/wp\/v2\/media\/675"}],"wp:attachment":[{"href":"https:\/\/fitex.gr\/sr\/wp-json\/wp\/v2\/media?parent=3305"}],"wp:term":[{"taxonomy":"product_brand","embeddable":true,"href":"https:\/\/fitex.gr\/sr\/wp-json\/wp\/v2\/product_brand?post=3305"},{"taxonomy":"product_cat","embeddable":true,"href":"https:\/\/fitex.gr\/sr\/wp-json\/wp\/v2\/product_cat?post=3305"},{"taxonomy":"product_tag","embeddable":true,"href":"https:\/\/fitex.gr\/sr\/wp-json\/wp\/v2\/product_tag?post=3305"}],"curies":[{"name":"wp","href":"https:\/\/api.w.org\/{rel}","templated":true}]}}