{"id":3304,"date":"2024-09-10T19:56:57","date_gmt":"2024-09-10T16:56:57","guid":{"rendered":"https:\/\/fitex.gr\/?post_type=product&#038;p=3304"},"modified":"2024-10-22T21:52:16","modified_gmt":"2024-10-22T18:52:16","slug":"bio-x-liquid","status":"publish","type":"product","link":"https:\/\/fitex.gr\/sr\/\u043f\u0440\u043e\u0438\u0437\u0432\u043e\u0434\/bio-x-liquid\/","title":{"rendered":"BIO-X- LIQUID"},"content":{"rendered":"<p>&nbsp;<\/p>\n<p>Sve bakterije koje se koriste u BIO-X- LIQUID se prirodno javljaju, nisu genetski in\u017eenjerirne i podvrgnute su strogom pregledu antibiotika. Stoga je sredstvo sigurno za upotrebu.<\/p>\n<p>Formuli\u0161uc\u0301i bakterijske sojeve koji proizvode velike koli\u010dine enzima, BIO-X- LIQUID kada se koristi rutinski, dopunjavac\u0301e normalno prisutne bakterije i time br\u017ee i bolje razgra\u0111ivati otpadne materijale.<\/p>\n<p><span style=\"color: #ff0000\"><strong>Primjena:<\/strong><\/span><\/p>\n<p>BIO-X- LIQUID mo\u017ee se primijeniti slug doziranjem ili doziranjem direktno u kanalizacijski rezervoar (tj. brodski sanitarni ure\u0111aj (MSD), sistem za sakupljanje, zadr\u017eavanje i prenos (CHTS) ili drugi tip rezervoara).<\/p>\n<p>Prikladnija metoda je nano\u0161enje direktno na kuhinjske i toaletne \u010dvorove\u00a0 (npr. toalet, sudoper, tu\u0161 i otvor za isticanje vode) kao pH neutralno sredstvo za \u010di\u0161\u0107enje koje zamjenjuje o\u0161tre kiseline, kausti\u010dne proizvode i proizvode na bazi bjelila koji su vrlo \u0161tetni za normalan rad bilo kojeg biolo\u0161kog sistema.<\/p>\n<p>BIO-X- LIQUID funkcioni\u0161e u opsegu pH od 5,5-8,5 i temperaturnom opsegu od 10-44 \u2070C. Ekstremni pH i temperature kao i \u0161iroka pomjeranja bilo kog parametra tokom kratkog vremenskog perioda treba izbjegavati.<\/p>\n<p><span style=\"color: #ff0000\"><strong>Upotreba:<\/strong><\/span><\/p>\n<p>Kanalizacija &#8211; Rezervoari za dr\u017eanje: Po\u010detnu dozu od 1 litra BIO-X-LIQUID na rezervoar od 1000 litara treba dodati direktno u rezervoar i ostaviti najmanje 24 sata nakon po\u010detne primjene da se sistem pravilno aktivira.<\/p>\n<p>Za odr\u017eavanje treba dodati dozu od 0,25 litara na 1000 litara dodatnog otpada svakih 7 &#8211; 10 dana.<\/p>\n<p>&nbsp;<\/p>\n<p>Odvodi \u2013 kanalizacijski cjevovodi: Kada se koristi kao sredstvo za \u010di\u0161c\u0301enje oko 100 ml te\u010dnosti BIO-X- LIQUID treba nanositi na svakih 8 &#8211; 10 dana u svaku posudu, sudoper i odvod na isti na\u010din kao i bilo koje drugo sredstvo za \u010di\u0161c\u0301enje doma.<\/p>\n<p>Napomena: Kada se koristi kao sredstvo za \u010di\u0161c\u0301enje, BIO-X- LIQUID c\u0301e postic\u0301i maksimalne rezultate djelimi\u010dno zahvaljujuc\u0301i uklanjanju blokade vodova.<\/p>\n<p><span style=\"color: #ff0000\"><strong>Fizi\u010dke karakteristike:<\/strong><\/span><\/p>\n<p>Izgled: Bijela te\u010dna kultura.<\/p>\n<p>Miris: Blago parfimisan.<\/p>\n<p>Rastvorljivost: Potpuno u vodi.<\/p>\n<p>Temperatura paljenja: Nema<\/p>\n<p>pH: 5.5 \u2013 8.5<\/p>\n<p><span style=\"color: #ff0000\"><strong>Skladi\u0161tenje:<\/strong><\/span><\/p>\n<p>\u010cuvati na hladnom i suvom mestu. Dr\u017eite posudu zatvorenu kada se ne koristi.<\/p>\n","protected":false},"excerpt":{"rendered":"<p>&nbsp;<\/p>\n<p><strong>BIO-X- LIQUID<\/strong> je stabilna koncentrovana te\u010dna mje\u0161avina \u017eivih aerobnih i anaerobnih bakterija, posebno odabrana i prilago\u0111ena njihovoj sposobnosti da proizvode enzime neophodne za razgradnju sanitarnog otpada.<\/p>\n","protected":false},"featured_media":679,"template":"","meta":[],"product_brand":[],"product_cat":[48],"product_tag":[],"class_list":{"0":"post-3304","1":"product","2":"type-product","3":"status-publish","4":"has-post-thumbnail","6":"product_cat-sredstva-za-ciscenje","8":"first","9":"instock","10":"taxable","11":"shipping-taxable","12":"product-type-simple"},"_links":{"self":[{"href":"https:\/\/fitex.gr\/sr\/wp-json\/wp\/v2\/product\/3304","targetHints":{"allow":["GET"]}}],"collection":[{"href":"https:\/\/fitex.gr\/sr\/wp-json\/wp\/v2\/product"}],"about":[{"href":"https:\/\/fitex.gr\/sr\/wp-json\/wp\/v2\/types\/product"}],"wp:featuredmedia":[{"embeddable":true,"href":"https:\/\/fitex.gr\/sr\/wp-json\/wp\/v2\/media\/679"}],"wp:attachment":[{"href":"https:\/\/fitex.gr\/sr\/wp-json\/wp\/v2\/media?parent=3304"}],"wp:term":[{"taxonomy":"product_brand","embeddable":true,"href":"https:\/\/fitex.gr\/sr\/wp-json\/wp\/v2\/product_brand?post=3304"},{"taxonomy":"product_cat","embeddable":true,"href":"https:\/\/fitex.gr\/sr\/wp-json\/wp\/v2\/product_cat?post=3304"},{"taxonomy":"product_tag","embeddable":true,"href":"https:\/\/fitex.gr\/sr\/wp-json\/wp\/v2\/product_tag?post=3304"}],"curies":[{"name":"wp","href":"https:\/\/api.w.org\/{rel}","templated":true}]}}