{"id":3301,"date":"2024-09-10T19:57:11","date_gmt":"2024-09-10T16:57:11","guid":{"rendered":"https:\/\/fitex.gr\/?post_type=product&#038;p=3301"},"modified":"2024-10-22T21:40:20","modified_gmt":"2024-10-22T18:40:20","slug":"2016-silikonski-sprej-za-podmazivanje","status":"publish","type":"product","link":"https:\/\/fitex.gr\/sr\/\u043f\u0440\u043e\u0438\u0437\u0432\u043e\u0434\/2016-silikonski-sprej-za-podmazivanje\/","title":{"rendered":"2016 &#8211; SILIKONSKI SPREJ ZA PODMAZIVANJE"},"content":{"rendered":"<p>&nbsp;<\/p>\n<p><span style=\"color: #ff0000\"><strong>Ops &#8211; Upotreba:<\/strong><\/span><\/p>\n<p>2016- SILIKONSKI SPREJ ZA PODMAZIVANJE pogodan je za televizore, kancelarijsku opremu,<\/p>\n<p>monta\u017ene linije u fabrikama itd. Odr\u017eava elektri\u010dne i elektronske elemente. \u0160titi od hr\u0111e i korozije metalnih dijelova. Odr\u017eava, \u0161titi i daje sjaj ko\u017ei, plastici, gumi.<\/p>\n<p>Idealno za automobilske instument table, presvlake jahti itd. Tako\u0111e se koristi za vrata, brave, elektronske instrumente, automobile, vanbrodske motore, zablokirane mehanizme i HILJADE DRUGI<\/p>\n<p><span style=\"color: #ff0000\"><strong>UPOTREBA.<\/strong><\/span><\/p>\n<p>2016- SILIKONSKI SPREJ ZA PODMAZIVANJE je mazivo sa silikonom za trake za tr\u010danje, plasti\u010dne i metalne zup\u010danike, kao i sredstvo za otpu\u0161tanje kalupa i za\u0161tita od hr\u0111e i korozije.<\/p>\n<p><span style=\"color: #ff0000\"><strong>Prednosti:<\/strong><\/span><\/p>\n<ul>\n<li>Bez boje, mirisa i netoksi\u010dan.<\/li>\n<li>Ne sadr\u017ei hlorovane ugljovodonike<\/li>\n<li>Pru\u017ea izvrsno podmazivanje<\/li>\n<li>Idealan za povr\u0161ine poput elastometara i plastike gjde su maziva na bazi nafte neprikladna<\/li>\n<li>Elimini\u0161e mogu\u0107nost slijepljenosti, vezivanja, \u0161kripanja<\/li>\n<li>Pri produ\u017eenom su\u0161enju stvara prozirni, suvi film.<\/li>\n<li>Sigurna za upotrebu na vec\u0301ini povr\u0161ina<\/li>\n<li>Idealan za \u010di\u0161c\u0301enje i sjaj inoksa i nehr\u0111ajuc\u0301eg \u010delika<\/li>\n<\/ul>\n<p><span style=\"color: #ff0000\"><strong>Primjena:<\/strong><\/span><\/p>\n<p>Nasprejajte 2016-SILIKONSKI SPREJ ZA PODMAZIVANJE na povr\u0161inu sa udaljenosti od 15 &#8211; 20 cm i ne bri\u0161ite.<\/p>\n<p><span style=\"color: #ff0000\"><strong>Oprez:<\/strong><\/span><\/p>\n<p>Kontejner pod pritiskom. Nemojte bu\u0161iti ili izlagati plamenu \u010dak ni nakon upotrebe. Za dalja uputstva pogledajte List sa podacima o sigurnosti materijala (MSDS).<\/p>\n<p><span style=\"color: #ff0000\"><strong>Pakovanje:<\/strong><\/span><\/p>\n<p>2016- SILIKONSKI SPREJ ZA PODMAZIVANJE je dostupan u aerosolnim limenkama od 400 ml<\/p>\n<p>&nbsp;<\/p>\n<p>&nbsp;<\/p>\n","protected":false},"excerpt":{"rendered":"<p>SILIKONSKI SPREJ ZA PODMAZIVANJE OTPU\u0160TANJE KALUPA<\/p>\n<p>PODMAZIVANJE TRAKE ZA TR\u010cANJE POLIRA POVR\u0160INE I ANTISTATI\u010cAN<\/p>\n<p>&nbsp;<\/p>\n","protected":false},"featured_media":0,"template":"","meta":[],"product_brand":[],"product_cat":[47],"product_tag":[],"class_list":{"0":"post-3301","1":"product","2":"type-product","3":"status-publish","5":"product_cat-sprej","7":"first","8":"instock","9":"taxable","10":"shipping-taxable","11":"product-type-simple"},"_links":{"self":[{"href":"https:\/\/fitex.gr\/sr\/wp-json\/wp\/v2\/product\/3301","targetHints":{"allow":["GET"]}}],"collection":[{"href":"https:\/\/fitex.gr\/sr\/wp-json\/wp\/v2\/product"}],"about":[{"href":"https:\/\/fitex.gr\/sr\/wp-json\/wp\/v2\/types\/product"}],"wp:attachment":[{"href":"https:\/\/fitex.gr\/sr\/wp-json\/wp\/v2\/media?parent=3301"}],"wp:term":[{"taxonomy":"product_brand","embeddable":true,"href":"https:\/\/fitex.gr\/sr\/wp-json\/wp\/v2\/product_brand?post=3301"},{"taxonomy":"product_cat","embeddable":true,"href":"https:\/\/fitex.gr\/sr\/wp-json\/wp\/v2\/product_cat?post=3301"},{"taxonomy":"product_tag","embeddable":true,"href":"https:\/\/fitex.gr\/sr\/wp-json\/wp\/v2\/product_tag?post=3301"}],"curies":[{"name":"wp","href":"https:\/\/api.w.org\/{rel}","templated":true}]}}