{"id":3300,"date":"2024-09-10T19:57:01","date_gmt":"2024-09-10T16:57:01","guid":{"rendered":"https:\/\/fitex.gr\/?post_type=product&#038;p=3300"},"modified":"2024-10-22T21:30:38","modified_gmt":"2024-10-22T18:30:38","slug":"2015-litijumova-mast","status":"publish","type":"product","link":"https:\/\/fitex.gr\/sr\/\u043f\u0440\u043e\u0438\u0437\u0432\u043e\u0434\/2015-litijumova-mast\/","title":{"rendered":"2015- LITIJUMOVA MAST"},"content":{"rendered":"<p>&nbsp;<\/p>\n<p>&nbsp;<\/p>\n<p>Podmazuje i \u0161titi od vlage, hr\u0111e i korozije.<\/p>\n<p>Minimizira trenje i habanje<\/p>\n<p>Spre\u010dava \u0161kripanje.<\/p>\n<p>Toplo se preporu\u010duje za\u00a0 lance na motociklima, kablove, mjenja\u010de, ko\u010dione mehanizme, mehanizme vrata, radio antene, vanbrodske i unutra\u0161nje motore, opruge, kugli\u010dne le\u017eajeve, rekreativnu opremu, poljoprivrednu opremu itd.<\/p>\n<p>PRODU\u017dA \u017dIVOT POKRETNIH DIjELOVA<\/p>\n<p>Sadr\u017eaj pod pritiskom.<\/p>\n<p>Ne prskajte na otvoreni plamen ili vruc\u0301e povr\u0161ine.<\/p>\n<p>Ne izlagati sun\u010devim zracima<\/p>\n<p>&#8211; ne izlagati temperaturi preko 50 oC.<\/p>\n<p>Ne udisati pare.<\/p>\n<p>Nemojte probijati bocu ili spaljivati je \u010dak i kada je prazna.<\/p>\n<p>Dr\u017eati dalje od djece.<\/p>\n","protected":false},"excerpt":{"rendered":"<p>&nbsp;<\/p>\n<p><strong>BIJELA LITIJUMOVA MAST VISOKE KVALITET <\/strong><\/p>\n<p><strong>DUGOTRAJNI VODOOTPORNI FILM<\/strong><\/p>\n","protected":false},"featured_media":711,"template":"","meta":[],"product_brand":[],"product_cat":[47],"product_tag":[],"class_list":{"0":"post-3300","1":"product","2":"type-product","3":"status-publish","4":"has-post-thumbnail","6":"product_cat-sprej","8":"first","9":"instock","10":"taxable","11":"shipping-taxable","12":"product-type-simple"},"_links":{"self":[{"href":"https:\/\/fitex.gr\/sr\/wp-json\/wp\/v2\/product\/3300","targetHints":{"allow":["GET"]}}],"collection":[{"href":"https:\/\/fitex.gr\/sr\/wp-json\/wp\/v2\/product"}],"about":[{"href":"https:\/\/fitex.gr\/sr\/wp-json\/wp\/v2\/types\/product"}],"wp:featuredmedia":[{"embeddable":true,"href":"https:\/\/fitex.gr\/sr\/wp-json\/wp\/v2\/media\/711"}],"wp:attachment":[{"href":"https:\/\/fitex.gr\/sr\/wp-json\/wp\/v2\/media?parent=3300"}],"wp:term":[{"taxonomy":"product_brand","embeddable":true,"href":"https:\/\/fitex.gr\/sr\/wp-json\/wp\/v2\/product_brand?post=3300"},{"taxonomy":"product_cat","embeddable":true,"href":"https:\/\/fitex.gr\/sr\/wp-json\/wp\/v2\/product_cat?post=3300"},{"taxonomy":"product_tag","embeddable":true,"href":"https:\/\/fitex.gr\/sr\/wp-json\/wp\/v2\/product_tag?post=3300"}],"curies":[{"name":"wp","href":"https:\/\/api.w.org\/{rel}","templated":true}]}}