{"id":3299,"date":"2024-09-10T19:57:08","date_gmt":"2024-09-10T16:57:08","guid":{"rendered":"https:\/\/fitex.gr\/?post_type=product&#038;p=3299"},"modified":"2024-10-22T21:28:46","modified_gmt":"2024-10-22T18:28:46","slug":"2010-sredstvo-za-podmazivanje-lanaca","status":"publish","type":"product","link":"https:\/\/fitex.gr\/sr\/\u043f\u0440\u043e\u0438\u0437\u0432\u043e\u0434\/2010-sredstvo-za-podmazivanje-lanaca\/","title":{"rendered":"2010 &#8211; SREDSTVO ZA PODMAZIVANJE LANACA"},"content":{"rendered":"<p>&nbsp;<\/p>\n<p><span style=\"color: #ff0000\"><strong>Primjene:<\/strong><\/span><\/p>\n<p>Vi\u0161enamjensko mazivo i sredstvo za spre\u010davanje korozije. Idealno za transportne lance, bicikle, motocikle, vilju\u0161kare, kranove, traktore, brave, \u010deli\u010dnu u\u017ead, opruge, antene, le\u017eajeve, razne spojeve, pedale itd. Vi\u0161enamjensko mazivo za upotrebu u \u00a0INDUSTRIJI,<\/p>\n<p>MORNARI\u010cKIM SISTEMIMA, AVIACIJI,<\/p>\n<p>PRODU\u017dAVA \u017dIVOT POKRETNIH \u00a0DIJELOVA.<\/p>\n","protected":false},"excerpt":{"rendered":"<p>&nbsp;<\/p>\n<p>Podmazuje, smanjujuc\u0301i habanje uzrokovano abrazijom niti materijala i kontaktom zuba zup\u010danika.<\/p>\n<p>Pogodno za transportne sisteme, motocikle, poljoprivredne ma\u0161ine, gra\u0111evinske motore i brodske sisteme.<\/p>\n","protected":false},"featured_media":763,"template":"","meta":[],"product_brand":[],"product_cat":[47],"product_tag":[],"class_list":{"0":"post-3299","1":"product","2":"type-product","3":"status-publish","4":"has-post-thumbnail","6":"product_cat-sprej","8":"first","9":"instock","10":"taxable","11":"shipping-taxable","12":"product-type-simple"},"_links":{"self":[{"href":"https:\/\/fitex.gr\/sr\/wp-json\/wp\/v2\/product\/3299","targetHints":{"allow":["GET"]}}],"collection":[{"href":"https:\/\/fitex.gr\/sr\/wp-json\/wp\/v2\/product"}],"about":[{"href":"https:\/\/fitex.gr\/sr\/wp-json\/wp\/v2\/types\/product"}],"wp:featuredmedia":[{"embeddable":true,"href":"https:\/\/fitex.gr\/sr\/wp-json\/wp\/v2\/media\/763"}],"wp:attachment":[{"href":"https:\/\/fitex.gr\/sr\/wp-json\/wp\/v2\/media?parent=3299"}],"wp:term":[{"taxonomy":"product_brand","embeddable":true,"href":"https:\/\/fitex.gr\/sr\/wp-json\/wp\/v2\/product_brand?post=3299"},{"taxonomy":"product_cat","embeddable":true,"href":"https:\/\/fitex.gr\/sr\/wp-json\/wp\/v2\/product_cat?post=3299"},{"taxonomy":"product_tag","embeddable":true,"href":"https:\/\/fitex.gr\/sr\/wp-json\/wp\/v2\/product_tag?post=3299"}],"curies":[{"name":"wp","href":"https:\/\/api.w.org\/{rel}","templated":true}]}}