{"id":3297,"date":"2024-10-22T21:17:31","date_gmt":"2024-10-22T18:17:31","guid":{"rendered":"https:\/\/fitex.gr\/?post_type=product&#038;p=3297"},"modified":"2024-10-22T21:22:45","modified_gmt":"2024-10-22T18:22:45","slug":"2008-set-za-detekciju-pukotina","status":"publish","type":"product","link":"https:\/\/fitex.gr\/sr\/\u043f\u0440\u043e\u0438\u0437\u0432\u043e\u0434\/2008-set-za-detekciju-pukotina\/","title":{"rendered":"2008 SET ZA DETEKCIJU PUKOTINA"},"content":{"rendered":"<p>&nbsp;<\/p>\n<ul>\n<li>Otkriva i najmanje pukotine.<\/li>\n<li>Pouzdani rezultati.<\/li>\n<li>Otkriva pukotine svih veli\u010dina u sekundi.<\/li>\n<li>Nema potrebe za posebnim skladi\u0161tenjem ili opremom.<\/li>\n<li>Nema potrebe za posebno obu\u010denim osobljem.<\/li>\n<\/ul>\n<p><span style=\"color: #ff0000\"><strong><u>Primjena:<\/u><\/strong><\/span><\/p>\n<p>Dobro o\u010distite dijelove sredstvom za \u010di\u0161\u0107enje. Obavezno uklonite sve ulje, masnoc\u0301u, prljav\u0161tinu itd. Temeljito osu\u0161ite. Raspr\u0161ite obilnu koli\u010dinu Penetranta na povr\u0161inu koju treba pregledati. Sa\u010dekajte da penetrant djeluje najmanje 10 minuta. Obri\u0161ite sav vi\u0161ak penetranta suvim krpama. Navla\u017eite krpu sredstvom za \u010di\u0161c\u0301enje i glatko uklonite preostali povr\u0161inski penetrant. Ostavite povr\u0161inu da se osu\u0161i. Nanesite tanki film razvija\u010da na povr\u0161inu (dobro promuc\u0301kajte pre upotrebe). Dovoljna su dva sloja. Kako se razvija\u010d su\u0161i, svijetlocrveni penetrant c\u0301e se prikazati u razvija\u010du pokazujuc\u0301i povr\u0161inske diskontinuitete.<\/p>\n<p>&nbsp;<\/p>\n<p>Inspekcija i tumacenje rezultata<\/p>\n<p><span style=\"color: #ff0000\"><strong><u>Upozorenje:<\/u><\/strong><\/span><\/p>\n<p>Da biste izbegli blokadu ventila limenke razvija\u010da nakon upotrebe, okrenite limenku naopako i prskajte dok ne po\u010dne izlaziti prozirni gas.<\/p>\n","protected":false},"excerpt":{"rendered":"<p><strong>PENETRANT BOJE ZA POSTUPAK PENETRANTSKE INSPEKCIJE<\/strong><\/p>\n<p><strong>2008 SET ZA DETEKCIJU PUKOTINA<\/strong><\/p>\n<p><strong>\u010cISTA\u010c \u2013 PENETRANT \u2013 RAZVIJA\u010c<\/strong><\/p>\n<p><strong><span style=\"color: #ff0000\"><u>Opis:<\/u><\/span><\/strong><\/p>\n<p><strong>2008 SET ZA DETEKCIJU PUKOTINA<\/strong> sastoji se od tri posebno dizajnirana aerosolna proizvoda za otkrivanje pukotina u metalu, keramici i svim sli\u010dnim neupijajuc\u0301im povr\u0161inama uop\u0161teno<\/p>\n<p>&nbsp;<\/p>\n","protected":false},"featured_media":1155,"template":"","meta":[],"product_brand":[],"product_cat":[47],"product_tag":[],"class_list":{"0":"post-3297","1":"product","2":"type-product","3":"status-publish","4":"has-post-thumbnail","6":"product_cat-sprej","8":"first","9":"onbackorder","10":"taxable","11":"shipping-taxable","12":"product-type-simple"},"_links":{"self":[{"href":"https:\/\/fitex.gr\/sr\/wp-json\/wp\/v2\/product\/3297","targetHints":{"allow":["GET"]}}],"collection":[{"href":"https:\/\/fitex.gr\/sr\/wp-json\/wp\/v2\/product"}],"about":[{"href":"https:\/\/fitex.gr\/sr\/wp-json\/wp\/v2\/types\/product"}],"wp:featuredmedia":[{"embeddable":true,"href":"https:\/\/fitex.gr\/sr\/wp-json\/wp\/v2\/media\/1155"}],"wp:attachment":[{"href":"https:\/\/fitex.gr\/sr\/wp-json\/wp\/v2\/media?parent=3297"}],"wp:term":[{"taxonomy":"product_brand","embeddable":true,"href":"https:\/\/fitex.gr\/sr\/wp-json\/wp\/v2\/product_brand?post=3297"},{"taxonomy":"product_cat","embeddable":true,"href":"https:\/\/fitex.gr\/sr\/wp-json\/wp\/v2\/product_cat?post=3297"},{"taxonomy":"product_tag","embeddable":true,"href":"https:\/\/fitex.gr\/sr\/wp-json\/wp\/v2\/product_tag?post=3297"}],"curies":[{"name":"wp","href":"https:\/\/api.w.org\/{rel}","templated":true}]}}