{"id":3293,"date":"2024-09-10T19:57:03","date_gmt":"2024-09-10T16:57:03","guid":{"rendered":"https:\/\/fitex.gr\/?post_type=product&#038;p=3293"},"modified":"2024-10-22T21:08:44","modified_gmt":"2024-10-22T18:08:44","slug":"2005-sredstvo-za-ciscenje-karburatora-i-injektora","status":"publish","type":"product","link":"https:\/\/fitex.gr\/sr\/\u043f\u0440\u043e\u0438\u0437\u0432\u043e\u0434\/2005-sredstvo-za-ciscenje-karburatora-i-injektora\/","title":{"rendered":"2005-SREDSTVO ZA \u010cI\u0160\u0106ENJE KARBURATORA I INJEKTORA"},"content":{"rendered":"<p>&nbsp;<\/p>\n<p><span style=\"color: #ff0000\"><strong><em>Upotreba:<\/em><\/strong><\/span><\/p>\n<p><em>Glavna upotreba: Sredstvo za \u010di\u0161\u0107enje karburatora<\/em><\/p>\n<p><em>Ostale upotrebe: Sredstvo za uklanjanje ulja i masti<\/em><\/p>\n<p><em>Uputstva:<\/em><\/p>\n<p><em>Kada motor radi naprskati sredstvo<\/em><\/p>\n<p><em>u uvodnik vazduha motora 30 sekundi.<\/em><\/p>\n<p><em>Ponoviti\u00a0 ako je potrebno.<\/em><\/p>\n<p><em>\u00a0<\/em><\/p>\n<p><strong><span style=\"color: #ff0000\"><em>Primjene:<\/em><\/span><\/strong><\/p>\n<p><em>Radionice, industrija, brodske luke, vanbrodski motori,<\/em><\/p>\n<p><em>Motocikli, automobili, kamioni i gdje je god brzo,<\/em><\/p>\n<p><em>potrebno efikasno \u010di\u0161c\u0301enje bez ispiranja.<\/em><\/p>\n","protected":false},"excerpt":{"rendered":"<p>&nbsp;<\/p>\n<p><em>Specijalno formulisano za \u010di\u0161c\u0301enje karburatora (unutra\u0161njost &#8211; spolja\u0161njost),<\/em><\/p>\n<p><em>injektora i usisnih ventila.<\/em><\/p>\n","protected":false},"featured_media":727,"template":"","meta":[],"product_brand":[],"product_cat":[47],"product_tag":[],"class_list":{"0":"post-3293","1":"product","2":"type-product","3":"status-publish","4":"has-post-thumbnail","6":"product_cat-sprej","8":"first","9":"instock","10":"taxable","11":"shipping-taxable","12":"product-type-simple"},"_links":{"self":[{"href":"https:\/\/fitex.gr\/sr\/wp-json\/wp\/v2\/product\/3293","targetHints":{"allow":["GET"]}}],"collection":[{"href":"https:\/\/fitex.gr\/sr\/wp-json\/wp\/v2\/product"}],"about":[{"href":"https:\/\/fitex.gr\/sr\/wp-json\/wp\/v2\/types\/product"}],"wp:featuredmedia":[{"embeddable":true,"href":"https:\/\/fitex.gr\/sr\/wp-json\/wp\/v2\/media\/727"}],"wp:attachment":[{"href":"https:\/\/fitex.gr\/sr\/wp-json\/wp\/v2\/media?parent=3293"}],"wp:term":[{"taxonomy":"product_brand","embeddable":true,"href":"https:\/\/fitex.gr\/sr\/wp-json\/wp\/v2\/product_brand?post=3293"},{"taxonomy":"product_cat","embeddable":true,"href":"https:\/\/fitex.gr\/sr\/wp-json\/wp\/v2\/product_cat?post=3293"},{"taxonomy":"product_tag","embeddable":true,"href":"https:\/\/fitex.gr\/sr\/wp-json\/wp\/v2\/product_tag?post=3293"}],"curies":[{"name":"wp","href":"https:\/\/api.w.org\/{rel}","templated":true}]}}