{"id":3292,"date":"2024-09-10T19:57:11","date_gmt":"2024-09-10T16:57:11","guid":{"rendered":"https:\/\/fitex.gr\/?post_type=product&#038;p=3292"},"modified":"2024-10-22T21:05:04","modified_gmt":"2024-10-22T18:05:04","slug":"2004-pokretac-hladnog-motora","status":"publish","type":"product","link":"https:\/\/fitex.gr\/sr\/\u043f\u0440\u043e\u0438\u0437\u0432\u043e\u0434\/2004-pokretac-hladnog-motora\/","title":{"rendered":"2004-Pokreta\u010d hladnog motora"},"content":{"rendered":"<p>&nbsp;<\/p>\n<p><span style=\"color: #ff0000\"><strong>Primjena:<\/strong><\/span><\/p>\n<p>Benzinski i dizel motori u ma\u0161inama za iskop, kamioni, automobili, brodskim dizel motori, poljoprivredne ma\u0161ine, dizel generatori, kranovi, buldo\u017eeri, vilju\u0161kari itd.<\/p>\n<p><span style=\"color: #ff0000\"><strong>Uputstva:<\/strong><\/span><\/p>\n<p>Dr\u017eec\u0301i limenku uspravno, prskajte 2-3 sekunde direktno u usisnik vazduha motora i uklju\u010dite motor.<\/p>\n<p>Ponoviti\u00a0 ako je potrebno.<\/p>\n<p>Sadr\u017eaj pod pritiskom.<\/p>\n<p>Ne prskajte na otvoreni plamen ili vruc\u0301e povr\u0161ine.<\/p>\n<p>Za\u0161titite od sun\u010deve svjetlosti &#8211; ne izla\u017eite temperaturi iznad 50 oC.<\/p>\n<p>Ne udisati pare.<\/p>\n<p>Nemojte probijati bocu ili spaljivati je \u010dak i kada je prazna.<\/p>\n<p>Dr\u017eati dalje od djece.<\/p>\n<p>&nbsp;<\/p>\n","protected":false},"excerpt":{"rendered":"<p>&nbsp;<\/p>\n<p><span style=\"color: #ff0000\"><strong>Opis:<\/strong><\/span><\/p>\n<p>Te\u010dnost za paljenje te\u0161ko pokretnih dizel motora pod ekstremnim vremenskim uslovima. Efikasan na -50 oF (oko -45oC)<\/p>\n","protected":false},"featured_media":787,"template":"","meta":[],"product_brand":[],"product_cat":[47],"product_tag":[],"class_list":{"0":"post-3292","1":"product","2":"type-product","3":"status-publish","4":"has-post-thumbnail","6":"product_cat-sprej","8":"first","9":"instock","10":"taxable","11":"shipping-taxable","12":"product-type-simple"},"_links":{"self":[{"href":"https:\/\/fitex.gr\/sr\/wp-json\/wp\/v2\/product\/3292","targetHints":{"allow":["GET"]}}],"collection":[{"href":"https:\/\/fitex.gr\/sr\/wp-json\/wp\/v2\/product"}],"about":[{"href":"https:\/\/fitex.gr\/sr\/wp-json\/wp\/v2\/types\/product"}],"wp:featuredmedia":[{"embeddable":true,"href":"https:\/\/fitex.gr\/sr\/wp-json\/wp\/v2\/media\/787"}],"wp:attachment":[{"href":"https:\/\/fitex.gr\/sr\/wp-json\/wp\/v2\/media?parent=3292"}],"wp:term":[{"taxonomy":"product_brand","embeddable":true,"href":"https:\/\/fitex.gr\/sr\/wp-json\/wp\/v2\/product_brand?post=3292"},{"taxonomy":"product_cat","embeddable":true,"href":"https:\/\/fitex.gr\/sr\/wp-json\/wp\/v2\/product_cat?post=3292"},{"taxonomy":"product_tag","embeddable":true,"href":"https:\/\/fitex.gr\/sr\/wp-json\/wp\/v2\/product_tag?post=3292"}],"curies":[{"name":"wp","href":"https:\/\/api.w.org\/{rel}","templated":true}]}}