{"id":3290,"date":"2024-09-10T19:57:02","date_gmt":"2024-09-10T16:57:02","guid":{"rendered":"https:\/\/fitex.gr\/?post_type=product&#038;p=3290"},"modified":"2024-10-22T20:59:39","modified_gmt":"2024-10-22T17:59:39","slug":"2002-lectrokleen","status":"publish","type":"product","link":"https:\/\/fitex.gr\/sr\/\u043f\u0440\u043e\u0438\u0437\u0432\u043e\u0434\/2002-lectrokleen\/","title":{"rendered":"2002 LECTROKLEEN"},"content":{"rendered":"<p>Ne ostavlja taloge i ima visoku dielektri\u010dnu konstantu.<\/p>\n<p>Alternativno se mo\u017ee koristiti kao sredstvo za op\u0161tu upotrebu gdje god je potrebno brzo, efikasno, \u010di\u0161c\u0301enje<\/p>\n<p>bez ispiranja.<\/p>\n<p>Efikasno \u010disti ulje, masnoc\u0301u, pra\u0161inu, vlagu itd.<\/p>\n<p>&nbsp;<\/p>\n<p><span style=\"color: #ff0000\"><strong>Primjene:<\/strong><\/span><\/p>\n<p>Radionice, fabrike, brodske luke, vazduhoplovstvo, vanbrodskim motori, bicikli,\u00a0 motocikli, automobili,<\/p>\n<p>poljoprivredna oprema, kranovi, svjec\u0301ice motora s unutra\u0161njim sagorijevanjem, distributeri, provodnici, antene, itd.<\/p>\n<p><span style=\"color: #ff0000\"><strong>Napomena<\/strong><\/span><\/p>\n<p>Sadr\u017eaj pod pritiskom.<\/p>\n<p>Ne prskati sprej na otvoreni plamen ili vruc\u0301e povr\u0161ine.<\/p>\n<p>Za\u0161tititi od sun\u010deve svjetlosti<\/p>\n<p>&#8211; ne izlagati temperaturi preko 50 oC.<\/p>\n<p>Ne udisati pare.<\/p>\n<p>Nemojte probijati bocu ili spaljivati je \u010dak i kada je prazna.<\/p>\n<p>Dr\u017eati dalje od djece.<\/p>\n","protected":false},"excerpt":{"rendered":"<p>&nbsp;<\/p>\n<p><span style=\"color: #ff0000\"><strong>Opis:<\/strong><\/span><\/p>\n<p>Sredstvo za \u010di\u0161\u0107enje sa brzom stopom isparavanja za elektri\u010dnu opremu kao \u0161to su motori, generatori, kalemi itd.<\/p>\n","protected":false},"featured_media":723,"template":"","meta":[],"product_brand":[],"product_cat":[47],"product_tag":[],"class_list":{"0":"post-3290","1":"product","2":"type-product","3":"status-publish","4":"has-post-thumbnail","6":"product_cat-sprej","8":"first","9":"instock","10":"taxable","11":"shipping-taxable","12":"product-type-simple"},"_links":{"self":[{"href":"https:\/\/fitex.gr\/sr\/wp-json\/wp\/v2\/product\/3290","targetHints":{"allow":["GET"]}}],"collection":[{"href":"https:\/\/fitex.gr\/sr\/wp-json\/wp\/v2\/product"}],"about":[{"href":"https:\/\/fitex.gr\/sr\/wp-json\/wp\/v2\/types\/product"}],"wp:featuredmedia":[{"embeddable":true,"href":"https:\/\/fitex.gr\/sr\/wp-json\/wp\/v2\/media\/723"}],"wp:attachment":[{"href":"https:\/\/fitex.gr\/sr\/wp-json\/wp\/v2\/media?parent=3290"}],"wp:term":[{"taxonomy":"product_brand","embeddable":true,"href":"https:\/\/fitex.gr\/sr\/wp-json\/wp\/v2\/product_brand?post=3290"},{"taxonomy":"product_cat","embeddable":true,"href":"https:\/\/fitex.gr\/sr\/wp-json\/wp\/v2\/product_cat?post=3290"},{"taxonomy":"product_tag","embeddable":true,"href":"https:\/\/fitex.gr\/sr\/wp-json\/wp\/v2\/product_tag?post=3290"}],"curies":[{"name":"wp","href":"https:\/\/api.w.org\/{rel}","templated":true}]}}