{"id":3289,"date":"2024-09-10T19:57:07","date_gmt":"2024-09-10T16:57:07","guid":{"rendered":"https:\/\/fitex.gr\/?post_type=product&#038;p=3289"},"modified":"2024-10-22T20:55:52","modified_gmt":"2024-10-22T17:55:52","slug":"2001-penetrol-aerosol-u-spreju","status":"publish","type":"product","link":"https:\/\/fitex.gr\/sr\/\u043f\u0440\u043e\u0438\u0437\u0432\u043e\u0434\/2001-penetrol-aerosol-u-spreju\/","title":{"rendered":"2001 PENETROL Aerosol u spreju"},"content":{"rendered":"<p><span style=\"color: #ff0000\"><strong>GLAVNA UPOTREBA:<\/strong><\/span><\/p>\n<p>Nova vrsta brzo delujuc\u0301eg prodiruc\u0301eg ulja koje ispunjava zahtjeve ameri\u010dkog vojnog standarda A-A-50493B Tip I.<\/p>\n<p><span style=\"color: #ff0000\"><strong>Alternativna upotreba<\/strong><strong>:<\/strong><\/span><\/p>\n<p>Za\u0161tita od hr\u0111e i slu\u017ei za uklanjanje vode.<\/p>\n<p><span style=\"color: #ff0000\"><strong>Opis:<\/strong><\/span><\/p>\n<p>2001 PENETROL je nova vrsta prodiruc\u0301eg ulja<\/p>\n<p>koje brzo skida<\/p>\n<p>koroziju i poma\u017ee u lakom odvijanju vijaka, navrtki, alata, rezervnih dijelova itd.<\/p>\n<p>Odbija vlagu.\u00a0 Podmazuje brave i spre\u010dava \u0161kripanje. \u010cisti i \u0161titi. Odr\u017eava provodnike, distributerske rezervne dijelove i deblokira mehanizme.\u00a0 \u0160titi rezervne dijelove i ostavlja mali neprimjetni za\u0161titni film.<\/p>\n<p>&nbsp;<\/p>\n<p><span style=\"color: #ff0000\"><strong>Prednosti:<\/strong><\/span><\/p>\n<ul>\n<li>Ulje za prodiranje brzog dejstva.<\/li>\n<li>Prodire u postojec\u0301u hr\u0111u i formira film<\/li>\n<\/ul>\n<p>kako bi se sprije\u010dila dalja korozija<\/p>\n<p>&nbsp;<\/p>\n<ul>\n<li>Spre\u010dava koroziju i \u0161titi povr\u0161ine od hr\u0111e i od korozije.<\/li>\n<\/ul>\n<ul>\n<li>\u010cisti i podmazuje povr\u0161ine koje se nanose.<\/li>\n<li>Brzo djelujuc\u0301a te\u010dnost za uklanjanje vode i vlage koja brzo isu\u0161uje ma\u0161ine i elektri\u010dnu opremu.<\/li>\n<li>Omoguc\u0301ava brzo pokretanje sistema mokrog paljenja i elektri\u010dnih motora I opreme bez demonta\u017ee ili uklanjanja iste.<\/li>\n<\/ul>\n<p>&nbsp;<\/p>\n<p><span style=\"color: #ff0000\"><strong>Primjene:<\/strong><\/span><\/p>\n<p>Radionice, fabrike, brodske luke, vazduhoplovstvo, vanbrodski motori, brave, prozori, vrata, bicikli, motocikli, automobili, poljoprivredna oprema, kranovi, sajle, zablokirani mehanizmi, svjec\u0301ice motora s unutra\u0161njim sagorijevanjem, ditributeri, provodnici, antene itd.<\/p>\n<p><span style=\"color: #ff0000\"><strong>Specifikacije: <\/strong><\/span><\/p>\n<p>Ovaj proizvod ispunjava sljede\u0107e spacifikacije S.A.D. vojske<\/p>\n<p>Specifikacije:<\/p>\n<ul>\n<li>A-A-50493B Tip I (prodiruju\u0107e ulje)<\/li>\n<li>VV-P-216C Tip I (prodiruju\u0107e ulje)<\/li>\n<\/ul>\n<p><span style=\"color: #ff0000\"><strong>\u00a0Upotreba:<\/strong><\/span><\/p>\n<ul>\n<li>Raspr\u0161ite po povr\u0161ini i ne bri\u0161ite. Ovaj proizvod ostavljaza\u0161titni fini film na povr\u0161ini sa gore navedenim<\/li>\n<li><span style=\"color: #ff0000\"><strong>Oprez:<\/strong><\/span>\n<ul>\n<li>Boca pod pritiskom. Nemojte bu\u0161iti ili izlagati plamenunakon upotrebe. Za daljepogledajte list sa podacima o sigurnosti materijala.<\/li>\n<\/ul>\n<\/li>\n<\/ul>\n","protected":false},"excerpt":{"rendered":"<ul>\n<li>PRODIRU\u0106E ULJE<\/li>\n<li>\u0160TITI OD KOROZIJE<\/li>\n<li>UKLANJA VODU<\/li>\n<li>PODMAZUJE<\/li>\n<\/ul>\n<p>&nbsp;<\/p>\n","protected":false},"featured_media":755,"template":"","meta":[],"product_brand":[],"product_cat":[47],"product_tag":[],"class_list":{"0":"post-3289","1":"product","2":"type-product","3":"status-publish","4":"has-post-thumbnail","6":"product_cat-sprej","8":"first","9":"instock","10":"taxable","11":"shipping-taxable","12":"product-type-simple"},"_links":{"self":[{"href":"https:\/\/fitex.gr\/sr\/wp-json\/wp\/v2\/product\/3289","targetHints":{"allow":["GET"]}}],"collection":[{"href":"https:\/\/fitex.gr\/sr\/wp-json\/wp\/v2\/product"}],"about":[{"href":"https:\/\/fitex.gr\/sr\/wp-json\/wp\/v2\/types\/product"}],"wp:featuredmedia":[{"embeddable":true,"href":"https:\/\/fitex.gr\/sr\/wp-json\/wp\/v2\/media\/755"}],"wp:attachment":[{"href":"https:\/\/fitex.gr\/sr\/wp-json\/wp\/v2\/media?parent=3289"}],"wp:term":[{"taxonomy":"product_brand","embeddable":true,"href":"https:\/\/fitex.gr\/sr\/wp-json\/wp\/v2\/product_brand?post=3289"},{"taxonomy":"product_cat","embeddable":true,"href":"https:\/\/fitex.gr\/sr\/wp-json\/wp\/v2\/product_cat?post=3289"},{"taxonomy":"product_tag","embeddable":true,"href":"https:\/\/fitex.gr\/sr\/wp-json\/wp\/v2\/product_tag?post=3289"}],"curies":[{"name":"wp","href":"https:\/\/api.w.org\/{rel}","templated":true}]}}