{"id":3287,"date":"2024-09-10T19:56:56","date_gmt":"2024-09-10T16:56:56","guid":{"rendered":"https:\/\/fitex.gr\/?post_type=product&#038;p=3287"},"modified":"2024-10-22T20:30:25","modified_gmt":"2024-10-22T17:30:25","slug":"sredstvo-za-odcepljivanje-odvodnih-cijevi-rapido-2","status":"publish","type":"product","link":"https:\/\/fitex.gr\/sr\/\u043f\u0440\u043e\u0438\u0437\u0432\u043e\u0434\/sredstvo-za-odcepljivanje-odvodnih-cijevi-rapido-2\/","title":{"rendered":"Sredstvo za od\u010depljivanje odvodnih cijevi RAPIDO"},"content":{"rendered":"<p>Brzo od\u010depi cijevi, umivaonike u kupaonici<\/p>\n<p>i kade, kao i wc \u0161koljke i kuhinjske sudopere. Rastvara nakupljene masno\u0107e, \u010destice hrane<\/p>\n<p>i prljav\u0161tinu od sapunice, dlake, papir, vlakna itd.<\/p>\n<p>Redovno ga koristite za pobolj\u0161anje protoka vode u cijevima, rastvaranjem organskih ostataka, nakupina i masti.<\/p>\n<p>Njegova upotreba tako\u0111e spre\u010dava neugodne<\/p>\n<p>mirise i potrebu za \u010destim fizi\u010dkim od\u010depljenjima, \u0161to dovodi do u\u0161tede.<\/p>\n<p>Elimini\u0161e upotrebu alata za od\u010depljivanje ili drugih<\/p>\n<p>skupih sredstava za od\u010depljivanje.<\/p>\n<p><span style=\"color: #ff0000\"><strong>RAPIDO<\/strong><\/span><\/p>\n<p>sadr\u017ei posebni inhibitor korozije koji doprinosi da se ne uni\u0161tavaju sve metalne cijevi. Cijevi od bakra, mesinga, olova, pa \u010dak i cijevi i p zamke<\/p>\n<p>od PVC-a ili polietilena ne\u0107e biti o\u0161te\u0107ene sredstvom za \u010di\u0161\u0107enje.<\/p>\n<p>Potrebno je izbjegavati upotrebu ovog proizvoda u cijevima i zamkama od pocinkovanih ili limenih materijala.<\/p>\n<p><strong>\u00a0<\/strong><\/p>\n<p><span style=\"color: #ff0000\"><strong>PRIMJENE<\/strong><\/span><\/p>\n<p><strong>RAPIDO<\/strong> sredstvo za \u010di\u0161\u0107enje je neophodno za odvodne sisteme restorana i hotela.<\/p>\n<p>Tako\u0111e je pogodan za bolnice, kao i za fabrike i javne zgrade, kuc\u0301e itd.<\/p>\n<p>Ne smije do\u0107i u kontakt sa plasti\u010dnim ili vinil kadama i sudoperima\/umivaonicima. Uklonite<\/p>\n<p>sve odvodne plo\u010de koje nisu od \u010distog materijala<\/p>\n<p>od ner\u0111ajuc\u0301eg \u010delika.<\/p>\n<p>Niklovane odvodne re\u0161etke mogu od\u00a0 RAPIDOa postati crni, pa se preporu\u010duje njihovo<\/p>\n<p>uklanjanje i zamjena nakon zavr\u0161etka\u00a0 d\u010depljivanja.<\/p>\n<p>Preporu\u010duje se da ovaj proizvod koriste\u00a0 samo odgovorne osobe pa\u017eljivo slijede\u0107i upute.<\/p>\n<p>&nbsp;<\/p>\n<p><span style=\"color: #ff0000\"><strong>UPOTREBA<\/strong><\/span><\/p>\n<ol>\n<li>Priprema za primjenu<\/li>\n<\/ol>\n<p>Nosite gumene rukavice i nao\u010dale.<\/p>\n<p>Stavite posudu \u010dvrsto na pod i dr\u017eite je uspravno. Pritisnite sigurnosnu kapicu i okrenite je da se otvori.\u00a0 Uklonite svu staja\u0107u vodu iz cijevi ili odvoda, gdje \u0107e se primijeniti RAPIDO, kako biste<\/p>\n<p>izbjegli prskanje kapi.<\/p>\n<p>&nbsp;<\/p>\n<ol start=\"2\">\n<li><span style=\"color: #ff0000\"><strong> Primjena<\/strong><\/span><\/li>\n<\/ol>\n<p>Sipajte malu koli\u010dinu proizvoda i pa\u017eljivo posmatrajte da li prskaju kapi. Ako se ne primijete takve kapi, ulijte potrebnu koli\u010dinu u umivaonike<\/p>\n<p>i sudopere, WC \u0161koljke, kao i kade.<\/p>\n<p>Sipajte proizvod u p-zamke, zamke za masnoc\u0301u (500gr). Koristite ga i za od\u010depljivanje<\/p>\n<p>glavnih kanalizacionih vodova od 10 cm (4 in\u010da),<\/p>\n<p>koristec\u0301i posudu od 1.800 gr. Poku\u0161ajte se<\/p>\n<p>dr\u017eati podalje jer delovanje RAPIDO-a<\/p>\n<p>u cijevima stvara mirise i kapi mogu prskati. Sa\u010dekajte da djeluje 3-5 minuta, testirajte nalivanjem malo vode i nakon \u0161to se sistem pravilno isprazni, pustite puno vode da te\u010de<\/p>\n<p>kroz sada o\u010di\u0161c\u0301ene cijevi. Ako to ne bude slu\u010daj,<\/p>\n<p>ponovite postupak.<\/p>\n<p><strong>\u00a0<\/strong><\/p>\n","protected":false},"excerpt":{"rendered":"<h1>RAPIDO\u00a0 sredstvo za od\u010depljivanje odvodnih cijevi<\/h1>\n<p><span style=\"color: #ff0000\"><strong>OSOBINE<\/strong><\/span><\/p>\n<p>Te\u010dnost za \u010di\u0161c\u0301enje cijelog kanalizacijskog<\/p>\n<p>sistema, za hitno djelovanje<\/p>\n<p>&nbsp;<\/p>\n","protected":false},"featured_media":667,"template":"","meta":[],"product_brand":[],"product_cat":[50],"product_tag":[],"class_list":{"0":"post-3287","1":"product","2":"type-product","3":"status-publish","4":"has-post-thumbnail","6":"product_cat-vodoinstalater","8":"first","9":"instock","10":"taxable","11":"shipping-taxable","12":"product-type-simple"},"_links":{"self":[{"href":"https:\/\/fitex.gr\/sr\/wp-json\/wp\/v2\/product\/3287","targetHints":{"allow":["GET"]}}],"collection":[{"href":"https:\/\/fitex.gr\/sr\/wp-json\/wp\/v2\/product"}],"about":[{"href":"https:\/\/fitex.gr\/sr\/wp-json\/wp\/v2\/types\/product"}],"wp:featuredmedia":[{"embeddable":true,"href":"https:\/\/fitex.gr\/sr\/wp-json\/wp\/v2\/media\/667"}],"wp:attachment":[{"href":"https:\/\/fitex.gr\/sr\/wp-json\/wp\/v2\/media?parent=3287"}],"wp:term":[{"taxonomy":"product_brand","embeddable":true,"href":"https:\/\/fitex.gr\/sr\/wp-json\/wp\/v2\/product_brand?post=3287"},{"taxonomy":"product_cat","embeddable":true,"href":"https:\/\/fitex.gr\/sr\/wp-json\/wp\/v2\/product_cat?post=3287"},{"taxonomy":"product_tag","embeddable":true,"href":"https:\/\/fitex.gr\/sr\/wp-json\/wp\/v2\/product_tag?post=3287"}],"curies":[{"name":"wp","href":"https:\/\/api.w.org\/{rel}","templated":true}]}}