{"id":3275,"date":"2024-09-10T19:56:54","date_gmt":"2024-09-10T16:56:54","guid":{"rendered":"https:\/\/fitex.gr\/product\/katharistiko-vothron\/"},"modified":"2024-10-21T19:13:01","modified_gmt":"2024-10-21T16:13:01","slug":"katharistiko-vothron","status":"publish","type":"product","link":"https:\/\/fitex.gr\/sr\/\u043f\u0440\u043e\u0438\u0437\u0432\u043e\u0434\/katharistiko-vothron\/","title":{"rendered":"X-VOTH Sredstvo za \u010di\u0161\u0107enje septi\u010dkih jama i kanalizacije"},"content":{"rendered":"<p><span class=\"HwtZe\" lang=\"bs\"><span class=\"jCAhz ChMk0b\"><span class=\"ryNqvb\">X-VOTH sredstvo za \u010di\u0161\u0107enje je te\u017ee od vode i te\u010de kroz nju, lako dolazi do podru\u010dja i mjesta gdje stvrdnuta masno\u0107a i sapunasta voda za\u010depljuju pore zidova septi\u010dke jame<\/span><\/span><\/span><\/p>\n<p><span class=\"HwtZe\" lang=\"bs\"> <span class=\"jCAhz ChMk0b\"><span class=\"ryNqvb\">Efikasno razgra\u0111uje masno\u0107u i sapun, otvaraju\u0107i pore na zidovima. <\/span><\/span><\/span><\/p>\n<p><span class=\"HwtZe\" lang=\"bs\"><span class=\"jCAhz ChMk0b\"><span class=\"ryNqvb\">Kanalizacija sada mo\u017ee slobodno oticati kroz novootvorene pore zidova septi\u010dke jame.<\/span><\/span> <\/span><\/p>\n<p><span class=\"HwtZe\" lang=\"bs\"><span class=\"jCAhz\"><span class=\"ryNqvb\">Izbjegavanje prelijevanja septi\u010dke jame, neugodnih mirisa i potrebe za \u010destim pra\u017enjenjem vode do u\u0161tede.<\/span><\/span><\/span><\/p>\n<p><span class=\"HwtZe\" lang=\"bs\"> <span class=\"jCAhz\" style=\"color: #ed1c24;\"><span class=\"ryNqvb\"><strong>APLIKACIJE<\/strong> <\/span><\/span><\/span><\/p>\n<p><span class=\"HwtZe\" lang=\"bs\"><span class=\"jCAhz\"><span class=\"ryNqvb\">X-VOTH se koristi za \u010di\u0161\u0107enje odvodnih cijevi i otvaranje pora septi\u010dkih jama.<\/span><\/span><\/span><\/p>\n<p><span class=\"HwtZe\" lang=\"bs\"> <span class=\"jCAhz\"><span class=\"ryNqvb\">Pogodan je za upijaju\u0107e i septi\u010dke jame.<\/span><\/span> <span class=\"jCAhz ChMk0b\"><span class=\"ryNqvb\">Primjenjuje se ili na cijevni sistem ili direktno na rezervoar. <\/span><\/span><\/span><\/p>\n<p><span style=\"color: #ed1c24;\"><strong><span class=\"HwtZe\" lang=\"bs\"><span class=\"jCAhz\"><span class=\"ryNqvb\">KORISTI<\/span><\/span><\/span><\/strong><\/span><\/p>\n<p><span class=\"HwtZe\" lang=\"bs\"> <span class=\"jCAhz\"><span class=\"ryNqvb\">Za \u010di\u0161\u0107enje septi\u010dke jame koristite 5 kg na 8 m3 kanalizacije. <\/span><\/span><span class=\"jCAhz\"><span class=\"ryNqvb\">Nakon pet dana, \u010dista\u010d bi otvorio pore i nivo kanalizacije bi se smanjio. <\/span><\/span><span class=\"jCAhz ChMk0b\"><span class=\"ryNqvb\">Rezervoari ili septi\u010dke jame koje nisu nedavno o\u010di\u0161\u0107ene mo\u017eda \u0107e trebati drugu dozu. <\/span><\/span><\/span><\/p>\n<p><span class=\"HwtZe\" lang=\"bs\"><span class=\"jCAhz\"><span class=\"ryNqvb\">Za odr\u017eavanje, sipajte 2 kg X-VOTH na svakih 8 m3 septi\u010dke jame, svakih \u0161est mjeseci. <\/span><\/span><\/span><\/p>\n<p><span class=\"HwtZe\" lang=\"bs\"><span class=\"jCAhz\"><span class=\"ryNqvb\">O\u010distite drena\u017eni sistem tako \u0161to \u0107ete isprazniti 2 kg na po\u010detku mre\u017ee i ponoviti nakon 5 dana.<\/span><\/span><\/span><\/p>\n<p><span class=\"HwtZe\" lang=\"bs\"> <span class=\"jCAhz\" style=\"color: #ed1c24;\"><span class=\"ryNqvb\"><strong>POTRO\u0160NJA<\/strong> <\/span><\/span><\/span><\/p>\n<p><span class=\"HwtZe\" lang=\"bs\"><span class=\"jCAhz\"><span class=\"ryNqvb\">600-800gr \/ m3, u zavisnosti od upotrebe.<\/span><\/span><\/span><\/p>\n<p><span class=\"HwtZe\" lang=\"bs\"> <strong><span class=\"jCAhz\"><span class=\"ryNqvb\"><span style=\"color: #ed1c24;\">SKLADI\u0160TE<\/span> <\/span><\/span><\/strong><\/span><\/p>\n<p><span class=\"HwtZe\" lang=\"bs\"><span class=\"jCAhz ChMk0b\"><span class=\"ryNqvb\">\u010cuvati na sjenovitim mjestima, dalje od izvora topline, najmanje 24 mjeseca od datuma proizvodnje. <\/span><\/span><\/span><\/p>\n<p><span class=\"HwtZe\" lang=\"bs\" style=\"color: #ed1c24;\"><span class=\"jCAhz ChMk0b\"><span class=\"ryNqvb\"><strong>SIGURNOSNE UPUTSTVA<\/strong> <\/span><\/span><\/span><\/p>\n<p><span class=\"HwtZe\" lang=\"bs\"><span class=\"jCAhz ChMk0b\"><span class=\"ryNqvb\">Proizvod je klasifikovan kao zapaljiv i otrovan.<\/span><\/span> <span class=\"jCAhz ChMk0b\"><span class=\"ryNqvb\">Preporu\u010dljivo je dr\u017eati proizvod podalje od djece i nanositi ga u dobro prozra\u010denim prostorima.<\/span><\/span><\/span><\/p>\n<p><span class=\"HwtZe\" lang=\"bs\"> <span class=\"jCAhz ChMk0b\"><span class=\"ryNqvb\">Prije upotrebe, pogledajte upute na pakovanju proizvoda ili sigurnosnom listu. <\/span><\/span><\/span><\/p>\n<p><strong><span class=\"HwtZe\" lang=\"bs\"><span class=\"jCAhz\"><span class=\"ryNqvb\"><span style=\"color: #ed1c24;\">PACKING<\/span> <\/span><\/span><\/span><\/strong><\/p>\n<p><span class=\"HwtZe\" lang=\"bs\"><span class=\"jCAhz ChMk0b\"><span class=\"ryNqvb\">Kartonska kutija sa 4 kom.<\/span><\/span> <span class=\"jCAhz ChMk0b\"><span class=\"ryNqvb\">po 5 kg. <\/span><\/span><\/span><\/p>\n<p><span class=\"HwtZe\" lang=\"bs\"><span class=\"jCAhz ChMk0b\"><span class=\"ryNqvb\">UFI: 6W10-D0F2-K00R-DK66<\/span><\/span><\/span><\/p>\n","protected":false},"excerpt":{"rendered":"<p><span class=\"HwtZe\" lang=\"bs\"><span class=\"jCAhz ChMk0b\"><span class=\"ryNqvb\">\u010cisti upijaju\u0107e septi\u010dke jame od ostataka masti i deterd\u017eenta i \u010dini septi\u010dku jamu upijaju\u0107om, smanjuju\u0107i tro\u0161kove pra\u017enjenja. <\/span><\/span><\/span><\/p>\n<p><span class=\"HwtZe\" lang=\"bs\"><span class=\"jCAhz ChMk0b\"><span class=\"ryNqvb\">Zaustavlja neprijatne mirise i prelivanje septi\u010dkih jama i bunara. <\/span><\/span><span class=\"jCAhz ChMk0b\"><span class=\"ryNqvb\">Ne o\u0161te\u0107uje kanalizacioni sistem. <\/span><\/span><\/span><\/p>\n<p><span class=\"HwtZe\" lang=\"bs\"><span class=\"jCAhz ChMk0b\"><span class=\"ryNqvb\">\u010cisti \u00a0zape\u010da\u0107ene septi\u010dke jame i cijeli kanalizacijski sistem.<\/span><\/span><\/span><\/p>\n<p>&nbsp;<\/p>\n<p>&nbsp;<\/p>\n","protected":false},"featured_media":651,"template":"","meta":[],"product_brand":[],"product_cat":[48],"product_tag":[],"class_list":{"0":"post-3275","1":"product","2":"type-product","3":"status-publish","4":"has-post-thumbnail","6":"product_cat-sredstva-za-ciscenje","8":"first","9":"instock","10":"taxable","11":"shipping-taxable","12":"product-type-simple"},"_links":{"self":[{"href":"https:\/\/fitex.gr\/sr\/wp-json\/wp\/v2\/product\/3275","targetHints":{"allow":["GET"]}}],"collection":[{"href":"https:\/\/fitex.gr\/sr\/wp-json\/wp\/v2\/product"}],"about":[{"href":"https:\/\/fitex.gr\/sr\/wp-json\/wp\/v2\/types\/product"}],"wp:featuredmedia":[{"embeddable":true,"href":"https:\/\/fitex.gr\/sr\/wp-json\/wp\/v2\/media\/651"}],"wp:attachment":[{"href":"https:\/\/fitex.gr\/sr\/wp-json\/wp\/v2\/media?parent=3275"}],"wp:term":[{"taxonomy":"product_brand","embeddable":true,"href":"https:\/\/fitex.gr\/sr\/wp-json\/wp\/v2\/product_brand?post=3275"},{"taxonomy":"product_cat","embeddable":true,"href":"https:\/\/fitex.gr\/sr\/wp-json\/wp\/v2\/product_cat?post=3275"},{"taxonomy":"product_tag","embeddable":true,"href":"https:\/\/fitex.gr\/sr\/wp-json\/wp\/v2\/product_tag?post=3275"}],"curies":[{"name":"wp","href":"https:\/\/api.w.org\/{rel}","templated":true}]}}