{"id":441,"date":"2024-06-03T18:49:42","date_gmt":"2024-06-03T15:49:42","guid":{"rendered":"https:\/\/fitex.gr\/?page_id=441"},"modified":"2024-10-15T21:29:31","modified_gmt":"2024-10-15T18:29:31","slug":"kompanija","status":"publish","type":"page","link":"https:\/\/fitex.gr\/sr\/kompanija\/","title":{"rendered":"Kompanija"},"content":{"rendered":"\n\t<section class=\"section\" id=\"section_839798570\">\n\t\t<div class=\"section-bg fill\" >\n\t\t\t\t\t\t\t\t\t\n\t\t\t\n\n\t\t<\/div>\n\n\t\t\n\n\t\t<div class=\"section-content relative\">\n\t\t\t\n\t<div id=\"gap-962601221\" class=\"gap-element clearfix\" style=\"display:block; height:auto;\">\n\t\t\n<style>\n#gap-962601221 {\n  padding-top: 30px;\n}\n<\/style>\n\t<\/div>\n\t\n<div class=\"row row-small align-equal\"  id=\"row-826755384\">\n\n\t<div id=\"col-1706653583\" class=\"col medium-7 small-12 large-4\"  >\n\t\t\t\t<div class=\"col-inner\"  >\n\t\t\t\n\t<div class=\"is-border\"\n\t\tstyle=\"border-width:2px 2px 2px 2px;margin:2px 2px 2px 2px;\">\n\t<\/div>\n\t\t\t\n\t<div class=\"img has-hover x md-x lg-x y md-y lg-y\" id=\"image_1994569864\">\n\t\t\t\t\t\t\t\t<div class=\"img-inner dark\" >\n\t\t\t<img loading=\"lazy\" decoding=\"async\" width=\"771\" height=\"1199\" src=\"https:\/\/fitex.gr\/wp-content\/uploads\/2024\/10\/stand_fitex.jpg\" class=\"attachment-original size-original\" alt=\"\" \/>\t\t\t\t\t\t\n\t\t\t\t\t<\/div>\n\t\t\t\t\t\t\t\t\n<style>\n#image_1994569864 {\n  width: 100%;\n}\n<\/style>\n\t<\/div>\n\t\n\t\t<\/div>\n\t\t\t\t\t<\/div>\n\n\t\n\n\t<div id=\"col-1142910552\" class=\"col medium-5 small-12 large-8\"  >\n\t\t\t\t<div class=\"col-inner text-center\"  >\n\t\t\t\n\t<div class=\"is-border is-dashed\"\n\t\tstyle=\"border-color:rgb(255, 0, 0);border-radius:33px;border-width:1px 1px 1px 1px;margin:0px -5px 0px -5px;\">\n\t<\/div>\n\t\t\t\n\t<div id=\"text-2433267245\" class=\"text\">\n\t\t\n<h1 class=\"section-main-title section-heading-thin-border thin-left\" data-fontsize=\"30\" data-lineheight=\"42\">O Nama<\/h1>\n\t\t\n<style>\n#text-2433267245 {\n  font-size: 1.75rem;\n  line-height: 0.75;\n}\n<\/style>\n\t<\/div>\n\t\n\n\t\t<div class=\"icon-box featured-box icon-box-top text-left\"  >\n\t\t\t\t\t<div class=\"icon-box-img\" style=\"width: 202px\">\n\t\t\t\t<div class=\"icon\">\n\t\t\t\t\t<div class=\"icon-inner\" >\n\t\t\t\t\t\t<img loading=\"lazy\" decoding=\"async\" width=\"150\" height=\"101\" src=\"https:\/\/fitex.gr\/wp-content\/uploads\/2024\/09\/logo_fitex-2017.png\" class=\"attachment-medium size-medium\" alt=\"\" \/>\t\t\t\t\t<\/div>\n\t\t\t\t<\/div>\n\t\t\t<\/div>\n\t\t\t\t<div class=\"icon-box-text last-reset\">\n\t\t\t\t\t\t\t\t\t\n<ul style=\"list-style-type: disc;\">\n<li>Fitex je jedna od kompanija u razvoju koja radi na gr\u010dkom tr\u017ei\u0161tu u oblasti hemikalija. Cilj Fitexa je da se konsoliduje kao dinami\u010dan i pouzdan partner na gr\u010dkom tr\u017ei\u0161tu.<\/li>\n<li>Postizanje ovoga rezultata je poznavanje gr\u010dkog tr\u017ei\u0161ta, kontinuirano informisanje, istra\u017eivanje i prilago\u0111avanje gr\u010dkim i me\u0111unarodnim podacima i ozbiljnosti i po\u0161tovanje s kojima se kompanija odnosi prema svim saradnicima, kupcima i dobavlja\u010dima.<\/li>\n<li>Dugoro\u010dni cilj kompanije je uspostavljanje i odr\u017eavanje dugoro\u010dnih poslovnih odnosa i sa kupcima i sa saradnicima. Filozofija kompanije je da kupcima ponudi ne proizvode, ve\u0107 rje\u0161enja i dodatnu vrijednost svakodnevnom poslovanju, pokrivaju\u0107i njihove specifi\u010dne potrebe i doprinose\u0107i nesmetanom i efikasnom poslovanju.<\/li>\n<li>Kompanija svoje napore fokusira na istovremeni razvoj partnera i kupaca nude\u0107i kvalitetne proizvode i izuzetne usluge Glavna karakteristika na\u0161e filozofije je svakodnevno njegovanje vrijednosti poput povjerenja, iskrenosti, po\u0161tovanja, uzajamnog po\u0161tovanja i lojalnosti prema na\u0161im kupcima.<\/li>\n<\/ul>\n\t\t<\/div>\n\t<\/div>\n\t\n\t\n\t\t<\/div>\n\t\t\t\t\t<\/div>\n\n\t\n<\/div>\n\t\t<\/div>\n\n\t\t\n<style>\n#section_839798570 {\n  padding-top: 30px;\n  padding-bottom: 30px;\n}\n<\/style>\n\t<\/section>\n\t\n","protected":false},"excerpt":{"rendered":"","protected":false},"author":1,"featured_media":0,"parent":0,"menu_order":0,"comment_status":"closed","ping_status":"closed","template":"","meta":{"footnotes":""},"class_list":["post-441","page","type-page","status-publish","hentry"],"_links":{"self":[{"href":"https:\/\/fitex.gr\/sr\/wp-json\/wp\/v2\/pages\/441","targetHints":{"allow":["GET"]}}],"collection":[{"href":"https:\/\/fitex.gr\/sr\/wp-json\/wp\/v2\/pages"}],"about":[{"href":"https:\/\/fitex.gr\/sr\/wp-json\/wp\/v2\/types\/page"}],"author":[{"embeddable":true,"href":"https:\/\/fitex.gr\/sr\/wp-json\/wp\/v2\/users\/1"}],"replies":[{"embeddable":true,"href":"https:\/\/fitex.gr\/sr\/wp-json\/wp\/v2\/comments?post=441"}],"version-history":[{"count":0,"href":"https:\/\/fitex.gr\/sr\/wp-json\/wp\/v2\/pages\/441\/revisions"}],"wp:attachment":[{"href":"https:\/\/fitex.gr\/sr\/wp-json\/wp\/v2\/media?parent=441"}],"curies":[{"name":"wp","href":"https:\/\/api.w.org\/{rel}","templated":true}]}}