{"id":1200,"date":"2024-09-26T22:00:00","date_gmt":"2024-09-26T19:00:00","guid":{"rendered":"https:\/\/fitex.gr\/?page_id=1200"},"modified":"2024-09-26T22:13:42","modified_gmt":"2024-09-26T19:13:42","slug":"uslovi-i-odredbe","status":"publish","type":"page","link":"https:\/\/fitex.gr\/sr\/uslovi-i-odredbe\/","title":{"rendered":"Uslovi i odredbe"},"content":{"rendered":"<p><b>A. Uslovi kori\u0161tenja web stranice fitex.gr<\/b><\/p>\n<p><b>PREDGOVOR<\/b><\/p>\n<p>Molimo pa\u017eljivo pro\u010ditajte sljede\u0107e Uslove kori\u0161tenja usluge.<\/p>\n<p>Posjetilac\/korisnik stranica web stranice fitex.gr razumije i prihva\u0107a da su sve stranice\/usluge pru\u017eene \u201ekao \u0161to jesu\u201c (kao \u0161to jesu) i fitex.gr se odri\u010de svake odgovornosti u vezi s ograni\u010denim trajanjem, brisanjem, lo\u0161im radom ili nemogu\u0107nost elektroni\u010dkog pohranjivanja bilo kakvih korisni\u010dkih podataka i\/ili bilo kojeg sadr\u017eaja li\u010dnih stranica\/usluga.<\/p>\n<p>Kori\u0161tenjem ili pristupanjem web stranici fitex.gr na bilo koji na\u010din, pregledavanjem ili pregledavanjem web stranice, ili dodavanjem vlastitog sadr\u017eaja na web stranicu, posjetitelj\/korisnik stranica web stranice fitex.gr pristaje da ih obvezuju Uvjeti kori\u0161tenja.<\/p>\n<p>Sljede\u0107i uvjeti \u0107e se primjenjivati \u200b\u200bi na kori\u0161tenje internetske trgovine web stranice fitex.gr koja se nalazi na www.fitex.gr. Smatra se da svaki posjetitelj\/korisnik koji ulazi i obavlja transakcije ili koristi usluge online trgovine pristaje i bezuvjetno prihva\u0107a ovdje navedene uslove, bez ikakvog izuzetka.<\/p>\n<p>Posjetilac\/korisnik stranica web stranice fitex.gr poziva se da pa\u017eljivo pro\u010dita i posjeti\/koristi stranice\/usluge fitex.gr samo ako ih u potpunosti prihva\u0107a:<\/p>\n<p>&nbsp;<\/p>\n<ul class=\"ul1\">\n<li class=\"li3\"><b><\/b><b>USLOVI LOKACIJE:<\/b><\/li>\n<\/ul>\n<p><b>INTELEKTUALNO SVOJSTVO<\/b><\/p>\n<p>Internetska stranica fitex.gr i sav njen originalni sadr\u017eaj ekskluzivno su intelektualno vlasni\u0161tvo fitex.gr i stoga su u potpunosti za\u0161ti\u0107eni Zakonom 2121\/1993 &#8222;O intelektualnoj svojini&#8220;, sa izmjenama i dopunama i danas na snazi \u200b\u200bi me\u0111unarodnim sporazumima potpisanim od strane Gr\u010dka. Sav sadr\u017eaj fitex.gr, uklju\u010duju\u0107i slike, grafiku, tekstove, pru\u017eene usluge i op\u0107enito sve datoteke ove web stranice, ne smiju biti u cijelosti ili djelomi\u010dno predmet reprodukcije, reemitovanja, objavljivanja, prijenosa, modifikacije, prikaza ili bilo koje iskori\u0161tavanje sadr\u017eaja ili dijela ove stranice na bilo koji na\u010din. Svako kr\u0161enje ovih prava na bilo koji na\u010din povla\u010di za sobom odgovornosti i kazne definisane zakonom.<\/p>\n<p>&nbsp;<\/p>\n<p><b>ISTEK<\/b><\/p>\n<p>fitex.gr zadr\u017eava pravo da posjetitelju\/korisniku ukine pristup web stranici, bez ikakvog upozorenja.<\/p>\n<p><b>KORISNI\u010cKA ETIKA<\/b><\/p>\n<p>Obostrano je dogovoreno i razumljivo da su sve informacije, podaci, tekstovi, grafike, fotografije, slike, muzi\u010dki fajlovi, video zapisi, poruke i op\u0107enito bilo koji sadr\u017eaj, bilo da su postavljeni od strane korisnika javno na web stranici Fitexa, preneseni privatno putem usluge, ostaje isklju\u010diva odgovornost fizi\u010dkog ili pravnog lica iz kojeg poti\u010de. Stoga je svaki korisnik isklju\u010divo odgovoran za sav sadr\u017eaj koji objavi, objavi, po\u0161alje, prenese ili na drugi na\u010din u\u010dini dostupnim putem usluga fitex.gr.<\/p>\n<p>Web stranica fitex.gr zadr\u017eava pravo poduzimanja mjera za sprje\u010davanje i rje\u0161avanje bilo koje vrste uvredljivih objava, me\u0111utim korisnik potvr\u0111uje i prihva\u0107a da zbog koli\u010dine podataka sav sadr\u017eaj objavljen na uslugama web stranice fitex.gr ne mo\u017ee provjeriti . Web stranica fitex.gr se ne mo\u017ee smatrati odgovornom za ovo ili za bilo koju gre\u0161ku ili propust u bilo kojem sadr\u017eaju ili za bilo kakvu \u0161tetu ili \u0161tetu koja mo\u017ee nastati kori\u0161tenjem bilo kojeg sadr\u017eaja koji je postavljen, poslan, preno\u0161en ili na drugi na\u010din dostupan od strane posjetitelja\/korisnika of fitex.gr. Posjetilac\/korisnik razumije i prihva\u0107a da kori\u0161tenjem usluga web stranice fitex.gr mo\u017ee biti izlo\u017een uvredljivom, nemoralnom ili nezakonitom sadr\u017eaju.<\/p>\n<p>Posjetilac\/korisnik se sla\u017ee da ne\u0107e koristiti usluge fitex.gr i prihva\u0107a punu i isklju\u010divu odgovornost u pogledu sljede\u0107eg:<\/p>\n<ol class=\"ol1\">\n<li class=\"li4\">Objavljivanje, postavljanje, slanje, prijenos ili kori\u0161tenje bilo koje druge metode za instaliranje sadr\u017eaja koji je nezakonit, \u0161tetan, prijete\u0107i, uvredljiv, \u0161tetan, klevetni\u010dki, vulgaran, nasilan, uvredljiv, rasisti\u010dki ili na drugi na\u010din nepo\u017eeljan, kr\u0161i osobnost i li\u010dni podaci drugih, sva prava intelektualnog vlasni\u0161tva bilo kojeg subjekta i izazivaju osje\u0107aj mr\u017enje, i\/ili bilo koje drugo konstituisano krivi\u010dno djelo i bilo koji drugi oblik ne\u017eeljene promocije sadr\u017eaja, kao i sadr\u017eaja koji sadr\u017ei digitalne viruse ili bilo koji drugi elektronski kod , datoteke ili programi dizajnirani da ometaju, uni\u0161te ili ograni\u010de rad bilo kojeg kompjuterskog softvera ili opreme ili telekomunikacione opreme.<\/li>\n<li class=\"li4\">Nano\u0161enje \u0161tete maloljetnicima na bilo koji na\u010din.<\/li>\n<li class=\"li4\">La\u017eno predstavljanje bilo koje pravne ili fizi\u010dke osobe ili la\u017ena izjava o identitetu korisnika\/\u010dlana ili obmanjuju\u0107a izjava u vezi sa odnosom i\/ili saradnjom korisnika\/\u010dlana sa drugim pravnim ili fizi\u010dkim licem.&lt;\/ li &gt;<\/li>\n<li class=\"li4\">Falsifikovanje ili druga izmjena identifikatora korisnika\/\u010dlana, u cilju dovo\u0111enja u zabludu o porijeklu sadr\u017eaja koji se prenosi putem usluga web stranice fitex.gr.<\/li>\n<li class=\"li4\">Objavljivanje, postavljanje, slanje, prijenos ili kori\u0161tenje druge metode za instaliranje sadr\u017eaja od strane osobe koja nema pravo da taj sadr\u017eaj u\u010dini dostupnim po zakonu ili na osnovu povjerljivog odnosa.<\/li>\n<li class=\"li4\">Ometanje usluga ili ometanje usluga ili servera ili mre\u017ea povezanih sa uslugama web stranice fitex.gr, ili nepo\u0161tivanje uslova, procedura i pravila kori\u0161tenja ovih mre\u017ea.&lt;\/li &gt;<\/li>\n<li class=\"li4\">Kr\u0161enje, sa ili bez namjere, bilo kojeg lokalnog, nacionalnog, evropskog, me\u0111unarodnog zakonodavstva i\/ili bilo kojeg pravila koje ima zakonodavnu snagu i zabrinutost i\/ili pokriva bilo koju uslugu web stranice fitex.gr.&lt; \/li class=&#8220;li4&#8243;&gt; li&gt;<\/li>\n<\/ol>\n<p>Posjetilac\/korisnik razumije i prihva\u0107a da web stranica fitex.gr ne provjerava unaprijed sadr\u017eaj, ali da web stranica i njeni relevantni partneri zadr\u017eavaju pravo (a ne obavezu) isklju\u010dive opcije odbijanja objavljivanja\/objavljivanja ili premje\u0161tanja ili izbrisati bilo koji sadr\u017eaj dostupan putem njegovih usluga. Tako\u0111er, web stranica fitex.gr i njeni relevantni partneri zadr\u017eavaju pravo brisanja bez prethodne najave bilo kojeg sadr\u017eaja koji kr\u0161i ove uslove kori\u0161tenja.<\/p>\n<p><b>ZA\u0160TITA MALOLETNIKA<\/b><\/p>\n<p>Posetiocima\/korisnicima fitex.gr koji su maloletnici nije dozvoljen pristup uslugama fitex.gr koje se mogu smatrati neprikladnim za maloletne osobe i koje fitex.gr ne mo\u017ee kontrolisati. U slu\u010daju da maloljetni korisnici dobrovoljno posjete stranice sa neprikladnim\/uvredljivim\/nemoralnim materijalom i koje se ne mogu kontinuirano kontrolirati, fitex.gr nije odgovoran.<\/p>\n<p>Web stranica fitex.gr nije odgovorna za bilo kakvu \u0161tetu ili \u0161tetu nastalu zbog nemara posjetitelja\/korisnika da se pridr\u017eavaju ovdje navedenih uslova.<\/p>\n<p>Web stranica fitex.gr zadr\u017eava pravo, ako sazna za bilo \u0161ta od gore navedenog, da deaktivira bilo koji takav ra\u010dun, bez ikakvog upozorenja korisnika.<\/p>\n<p>&nbsp;<\/p>\n<p><span class=\"s3\"><b> PRIKUPLJANJE I KORI\u0160TENJE PODATAKA<\/b><\/span><br \/>\nInternet stranica fitex.gr zadr\u017eava pravo prikupljanja osobnih podataka prilikom posjete korisnika stranici, njegove registracije na web stranici, kao i u vezi sa drugim aktivnostima i uslugama dostupnim na web stranici. Prilikom registracije ili kori\u0161\u0107enja usluga korisnika na fitex.gr, mo\u017ee se zatra\u017eiti Ime, Prezime, Ulica, Broj, Grad, Po\u0161tanski broj, Telefon, Godina ro\u0111enja, Zanimanje, Email adresa (e-mail) od slu\u010daja do -osnova slu\u010daja. Korisnici, me\u0111utim, zadr\u017eavaju pravo da anonimno posjete web stranicu fitex.gr. Prikupljanje li\u010dnih podataka korisnika odvija se samo ako su oni dobrovoljno dostavljeni na web stranicu. Korisnici uvijek zadr\u017eavaju pravo da odbiju davanje li\u010dnih podataka, prihvataju\u0107i, me\u0111utim, mogu\u0107nost daljeg pristupa odre\u0111enim uslugama web stranice.<\/p>\n<p>Podaci dati prilikom registracije ili kori\u0161tenja korisni\u010dkih usluga na web stranici fitex.gr ne mogu se prodavati ili davati bilo kojoj tre\u0107oj strani bez pismene dozvole korisnika, osim ako to ne zahtijeva zakon.<\/p>\n<p><span class=\"s4\"><b><br \/>\n<\/b><\/span><b>&#8222;LINKOVI&#8220;<\/b><\/p>\n<p>Internet stranica fitex.gr mo\u017ee sadr\u017eavati niz veza ka drugim web stranicama i resursima koji nisu u njenom vlasni\u0161tvu ili pod kontrolom.<\/p>\n<p>Web stranica fitex.gr nema kontrolu, pa stoga ne mo\u017ee preuzeti odgovornost za sadr\u017eaj ili op\u0107u praksu drugih web stranica i web stranica na koje se odnosi putem &#8222;linkova&#8220;, hiperlinkova ili reklamnih kreativa. Stoga, korisnik potvr\u0111uje da za svaki problem koji mo\u017ee nastati prilikom posjete ili kori\u0161tenja usluga drugih web stranica, mora se obratiti direktno odgovaraju\u0107im web stranicama i stranicama, koje snose punu odgovornost za pru\u017eanje svojih usluga.<\/p>\n<p>&nbsp;<\/p>\n<p><b>OGRANI\u010cENJE ODGOVORNOSTI<\/b><\/p>\n<p>S obzirom na prirodu i obim interneta, ni pod kojim okolnostima, uklju\u010duju\u0107i slu\u010daj nemara, web stranica fitex.gr nije odgovorna za bilo koji oblik \u0161tete koju je pretrpio posjetitelj\/korisnik njegovih stranica, usluga, opcija i sadr\u017eaja koji postupa na vlastitu inicijativu. Njegov sadr\u017eaj je dat &#8222;kao \u0161to jeste&#8220; bez garancije bilo koje vrste, bilo izra\u017eene ili implicirane. U najve\u0107oj mjeri dopu\u0161tenoj zakonom, web stranica se odri\u010de svih garancija, izri\u010ditih ili impliciranih, uklju\u010duju\u0107i, ali ne ograni\u010davaju\u0107i se na, one u vezi s prodajom i prikladnosti za odre\u0111enu svrhu.<\/p>\n<p>fitex.gr ne garantuje da \u0107e stranice, usluge, opcije i sadr\u017eaji biti pru\u017eeni bez prekida, bez gre\u0161aka i da \u0107e gre\u0161ke biti ispravljene. Tako\u0111er, fitex.gr nije odgovoran za bilo kakvu \u0161tetu koja mo\u017ee nastati tijekom kori\u0161tenja (ili nemogu\u0107nosti kori\u0161tenja) web stranice ili hiperlinkova sadr\u017eanih na njoj, za \u0161tete koje mogu nastati zbog bilo kakvih nedostataka ili &#8222;virusa&#8220; ili drugih potencijalno \u0161tetnih komponenti u web stranicu ili bilo koju drugu srodnu web stranicu ili servere putem kojih su stavljeni na raspolaganje korisnicima kao i za bilo koju drugu \u0161tetu i tro\u0161kove fitex.gr ni pod kojim okolnostima ne jam\u010di za ispravnost, potpunost ili dostupnost sadr\u017eaja, stranica, usluga, opcija ili njihove rezultate. Tro\u0161kove bilo kakvih ispravki ili usluga snosi posjetitelj\/korisnik, a ni u kojem slu\u010daju ova web stranica.<\/p>\n<p><b>KOLA\u010cI\u0106I<\/b><\/p>\n<p>Web stranica fitex.gr mo\u017ee koristiti &#8222;kola\u010di\u0107e&#8220; za pobolj\u0161anje korisni\u010dkog iskustva. Kola\u010di\u0107i su male tekstualne datoteke koje se pohranjuju na hard disk kako bi se posjetitelju\/korisniku olak\u0161ao pristup odre\u0111enim uslugama fitex.gr i iz statisti\u010dkih razloga kako bi se utvrdila podru\u010dja u kojima su usluge fitex.gr korisne ili popularne ili za marketin\u0161ki razlozi. Korisnik mo\u017ee izabrati da podesi svoj server (web pretra\u017eiva\u010d) tako da ni pod kojim okolnostima ne dozvoli prihvatanje upotrebe kola\u010di\u0107a ili da bude obave\u0161ten kada se kola\u010di\u0107i po\u0161alju. U slu\u010daju da posjetitelj\/korisnik odre\u0111enih usluga i stranica fitex.gr ne \u017eeli koristiti kola\u010di\u0107e, prihva\u0107a da vi\u0161e ne\u0107e imati pristup odre\u0111enim uslugama web stranice.<\/p>\n<p><b>ODDRICANJE INFORMACIJA\/SAVJETA<\/b><\/p>\n<p>Sadr\u017eaj i informacije sadr\u017eane na web stranici fitex.gr predstavljaju ponudu posjetitelju\/korisniku i op\u0107enito zajednici korisnika interneta i naravno ne mogu se smatrati valjanom informacijom i\/ili savjetom niti prikrivaju bilo kakvo tra\u017eenje za kompaniju ili nespecifi\u010dne radnje. Web stranica ni pod kojim uvjetima ne jam\u010di potpunost, potpunost, primjerenost i op\u0107enito primjerenost svog sadr\u017eaja i odsustvo mogu\u0107ih gre\u0161aka, posebno zbog svog posebno velikog obima, kao i u\u010de\u0161\u0107a tre\u0107ih strana (prirodnih ili pravnih). entiteta) tokom njegove primarne proizvodnje i prikupljanja. Stoga posjetitelji\/korisnici stranice, koriste\u0107i njene usluge na vlastitu inicijativu, preuzimaju relevantnu odgovornost unakrsne provjere datih informacija.<\/p>\n<p>Web stranica fitex.gr nije u mogu\u0107nosti provjeriti ove informacije i ne jam\u010di ta\u010dnost informacija koje su dale tre\u0107e strane.<br \/>\n<span class=\"s3\"><b>VREDNO PRAVO<\/b><\/span><\/p>\n<p>Gore navedeni uslovi i odredbe kori\u0161tenja web stranice fitex.gr, kao i sve njihove izmjene, reguliraju se i dopunjuju gr\u010dkim zakonom, pravom Evropske unije i relevantnim me\u0111unarodnim ugovorima, te nadle\u017enim sudovima za rje\u0161avanje bilo kojeg spora su definisani kao Atinski sudovi. Svaka odredba gore navedenih uslova koja postane suprotna zakonu, automatski prestaje da va\u017ei, a da ni na koji na\u010din ne uti\u010de na valjanost ostalih uslova.<\/p>\n<p>Ovo predstavlja cjelokupni ugovor izme\u0111u web stranice i posjetitelja\/korisnika njegovih stranica i usluga i samo ih obavezuje. Pretpostavlja se da korisnik koji koristi ovu web stranicu i njene usluge bezuslovno prihva\u0107a ove uvjete, ako ne podnese zahtjev za prigovor.<\/p>\n<p>Upravljanje i za\u0161tita li\u010dnih podataka posjetitelja\/korisnika usluga stranice podlije\u017ee uvjetima ovog odjeljka, kao i relevantnim odredbama gr\u010dkog zakonodavstva (Zakon 2472\/1997 o za\u0161titi pojedinca i za\u0161titi li\u010dnih podataka, kao \u0161to je dopunjen odlukama predsjednika Komisije za za\u0161titu li\u010dnih podataka, predsjedni\u010dkim dekretima 207\/1998 i 79\/2000 i \u010dlanom 8 Zakona 2819\/2000, kao i zakonom 2774\/1999 i evropskim pravom (direktiva 95\/46 \/EZ i 97\/66\/EZ).<\/p>\n<p><b>Promjene ovih Uslova kori\u0161tenja<\/b><\/p>\n<p>Internetska stranica fitex.gr zadr\u017eava pravo izmjene ovih uvjeta kori\u0161tenja u bilo kojem trenutku nakon takvih promjena preporu\u010duje formalno prihva\u0107anje novih uvjeta kori\u0161tenja web stranice.<\/p>\n<p>Stoga se od korisnika tra\u017ei da povremeno provjerava ove uslove za takve promjene. U slu\u010daju da se ne sla\u017eete s bilo kojom odredbom ovih uvjeta ili bilo kakvim promjenama u njima, zadr\u017eavate pravo da se suzdr\u017eite od daljnjeg pristupa ili kori\u0161tenja web stranice fitex.gr.<\/p>\n<p>&nbsp;<\/p>\n<ul class=\"ul1\">\n<li class=\"li3\"><b><\/b><b>USLOVI PRODAJE<\/b><\/li>\n<\/ul>\n<p>&nbsp;<\/p>\n<p><b>PRIMJENA USLOVA PRODAJE \u2013 UGOVOR<\/b><\/p>\n<p>Uvjeti prodaje predstavljaju ugovor izme\u0111u web stranice fitex.gr i korisnika. Slanjem narud\u017ebe Korisnika za kupovinu proizvoda sa fitex.gr, Korisnik izra\u017eava svoju namjeru da kupi proizvode, \u0161to \u0107e fitex.gr prihvatiti slanjem relevantnog e-maila za potvrdu prijema narud\u017ebe i pru\u017eanjem informacija u vezi po narud\u017ebi.<\/p>\n<p>fitex.gr zadr\u017eava vlasni\u0161tvo nad robom do pune uplate od strane kupca i prijema uplate od strane fitex.gr.<\/p>\n<p>Prihvatanje Uvjeta prodaje podrazumijeva njihovu primjenu u cijelosti i na svaku registriranu narud\u017ebu na web stranici fitex.gr. Slanje narud\u017ebe nakon takvih promjena predstavlja formalno prihvatanje novih uslova prodaje fitex.gr.<\/p>\n<p>Web stranica fitex.gr zadr\u017eava pravo izmjene ovih uvjeta prodaje u bilo kojem trenutku, stoga se od korisnika tra\u017ei da povremeno provjeravaju ove uslove radi takvih promjena.<\/p>\n<p>&nbsp;<\/p>\n<p><b>OPIS &amp; DOSTUPNOST PROIZVODA<\/b><\/p>\n<p>Proizvodi za prodaju su opisani i predstavljeni na najdetaljniji mogu\u0107i na\u010din. Korisnik je isklju\u010divo odgovoran za odabir i kupovinu proizvoda te se obvezuje da \u0107e prije slanja narud\u017ebe biti informiran o njihovim osnovnim karakteristikama. Web stranica fitex.gr ne snosi odgovornost za bilo kakve varijacije u vezi s prezentacijom proizvoda. Tako\u0111er ne postoji politika povrata proizvoda koje je korisnik kupio.<\/p>\n<p>Proizvodi prikazani na web stranici dostupni su do isteka zaliha. U slu\u010daju nedostupnosti proizvoda, Korisnik \u0107e biti obavije\u0161ten putem e-maila putem web stranice fitex.gr.<\/p>\n<p><span class=\"s3\"><b>CIJENE PROIZVODA<\/b><\/span><\/p>\n<p>Cijene su u eurima i uklju\u010duju 24% PDV osim ako nije druga\u010dije navedeno. U slu\u010daju promjene stope PDV-a, promjena se ura\u010dunava u cijenu proizvoda bez prethodnog obavje\u0161tavanja Korisnika.<\/p>\n<p>Cijene ne uklju\u010duju tro\u0161kove dostave, koje snosi isklju\u010divo korisnik i razlikuju se ovisno o mjestu isporuke i iznosu narud\u017ebe.<\/p>\n<p>&nbsp;<\/p>\n<p><b>KREIRAJTE RA\u010cUN<\/b><\/p>\n<p>Prije prve narud\u017ebe, korisnik \u0107e morati kreirati korisni\u010dki ra\u010dun popunjavanjem obrasca za registraciju sa sljede\u0107im podacima: email adresa, prezime, ime, datum ro\u0111enja, potpuna adresa za dostavu, broj telefona. U ovom trenutku, Korisnik kreira svoju lozinku za nalog, koja je li\u010dna i mo\u017ee je koristiti samo on. Ni pod kojim okolnostima se ne smije dijeliti ili otkrivati \u200b\u200btre\u0107im licima.<\/p>\n<p>Slanjem narud\u017ebe i kreiranjem naloga Korisnik se obavezuje da \u0107e mo\u0107i kupovati proizvode sa web stranice fitex.gr. Nadalje, Korisnik se obavezuje da \u0107e dati potpune i ta\u010dne informacije. Svako la\u017eno predstavljanje ili la\u017eno predstavljanje mo\u017ee dovesti do ukidanja naloga i krivi\u010dnog gonjenja. Vi\u0161estruki unosi, kori\u0161tenje ra\u010duna od strane drugih osoba ili druge prijevarne radnje mogu dovesti do deaktivacije ra\u010duna.<\/p>\n","protected":false},"excerpt":{"rendered":"<p>A. Uslovi kori\u0161tenja web stranice fitex.gr PREDGOVOR Molimo pa\u017eljivo pro\u010ditajte sljede\u0107e Uslove kori\u0161tenja usluge. Posjetilac\/korisnik stranica web stranice fitex.gr razumije i prihva\u0107a da su sve stranice\/usluge pru\u017eene \u201ekao \u0161to jesu\u201c (kao \u0161to jesu) i fitex.gr se odri\u010de svake odgovornosti u vezi s ograni\u010denim trajanjem, brisanjem, lo\u0161im radom ili nemogu\u0107nost elektroni\u010dkog pohranjivanja bilo kakvih korisni\u010dkih podataka [&#8230;]\n","protected":false},"author":1,"featured_media":0,"parent":0,"menu_order":0,"comment_status":"closed","ping_status":"closed","template":"","meta":{"footnotes":""},"class_list":["post-1200","page","type-page","status-publish","hentry"],"_links":{"self":[{"href":"https:\/\/fitex.gr\/sr\/wp-json\/wp\/v2\/pages\/1200","targetHints":{"allow":["GET"]}}],"collection":[{"href":"https:\/\/fitex.gr\/sr\/wp-json\/wp\/v2\/pages"}],"about":[{"href":"https:\/\/fitex.gr\/sr\/wp-json\/wp\/v2\/types\/page"}],"author":[{"embeddable":true,"href":"https:\/\/fitex.gr\/sr\/wp-json\/wp\/v2\/users\/1"}],"replies":[{"embeddable":true,"href":"https:\/\/fitex.gr\/sr\/wp-json\/wp\/v2\/comments?post=1200"}],"version-history":[{"count":0,"href":"https:\/\/fitex.gr\/sr\/wp-json\/wp\/v2\/pages\/1200\/revisions"}],"wp:attachment":[{"href":"https:\/\/fitex.gr\/sr\/wp-json\/wp\/v2\/media?parent=1200"}],"curies":[{"name":"wp","href":"https:\/\/api.w.org\/{rel}","templated":true}]}}