{"id":1178,"date":"2023-12-01T00:08:16","date_gmt":"2023-11-30T22:08:16","guid":{"rendered":"https:\/\/fitex.gr\/?page_id=1178"},"modified":"2024-10-06T22:27:38","modified_gmt":"2024-10-06T19:27:38","slug":"licni-podaci","status":"publish","type":"page","link":"https:\/\/fitex.gr\/sr\/licni-podaci\/","title":{"rendered":"Li\u010dni podaci"},"content":{"rendered":"<p><strong>Li\u010dni podaci<\/strong><br \/>\n\u041aompanija je kreirala ovu veb stranicu sa jedinom svrhom da slu\u017ei svojim klijentima.<br \/>\nVeb stranica je jednostavna i prijateljska za kori\u0161\u0107enje,a dizajnirana je da zadovolji specifi\u010dne potrebe svakog korisnika.<br \/>\nDa bismo vam najbolje slu\u017eili, va\u017eno je da vi, na\u0161 kupac, razumete da nam morate dati odre\u0111ene informacije vezane za obradu va\u0161e porud\u017ebine koje \u010duvamo kod nas.<\/p>\n<p>Ova Izjava o privatnosti i prilo\u017eeni Uslovi kori\u0161\u0107enja ove veb stranice opisuju na\u010din prikupljanja podataka sa veb stranice, upotrebu ovih podataka od strane nas i uslove kori\u0161\u0107enja ove veb stranice.<br \/>\nOva Izjava o privatnosti odnosi se isklju\u010divo na va\u0161e li\u010dne podatke koje nam dajete prilikom naru\u010divanja na ovoj veb stranici.<\/p>\n<p><strong>Generalno<\/strong><br \/>\nInformacije koje korisnici pomenutog sajta dobrovoljno daju koriste prodavnica, kako bi njeni korisnici imali direktnu i sadr\u017eajnu komunikaciju sa prodavnicom, da bi im pru\u017eili odgovore na konkretna pitanja koja postavljaju i na kraju da bi uslu\u017eili i izvr\u0161ili narud\u017ebine.<br \/>\nnjihov.<br \/>\nInformacije koje prodavnica prikuplja preko veb stranice imaju za cilj da izmere njen broj skalabilnosti, da odrede zahteve kupaca za vi\u0161e proizvoda i da olak\u0161aju transakcije sa kompanijom.<br \/>\nProdavnica ne distribuira bilo kojoj drugoj organizaciji ili partneru koji nije povezan sa njom, elektronske adrese, niti bilo koje druge informacije koje se ti\u010du njenih korisnika i kupaca.<\/p>\n<p><strong>Prikupljanje informacija<\/strong><br \/>\nProdavnica je dizajnirala svoju veb stranicu tako da njeni korisnici mogu da je posete bez potrebe da otkriju svoj identitet osim ako to ne \u017eele.<br \/>\nOd posetilaca na\u0161e veb stranice se tra\u017ei da nam dostave svoje li\u010dne podatke samo ako \u017eele da naru\u010de proizvod(e), da se registruju na na\u0161oj veb stranici i\/ili da po\u0161alju e-po\u0161tu prodavnici.<\/p>\n<p><strong>\u041aori\u0161\u0107enje informacija.<\/strong><br \/>\nProdavnica prikuplja \u010detiri vrste informacija o korisnicima:<br \/>\n(1) podatke koje nam korisnik daje prilikom registracije kao kupca<br \/>\n(2) podatke koje nam korisnik daje da bi izvr\u0161io svoj nalog iz prodavnice<br \/>\n(3) informacije koje nam korisnik daje u konkursnim prijavama koje se odr\u017eavaju s vremena na vreme; Prilikom popunjavanja bilo kog obrasca za porud\u017ebinu na na\u0161oj veb stranici, od vas \u0107e se mo\u017eda tra\u017eiti va\u0161e puno<br \/>\nime, adresa, po\u0161tanski broj va\u0161eg podru\u010dja, adresa e-po\u0161te, broj telefona, podaci o kreditnoj kartici, na\u010din pla\u0107anja za porud\u017ebinu.<\/p>\n<p>Pored toga, od vas \u0107e se mo\u017eda tra\u017eiti konkretnije informacije, kao \u0161to su informacije o isporuci i isporuci za porud\u017ebinu, informacije o obra\u010dunu ili detalji o ponudi koju ste tra\u017eili.<br \/>\nProdavnica koristi informacije koje nam date tokom onlajn podno\u0161enja obrasca kako bi vas kontaktirala<br \/>\n(i) isporuku porud\u017ebine na va\u0161u lokaciju;<br \/>\n(ii) da potvrdi i identifikuje kupca kad god je to potrebno<br \/>\n(iii) za nove ili alternativne proizvode koje nudi prodavnica<br \/>\n(iv) \u010duva posebne ponude<br \/>\n(v) primanje nagrada nakon izvla\u010denja. Mo\u017eete izabrati da li \u017eelite da primate takve komunikacije od prodavnice slanjem zahteva putem e-po\u0161te na na\u0161u adresu e-po\u0161te.<\/p>\n<p><strong>Pristup informacijama.<\/strong><br \/>\nSvaka obrada porud\u017ebine zahteva prikupljanje li\u010dnih podataka za isporuku ili rezervisanje porud\u017ebine.<br \/>\nTako\u0111e, u svakom slu\u010daju je zagarantovano kori\u0161\u0107enje kreditne kartice, za \u010diju naplatu su prvi i jedini put potrebna li\u010dna dokumenta pravnog vlasnika.<br \/>\nDavanje va\u0161ih li\u010dnih podataka od vas zna\u010di da pristajete da se ovi podaci koriste iz gore navedenih razloga.<br \/>\nVeb lokacija ne mo\u017ee deliti va\u0161e li\u010dne podatke sa drugima bez va\u0161eg prethodnog pristanka, osim ako se to ne zahteva pravnim putem. Imajte na umu da pod odre\u0111enim uslovima dozvoljenim ili zahtevanim zakonom ili sudskim nalogom, prikupljanje, kori\u0161\u0107enje i otkrivanje va\u0161ih li\u010dnih podataka prikupljenih na mre\u017ei bez va\u0161eg prethodnog pristanka (na primer u slu\u010daju sudskog naloga).<\/p>\n<p><strong>\u041aola\u010di\u0107i<\/strong><br \/>\nVeb lokacija ima mogu\u0107nost da koristi kola\u010di\u0107e kao deo olak\u0161avanja i rada usluga preko svoje veb stranice.<br \/>\n\u041aola\u010di\u0107i su male datoteke (tekstualne datoteke), koje se \u0161alju i \u010duvaju na ra\u010dunaru korisnika, omogu\u0107avaju\u0107i veb lokacijama da funkcioni\u0161u neometano i bez tehni\u010dkih anomalija, da prikupljaju vi\u0161e korisni\u010dkih opcija, da prepoznaju \u010deste korisnike, da im olak\u0161aju pristup u njemu i da prikupljanje podataka za pobolj\u0161anje sadr\u017eaja veb stranice.<br \/>\n\u041aola\u010di\u0107i ne o\u0161te\u0107uju ra\u010dunare korisnika ili datoteke koje se na njima \u010duvaju.<br \/>\n\u041aoristimo kola\u010di\u0107e da bismo vam pru\u017eili informacije i obradili va\u0161e porud\u017ebine, dok se oni automatski bri\u0161u svaki put kada napustite sajt.<br \/>\nMorate imati na umu da su kola\u010di\u0107i apsolutno neophodni da bi na\u0161a veb lokacija funkcionisala ispravno i besprekorno.<br \/>\nIspravljanje, izmena ili brisanje informacija<br \/>\nVeb stranica omogu\u0107ava svojim korisnicima da ispravljaju, menjaju, dopunjuju ili bri\u0161u dostavljene podatke i informacije.<br \/>\nPromena ili ispravka va\u0161ih li\u010dnih podataka mo\u017ee se izvr\u0161iti i putem stranice za registraciju na na\u0161oj veb stranici. Imajte na umu da \u0107emo se potruditi da za\u0161titimo va\u0161e li\u010dne podatke, ali za\u0161tita va\u0161e lozinke na na\u0161oj veb stranici tako\u0111e zavisi od vas.<\/p>\n<p><strong>Sigurnost transakcije<\/strong><br \/>\nVeb lokacija je posve\u0107ena obezbe\u0111ivanju bezbednosti i integriteta podataka koje prikuplja o korisnicima svoje veb stranice.<br \/>\nSajt ima usvojene procedure koje \u0161tite li\u010dne podatke koje korisnici iznose na njegovoj veb stranici ili im pru\u017eaju na bilo koji drugi na\u010din (npr. telefonom).<br \/>\nOve procedure \u0161tite korisni\u010dke podatke od bilo kakvog neovla\u0161\u0107enog pristupa ili otkrivanja, gubitka ili zloupotrebe, i izmene ili uni\u0161tenja.<br \/>\nOni tako\u0111e poma\u017eu da se osigura da su ove informacije ta\u010dne i da se pravilno koriste. Va\u0161a veza sa njim je bezbedna jer koristi SSL (Secure Socket Laier) tehnologiju.<\/p>\n<p><strong>Periodi\u010dne promene<\/strong><br \/>\n\u041aako se veb lokacija \u0161iri, a\u017eurira i pobolj\u0161ava svoju veb lokaciju i srodne proizvode i usluge, ona \u0107e tako\u0111e a\u017eurirati ovu politiku.<br \/>\nPreporu\u010dujemo vam da u redovnim intervalima \u010ditate ovu proceduru, kako biste bili informisani o svim promenama u sadr\u017eaju ove politike za\u0161tite podataka o li\u010dnosti.<br \/>\nOva politika \u0107e se s vremena na vreme menjati bez prethodnog obave\u0161tenja korisnika.<\/p>\n<p><strong>Prihvatanje procedura za za\u0161titu privatnosti veb lokacije<\/strong><br \/>\nAko koristite ovu veb stranicu, prihvatate i saglasni ste sa ovom Izjavom o privatnosti, kao i sa uslovima kori\u0161\u0107enja veb stranice koji su objavljeni putem nje.<\/p>\n","protected":false},"excerpt":{"rendered":"<p>Li\u010dni podaci \u041aompanija je kreirala ovu veb stranicu sa jedinom svrhom da slu\u017ei svojim klijentima. Veb stranica je jednostavna i prijateljska za kori\u0161\u0107enje,a dizajnirana je da zadovolji specifi\u010dne potrebe svakog korisnika. Da bismo vam najbolje slu\u017eili, va\u017eno je da vi, na\u0161 kupac, razumete da nam morate dati odre\u0111ene informacije vezane za obradu va\u0161e porud\u017ebine koje [&#8230;]\n","protected":false},"author":1,"featured_media":0,"parent":0,"menu_order":0,"comment_status":"closed","ping_status":"open","template":"","meta":{"footnotes":""},"class_list":["post-1178","page","type-page","status-publish","hentry"],"_links":{"self":[{"href":"https:\/\/fitex.gr\/sr\/wp-json\/wp\/v2\/pages\/1178","targetHints":{"allow":["GET"]}}],"collection":[{"href":"https:\/\/fitex.gr\/sr\/wp-json\/wp\/v2\/pages"}],"about":[{"href":"https:\/\/fitex.gr\/sr\/wp-json\/wp\/v2\/types\/page"}],"author":[{"embeddable":true,"href":"https:\/\/fitex.gr\/sr\/wp-json\/wp\/v2\/users\/1"}],"replies":[{"embeddable":true,"href":"https:\/\/fitex.gr\/sr\/wp-json\/wp\/v2\/comments?post=1178"}],"version-history":[{"count":0,"href":"https:\/\/fitex.gr\/sr\/wp-json\/wp\/v2\/pages\/1178\/revisions"}],"wp:attachment":[{"href":"https:\/\/fitex.gr\/sr\/wp-json\/wp\/v2\/media?parent=1178"}],"curies":[{"name":"wp","href":"https:\/\/api.w.org\/{rel}","templated":true}]}}